{"id":514597,"date":"2026-02-19T15:01:31","date_gmt":"2026-02-19T14:01:31","guid":{"rendered":"https:\/\/2furn.be\/?post_type=product&#038;p=514597"},"modified":"2026-04-25T00:00:28","modified_gmt":"2026-04-24T22:00:28","slug":"lis-txxx","status":"publish","type":"product","link":"https:\/\/2furn.be\/fr\/product\/lis-txxx\/","title":{"rendered":"Lis T210-240"},"content":{"rendered":"<p>La Lis T210-240 est une \u00e9l\u00e9gante table de salle \u00e0 manger de forme ovale avec un pied araign\u00e9e. Dot\u00e9e d'un \u00e9l\u00e9gant pied matriciel, cette table se caract\u00e9rise par son aspect \u00e9pur\u00e9 et \u00e9l\u00e9gant. La base de cette \u00e9l\u00e9gante table de salle \u00e0 manger est un pied en bois.<span class=\"Apple-converted-space\">\u00a0<\/span><\/p>\n<p>La s\u00e9rie Lis pr\u00e9sente une finition fonc\u00e9e et une texture de bois bross\u00e9. Id\u00e9ale pour les int\u00e9rieurs modernes qui allient style et fonctionnalit\u00e9. Faites l'exp\u00e9rience d'une \u00e9l\u00e9gance intemporelle dans votre maison avec la collection exclusive de meubles Lis.<\/p>","protected":false},"excerpt":{"rendered":"<table>\n<tbody>\n<tr>\n<td width=\"110\"><\/td>\n<td width=\"300\"><\/td>\n<\/tr>\n<tr>\n<td width=\"110\">Mat\u00e9riel:<\/td>\n<td width=\"300\">Bois dur durable<\/td>\n<\/tr>\n<tr>\n<td width=\"110\">Couleur:<\/td>\n<td width=\"300\">Brun (Fonc\u00e9)<\/td>\n<\/tr>\n<tr>\n<td width=\"110\">Finition:<\/td>\n<td width=\"300\">Finition fonc\u00e9e<\/td>\n<\/tr>\n<\/tbody>\n<\/table>","protected":false},"featured_media":514600,"template":"","meta":{"_seopress_robots_primary_cat":"none","_seopress_titles_title":"Lis T210-240 | ovaalvormige eettafel met spinpoot","_seopress_titles_desc":"Elegante, ovaalvormige eettafel met spinpoot. Deze tafel is uitgevoerd met een stijlvolle matrix-poot, geborstelde houten structuur.","_seopress_robots_index":""},"product_brand":[],"product_cat":[55,54],"product_tag":[52,127,44],"class_list":{"0":"post-514597","1":"product","2":"type-product","3":"status-publish","4":"has-post-thumbnail","6":"product_cat-eettafel","7":"product_cat-tafels","8":"product_tag-design-meubelen","9":"product_tag-donkere-finish","10":"product_tag-moderne-meubels","12":"first","13":"instock","14":"taxable","15":"shipping-taxable","16":"purchasable","17":"product-type-variable"},"_links":{"self":[{"href":"https:\/\/2furn.be\/fr\/wp-json\/wp\/v2\/product\/514597","targetHints":{"allow":["GET"]}}],"collection":[{"href":"https:\/\/2furn.be\/fr\/wp-json\/wp\/v2\/product"}],"about":[{"href":"https:\/\/2furn.be\/fr\/wp-json\/wp\/v2\/types\/product"}],"version-history":[{"count":1,"href":"https:\/\/2furn.be\/fr\/wp-json\/wp\/v2\/product\/514597\/revisions"}],"predecessor-version":[{"id":514604,"href":"https:\/\/2furn.be\/fr\/wp-json\/wp\/v2\/product\/514597\/revisions\/514604"}],"wp:featuredmedia":[{"embeddable":true,"href":"https:\/\/2furn.be\/fr\/wp-json\/wp\/v2\/media\/514600"}],"wp:attachment":[{"href":"https:\/\/2furn.be\/fr\/wp-json\/wp\/v2\/media?parent=514597"}],"wp:term":[{"taxonomy":"product_brand","embeddable":true,"href":"https:\/\/2furn.be\/fr\/wp-json\/wp\/v2\/product_brand?post=514597"},{"taxonomy":"product_cat","embeddable":true,"href":"https:\/\/2furn.be\/fr\/wp-json\/wp\/v2\/product_cat?post=514597"},{"taxonomy":"product_tag","embeddable":true,"href":"https:\/\/2furn.be\/fr\/wp-json\/wp\/v2\/product_tag?post=514597"}],"curies":[{"name":"wp","href":"https:\/\/api.w.org\/{rel}","templated":true}]}}