{"id":513997,"date":"2025-06-14T00:25:02","date_gmt":"2025-06-13T22:25:02","guid":{"rendered":"https:\/\/2furn.be\/?post_type=product&#038;p=513997"},"modified":"2026-04-23T00:00:26","modified_gmt":"2026-04-22T22:00:26","slug":"brix-amy","status":"publish","type":"product","link":"https:\/\/2furn.be\/fr\/product\/brix-amy\/","title":{"rendered":"Brix Amy"},"content":{"rendered":"<p>La Brix Amy est une petite table d'appoint en verre et m\u00e9tal. Cette table a un plateau en verre et se caract\u00e9rise par son pied, id\u00e9al pour \u00eatre plac\u00e9 pr\u00e8s d'un canap\u00e9. La base de cette petite table d'appoint en verre est un pied en m\u00e9tal.<\/p>\n<p>La s\u00e9rie Brix Amy est disponible en finition beige ou noire. Id\u00e9ale pour les int\u00e9rieurs modernes qui allient style et fonctionnalit\u00e9. Faites l'exp\u00e9rience d'une \u00e9l\u00e9gance intemporelle dans votre maison avec la collection exclusive de meubles Brix Amy.<\/p>","protected":false},"excerpt":{"rendered":"<table>\n<tbody>\n<tr>\n<td width=\"110\"><\/td>\n<td width=\"300\"><\/td>\n<\/tr>\n<tr>\n<td width=\"110\">Mat\u00e9riel:<\/td>\n<td width=\"300\">M\u00e9tal + verre<\/td>\n<\/tr>\n<tr>\n<td width=\"110\">Couleur:<\/td>\n<td width=\"300\">Beige\/Noir<\/td>\n<\/tr>\n<tr>\n<td width=\"110\">Finition:<\/td>\n<td width=\"300\">Finition beige\/noir<\/td>\n<\/tr>\n<\/tbody>\n<\/table>","protected":false},"featured_media":513992,"template":"","meta":{"_seopress_robots_primary_cat":"none","_seopress_titles_title":"Cor S130 | salontafel met elegante uitstraling","_seopress_titles_desc":"Salontafel met een elegante uitstraling. Deze tafel is uitgevoerd met een stijlvolle U-poot en typeert zich door de strakke en elegante uitstraling.","_seopress_robots_index":""},"product_brand":[],"product_cat":[63,54],"product_tag":[131,52,44,129],"class_list":{"0":"post-513997","1":"product","2":"type-product","3":"status-publish","4":"has-post-thumbnail","6":"product_cat-bijzettafel","7":"product_cat-tafels","8":"product_tag-beige-finish","9":"product_tag-design-meubelen","10":"product_tag-moderne-meubels","11":"product_tag-zwarte-finish","13":"first","14":"onbackorder","15":"taxable","16":"shipping-taxable","17":"purchasable","18":"product-type-variable"},"_links":{"self":[{"href":"https:\/\/2furn.be\/fr\/wp-json\/wp\/v2\/product\/513997","targetHints":{"allow":["GET"]}}],"collection":[{"href":"https:\/\/2furn.be\/fr\/wp-json\/wp\/v2\/product"}],"about":[{"href":"https:\/\/2furn.be\/fr\/wp-json\/wp\/v2\/types\/product"}],"version-history":[{"count":0,"href":"https:\/\/2furn.be\/fr\/wp-json\/wp\/v2\/product\/513997\/revisions"}],"wp:featuredmedia":[{"embeddable":true,"href":"https:\/\/2furn.be\/fr\/wp-json\/wp\/v2\/media\/513992"}],"wp:attachment":[{"href":"https:\/\/2furn.be\/fr\/wp-json\/wp\/v2\/media?parent=513997"}],"wp:term":[{"taxonomy":"product_brand","embeddable":true,"href":"https:\/\/2furn.be\/fr\/wp-json\/wp\/v2\/product_brand?post=513997"},{"taxonomy":"product_cat","embeddable":true,"href":"https:\/\/2furn.be\/fr\/wp-json\/wp\/v2\/product_cat?post=513997"},{"taxonomy":"product_tag","embeddable":true,"href":"https:\/\/2furn.be\/fr\/wp-json\/wp\/v2\/product_tag?post=513997"}],"curies":[{"name":"wp","href":"https:\/\/api.w.org\/{rel}","templated":true}]}}