{"id":513868,"date":"2025-06-12T14:26:15","date_gmt":"2025-06-12T12:26:15","guid":{"rendered":"https:\/\/2furn.be\/?post_type=product&#038;p=513868"},"modified":"2026-04-23T00:00:27","modified_gmt":"2026-04-22T22:00:27","slug":"meg","status":"publish","type":"product","link":"https:\/\/2furn.be\/fr\/product\/meg\/","title":{"rendered":"Meg"},"content":{"rendered":"<p>La s\u00e9rie Meg est un fauteuil moderne \u00e0 l'allure \u00e9l\u00e9gante. Cette chaise de salle \u00e0 manger pr\u00e9sente un design moderne et se caract\u00e9rise par son dossier ouvert. La base de ce fauteuil moderne est un pied en m\u00e9tal.<\/p>\n<p>Id\u00e9al pour les int\u00e9rieurs modernes qui allient style et fonctionnalit\u00e9. Faites l'exp\u00e9rience d'une \u00e9l\u00e9gance intemporelle dans votre maison avec la collection exclusive de meubles Meg. Cette chaise de salle \u00e0 manger s'associe parfaitement \u00e0 notre collection de tables tendance.<\/p>","protected":false},"excerpt":{"rendered":"<table>\n<tbody>\n<tr>\n<td width=\"110\"><\/td>\n<td width=\"300\"><\/td>\n<\/tr>\n<tr>\n<td width=\"110\">Mat\u00e9riel:<\/td>\n<td width=\"300\">Tissu + m\u00e9tal<\/td>\n<\/tr>\n<tr>\n<td width=\"110\">Ch\u00e2ssis:<\/td>\n<td width=\"300\">Pied m\u00e9tall<\/td>\n<\/tr>\n<tr>\n<td width=\"110\">Largeur:<\/td>\n<td width=\"300\">58 cm (Z:44)<\/td>\n<\/tr>\n<tr>\n<td width=\"110\">Hauteur:<\/td>\n<td width=\"300\">85 cm (Z:51 | A :)<\/td>\n<\/tr>\n<tr>\n<td width=\"110\">Profondeur:<\/td>\n<td width=\"300\">62 cm (Z:44)<\/td>\n<\/tr>\n<\/tbody>\n<\/table>\n<p>&nbsp;<\/p>","protected":false},"featured_media":513623,"template":"","meta":{"_seopress_robots_primary_cat":"none","_seopress_titles_title":"Meg | moderne armstoel met stijlvolle uitstraling","_seopress_titles_desc":"Moderne armstoel met een stijlvolle uitstraling. Deze eetkamerstoel is uitgevoerd met een modern design en open design rugleuning.","_seopress_robots_index":""},"product_brand":[],"product_cat":[86,56],"product_tag":[52,78,44],"class_list":{"0":"post-513868","1":"product","2":"type-product","3":"status-publish","4":"has-post-thumbnail","6":"product_cat-eetkamerstoelen","7":"product_cat-stoelen","8":"product_tag-design-meubelen","9":"product_tag-metaal","10":"product_tag-moderne-meubels","12":"first","13":"instock","14":"taxable","15":"shipping-taxable","16":"purchasable","17":"product-type-variable"},"_links":{"self":[{"href":"https:\/\/2furn.be\/fr\/wp-json\/wp\/v2\/product\/513868","targetHints":{"allow":["GET"]}}],"collection":[{"href":"https:\/\/2furn.be\/fr\/wp-json\/wp\/v2\/product"}],"about":[{"href":"https:\/\/2furn.be\/fr\/wp-json\/wp\/v2\/types\/product"}],"version-history":[{"count":0,"href":"https:\/\/2furn.be\/fr\/wp-json\/wp\/v2\/product\/513868\/revisions"}],"wp:featuredmedia":[{"embeddable":true,"href":"https:\/\/2furn.be\/fr\/wp-json\/wp\/v2\/media\/513623"}],"wp:attachment":[{"href":"https:\/\/2furn.be\/fr\/wp-json\/wp\/v2\/media?parent=513868"}],"wp:term":[{"taxonomy":"product_brand","embeddable":true,"href":"https:\/\/2furn.be\/fr\/wp-json\/wp\/v2\/product_brand?post=513868"},{"taxonomy":"product_cat","embeddable":true,"href":"https:\/\/2furn.be\/fr\/wp-json\/wp\/v2\/product_cat?post=513868"},{"taxonomy":"product_tag","embeddable":true,"href":"https:\/\/2furn.be\/fr\/wp-json\/wp\/v2\/product_tag?post=513868"}],"curies":[{"name":"wp","href":"https:\/\/api.w.org\/{rel}","templated":true}]}}