{"id":513804,"date":"2025-06-10T19:12:44","date_gmt":"2025-06-10T17:12:44","guid":{"rendered":"https:\/\/2furn.be\/?post_type=product&#038;p=513804"},"modified":"2026-04-23T00:00:24","modified_gmt":"2026-04-22T22:00:24","slug":"kal-s3z","status":"publish","type":"product","link":"https:\/\/2furn.be\/fr\/product\/kal-s3z\/","title":{"rendered":"Kal S3Z"},"content":{"rendered":"<p>Le Kal S3 est un ensemble de 3 tables basses ou tables d'appoint rondes noires. Ces tables ont un plateau rond. La base de ces tables basses rondes noires est un pied en m\u00e9tal.<\/p>\n<p>La s\u00e9rie Kal est r\u00e9alis\u00e9e en finition noire. Id\u00e9ale pour les int\u00e9rieurs branch\u00e9s qui allient style et fonctionnalit\u00e9. Faites l'exp\u00e9rience du design industriel dans votre maison avec la collection exclusive de meubles Kal.<\/p>","protected":false},"excerpt":{"rendered":"<table>\n<tbody>\n<tr>\n<td width=\"110\"><\/td>\n<td width=\"300\"><\/td>\n<\/tr>\n<tr>\n<td width=\"110\">Mat\u00e9riel:<\/td>\n<td width=\"300\">Bois dur durable + m\u00e9tal<\/td>\n<\/tr>\n<tr>\n<td width=\"110\">Couleur:<\/td>\n<td width=\"300\">Noir<\/td>\n<\/tr>\n<tr>\n<td width=\"110\">Finition:<\/td>\n<td width=\"300\">Finition noire<\/td>\n<\/tr>\n<\/tbody>\n<\/table>\n<p>&nbsp;<\/p>","protected":false},"featured_media":513444,"template":"","meta":{"_seopress_robots_primary_cat":"none","_seopress_titles_title":"Kal S3Z | set van 3 zwarte ronde salontafels","_seopress_titles_desc":"Set van 3 zwarte ronde salontafels of bijzettafels. Deze tafels zijn uitgevoerd met een rond blad en metalen onderstel.","_seopress_robots_index":""},"product_brand":[],"product_cat":[63,62,54],"product_tag":[52,78,44,129],"class_list":{"0":"post-513804","1":"product","2":"type-product","3":"status-publish","4":"has-post-thumbnail","6":"product_cat-bijzettafel","7":"product_cat-salontafel","8":"product_cat-tafels","9":"product_tag-design-meubelen","10":"product_tag-metaal","11":"product_tag-moderne-meubels","12":"product_tag-zwarte-finish","14":"first","15":"onbackorder","16":"taxable","17":"shipping-taxable","18":"purchasable","19":"product-type-variable"},"_links":{"self":[{"href":"https:\/\/2furn.be\/fr\/wp-json\/wp\/v2\/product\/513804","targetHints":{"allow":["GET"]}}],"collection":[{"href":"https:\/\/2furn.be\/fr\/wp-json\/wp\/v2\/product"}],"about":[{"href":"https:\/\/2furn.be\/fr\/wp-json\/wp\/v2\/types\/product"}],"version-history":[{"count":0,"href":"https:\/\/2furn.be\/fr\/wp-json\/wp\/v2\/product\/513804\/revisions"}],"wp:featuredmedia":[{"embeddable":true,"href":"https:\/\/2furn.be\/fr\/wp-json\/wp\/v2\/media\/513444"}],"wp:attachment":[{"href":"https:\/\/2furn.be\/fr\/wp-json\/wp\/v2\/media?parent=513804"}],"wp:term":[{"taxonomy":"product_brand","embeddable":true,"href":"https:\/\/2furn.be\/fr\/wp-json\/wp\/v2\/product_brand?post=513804"},{"taxonomy":"product_cat","embeddable":true,"href":"https:\/\/2furn.be\/fr\/wp-json\/wp\/v2\/product_cat?post=513804"},{"taxonomy":"product_tag","embeddable":true,"href":"https:\/\/2furn.be\/fr\/wp-json\/wp\/v2\/product_tag?post=513804"}],"curies":[{"name":"wp","href":"https:\/\/api.w.org\/{rel}","templated":true}]}}