{"id":513767,"date":"2025-06-10T18:12:49","date_gmt":"2025-06-10T16:12:49","guid":{"rendered":"https:\/\/2furn.be\/?post_type=product&#038;p=513767"},"modified":"2026-04-22T00:00:26","modified_gmt":"2026-04-21T22:00:26","slug":"kal-trxxxx","status":"publish","type":"product","link":"https:\/\/2furn.be\/fr\/product\/kal-trxxxx\/","title":{"rendered":"Kal TR130-150X"},"content":{"rendered":"<p>La Kal TR130-150X est une table de salle \u00e0 manger ronde industrielle en bois avec pied araign\u00e9e en m\u00e9tal. Le plateau de cette table est en bois dur et durable. La base de cette table de salle \u00e0 manger ronde industrielle est un pied araign\u00e9e en m\u00e9tal.<\/p>\n<p>La s\u00e9rie Kal est r\u00e9alis\u00e9e en finition claire. Id\u00e9ale pour les int\u00e9rieurs modernes qui allient style et fonctionnalit\u00e9. Faites l'exp\u00e9rience d'une \u00e9l\u00e9gance intemporelle dans votre maison avec la collection exclusive de meubles Kal.<\/p>","protected":false},"excerpt":{"rendered":"<table>\n<tbody>\n<tr>\n<td width=\"110\"><\/td>\n<td width=\"300\"><\/td>\n<\/tr>\n<tr>\n<td width=\"110\">Mat\u00e9riel:<\/td>\n<td width=\"300\">Bois dur durable + m\u00e9tal<\/td>\n<\/tr>\n<tr>\n<td width=\"110\">Couleur:<\/td>\n<td width=\"300\">Marron (clair)<\/td>\n<\/tr>\n<tr>\n<td width=\"110\">Finition:<\/td>\n<td width=\"300\">Finition l\u00e9g\u00e8re<\/td>\n<\/tr>\n<\/tbody>\n<\/table>\n<p>&nbsp;<\/p>","protected":false},"featured_media":513374,"template":"","meta":{"_seopress_robots_primary_cat":"none","_seopress_titles_title":"Kal TR130-150X | industri\u00eble ronde eettafel hout","_seopress_titles_desc":"Industri\u00eble ronde eettafel hout met metalen spinpoot. Deze tafel is uitgevoerd met een duurzaam hardhouten blad.","_seopress_robots_index":""},"product_brand":[],"product_cat":[55,54],"product_tag":[52,126,78,44],"class_list":{"0":"post-513767","1":"product","2":"type-product","3":"status-publish","4":"has-post-thumbnail","6":"product_cat-eettafel","7":"product_cat-tafels","8":"product_tag-design-meubelen","9":"product_tag-lichte-finish","10":"product_tag-metaal","11":"product_tag-moderne-meubels","13":"first","14":"instock","15":"taxable","16":"shipping-taxable","17":"purchasable","18":"product-type-variable"},"_links":{"self":[{"href":"https:\/\/2furn.be\/fr\/wp-json\/wp\/v2\/product\/513767","targetHints":{"allow":["GET"]}}],"collection":[{"href":"https:\/\/2furn.be\/fr\/wp-json\/wp\/v2\/product"}],"about":[{"href":"https:\/\/2furn.be\/fr\/wp-json\/wp\/v2\/types\/product"}],"version-history":[{"count":0,"href":"https:\/\/2furn.be\/fr\/wp-json\/wp\/v2\/product\/513767\/revisions"}],"wp:featuredmedia":[{"embeddable":true,"href":"https:\/\/2furn.be\/fr\/wp-json\/wp\/v2\/media\/513374"}],"wp:attachment":[{"href":"https:\/\/2furn.be\/fr\/wp-json\/wp\/v2\/media?parent=513767"}],"wp:term":[{"taxonomy":"product_brand","embeddable":true,"href":"https:\/\/2furn.be\/fr\/wp-json\/wp\/v2\/product_brand?post=513767"},{"taxonomy":"product_cat","embeddable":true,"href":"https:\/\/2furn.be\/fr\/wp-json\/wp\/v2\/product_cat?post=513767"},{"taxonomy":"product_tag","embeddable":true,"href":"https:\/\/2furn.be\/fr\/wp-json\/wp\/v2\/product_tag?post=513767"}],"curies":[{"name":"wp","href":"https:\/\/api.w.org\/{rel}","templated":true}]}}