{"id":513714,"date":"2025-06-10T16:53:33","date_gmt":"2025-06-10T14:53:33","guid":{"rendered":"https:\/\/2furn.be\/?post_type=product&#038;p=513714"},"modified":"2026-04-26T00:00:23","modified_gmt":"2026-04-25T22:00:23","slug":"kal-d120","status":"publish","type":"product","link":"https:\/\/2furn.be\/fr\/product\/kal-d120\/","title":{"rendered":"Cal D120"},"content":{"rendered":"<p>La Kal D120 est une table d'appoint industrielle avec une base en m\u00e9tal. Cette table murale moderne est \u00e9quip\u00e9e de tiroirs. Cette table d'appoint industrielle se caract\u00e9rise par sa base m\u00e9tallique ouverte. Le meuble repose sur un pied m\u00e9tallique \u00e9pur\u00e9. Ce meuble est compos\u00e9 de 1 pi\u00e8ce.<\/p>\n<p>La s\u00e9rie Kal est r\u00e9alis\u00e9e en finition claire. Id\u00e9ale pour les int\u00e9rieurs branch\u00e9s qui allient style et fonctionnalit\u00e9. D\u00e9couvrez le design industriel et les lignes \u00e9pur\u00e9es de la collection de meubles Kal.<\/p>","protected":false},"excerpt":{"rendered":"<table>\n<tbody>\n<tr>\n<td width=\"110\"><\/td>\n<td width=\"300\"><\/td>\n<\/tr>\n<tr>\n<td width=\"110\">Mat\u00e9riel:<\/td>\n<td width=\"300\">Bois dur durable + m\u00e9tal<\/td>\n<\/tr>\n<tr>\n<td width=\"110\">Couleur:<\/td>\n<td width=\"300\">Marron (clair)<\/td>\n<\/tr>\n<tr>\n<td width=\"110\">Finition:<\/td>\n<td width=\"300\">Finition l\u00e9g\u00e8re<\/td>\n<\/tr>\n<\/tbody>\n<\/table>\n<p>&nbsp;<\/p>","protected":false},"featured_media":513427,"template":"","meta":{"_seopress_robots_primary_cat":"none","_seopress_titles_title":"Kal D120 | industri\u00eble sidetable met metalen onderstel","_seopress_titles_desc":"Industri\u00eble sidetable met metalen onderstel. Deze moderne wandtafel is uitgevoerd met lades.","_seopress_robots_index":""},"product_brand":[],"product_cat":[64],"product_tag":[52,126,78,44],"class_list":{"0":"post-513714","1":"product","2":"type-product","3":"status-publish","4":"has-post-thumbnail","6":"product_cat-dressoirs","7":"product_tag-design-meubelen","8":"product_tag-lichte-finish","9":"product_tag-metaal","10":"product_tag-moderne-meubels","12":"first","13":"instock","14":"taxable","15":"shipping-taxable","16":"purchasable","17":"product-type-variable"},"_links":{"self":[{"href":"https:\/\/2furn.be\/fr\/wp-json\/wp\/v2\/product\/513714","targetHints":{"allow":["GET"]}}],"collection":[{"href":"https:\/\/2furn.be\/fr\/wp-json\/wp\/v2\/product"}],"about":[{"href":"https:\/\/2furn.be\/fr\/wp-json\/wp\/v2\/types\/product"}],"version-history":[{"count":0,"href":"https:\/\/2furn.be\/fr\/wp-json\/wp\/v2\/product\/513714\/revisions"}],"wp:featuredmedia":[{"embeddable":true,"href":"https:\/\/2furn.be\/fr\/wp-json\/wp\/v2\/media\/513427"}],"wp:attachment":[{"href":"https:\/\/2furn.be\/fr\/wp-json\/wp\/v2\/media?parent=513714"}],"wp:term":[{"taxonomy":"product_brand","embeddable":true,"href":"https:\/\/2furn.be\/fr\/wp-json\/wp\/v2\/product_brand?post=513714"},{"taxonomy":"product_cat","embeddable":true,"href":"https:\/\/2furn.be\/fr\/wp-json\/wp\/v2\/product_cat?post=513714"},{"taxonomy":"product_tag","embeddable":true,"href":"https:\/\/2furn.be\/fr\/wp-json\/wp\/v2\/product_tag?post=513714"}],"curies":[{"name":"wp","href":"https:\/\/api.w.org\/{rel}","templated":true}]}}