{"id":513711,"date":"2025-06-10T15:52:30","date_gmt":"2025-06-10T13:52:30","guid":{"rendered":"https:\/\/2furn.be\/?post_type=product&#038;p=513711"},"modified":"2026-01-15T00:00:12","modified_gmt":"2026-01-14T23:00:12","slug":"kal-dxxx","status":"publish","type":"product","link":"https:\/\/2furn.be\/fr\/product\/kal-dxxx\/","title":{"rendered":"Kal D150-180"},"content":{"rendered":"<p>Le Kal D150-180 est un buffet industriel avec une base en m\u00e9tal. Ce buffet moderne est \u00e9quip\u00e9 de tiroirs et de portes \u00e0 charni\u00e8res. Ce buffet industriel se caract\u00e9rise par un compartiment ouvert au-dessus des tiroirs et des portes. Le meuble repose sur une base m\u00e9tallique \u00e9l\u00e9gante. Ce meuble est compos\u00e9 de 1 pi\u00e8ce.<\/p>\n<p>La s\u00e9rie Kal est r\u00e9alis\u00e9e en finition claire. Id\u00e9ale pour les int\u00e9rieurs branch\u00e9s qui allient style et fonctionnalit\u00e9. D\u00e9couvrez le design industriel et les lignes \u00e9pur\u00e9es de la collection de meubles Kal.<\/p>","protected":false},"excerpt":{"rendered":"<table>\n<tbody>\n<tr>\n<td width=\"110\"><\/td>\n<td width=\"300\"><\/td>\n<\/tr>\n<tr>\n<td width=\"110\">Mat\u00e9riel:<\/td>\n<td width=\"300\">Bois dur durable + m\u00e9tal<\/td>\n<\/tr>\n<tr>\n<td width=\"110\">Couleur:<\/td>\n<td width=\"300\">Marron (clair)<\/td>\n<\/tr>\n<tr>\n<td width=\"110\">Finition:<\/td>\n<td width=\"300\">Finition l\u00e9g\u00e8re<\/td>\n<\/tr>\n<\/tbody>\n<\/table>\n<p>&nbsp;<\/p>","protected":false},"featured_media":513422,"template":"","meta":{"_seopress_robots_primary_cat":"none","_seopress_titles_title":"Kal D150-180 | industrieel dressoir","_seopress_titles_desc":"Industrieel dressoir met metalen onderstel. Dit industrieel dressoir typeert zich door het open vak boven de lades en deuren.","_seopress_robots_index":""},"product_brand":[],"product_cat":[64],"product_tag":[52,126,78,44],"class_list":{"0":"post-513711","1":"product","2":"type-product","3":"status-publish","4":"has-post-thumbnail","6":"product_cat-dressoirs","7":"product_tag-design-meubelen","8":"product_tag-lichte-finish","9":"product_tag-metaal","10":"product_tag-moderne-meubels","12":"first","13":"onbackorder","14":"taxable","15":"shipping-taxable","16":"purchasable","17":"product-type-variable"},"_links":{"self":[{"href":"https:\/\/2furn.be\/fr\/wp-json\/wp\/v2\/product\/513711","targetHints":{"allow":["GET"]}}],"collection":[{"href":"https:\/\/2furn.be\/fr\/wp-json\/wp\/v2\/product"}],"about":[{"href":"https:\/\/2furn.be\/fr\/wp-json\/wp\/v2\/types\/product"}],"version-history":[{"count":0,"href":"https:\/\/2furn.be\/fr\/wp-json\/wp\/v2\/product\/513711\/revisions"}],"wp:featuredmedia":[{"embeddable":true,"href":"https:\/\/2furn.be\/fr\/wp-json\/wp\/v2\/media\/513422"}],"wp:attachment":[{"href":"https:\/\/2furn.be\/fr\/wp-json\/wp\/v2\/media?parent=513711"}],"wp:term":[{"taxonomy":"product_brand","embeddable":true,"href":"https:\/\/2furn.be\/fr\/wp-json\/wp\/v2\/product_brand?post=513711"},{"taxonomy":"product_cat","embeddable":true,"href":"https:\/\/2furn.be\/fr\/wp-json\/wp\/v2\/product_cat?post=513711"},{"taxonomy":"product_tag","embeddable":true,"href":"https:\/\/2furn.be\/fr\/wp-json\/wp\/v2\/product_tag?post=513711"}],"curies":[{"name":"wp","href":"https:\/\/api.w.org\/{rel}","templated":true}]}}