{"id":513699,"date":"2025-06-10T15:09:52","date_gmt":"2025-06-10T13:09:52","guid":{"rendered":"https:\/\/2furn.be\/?post_type=product&#038;p=513699"},"modified":"2026-04-25T00:00:25","modified_gmt":"2026-04-24T22:00:25","slug":"kal-120z","status":"publish","type":"product","link":"https:\/\/2furn.be\/fr\/product\/kal-120z\/","title":{"rendered":"Kal 120Z"},"content":{"rendered":"<p>La Kal 120Z est une biblioth\u00e8que moderne noire avec des \u00e9tag\u00e8res et des portes. Cette biblioth\u00e8que moderne est \u00e9quip\u00e9e d'\u00e9tag\u00e8res. Cette biblioth\u00e8que moderne noire se caract\u00e9rise par son style minimaliste, ses \u00e9tag\u00e8res et ses portes \u00e0 charni\u00e8res. La partie sup\u00e9rieure est finie avec une corniche moderne et la partie inf\u00e9rieure repose sur un pied \u00e9l\u00e9gant. Ce meuble est compos\u00e9 de 1 pi\u00e8ce.<\/p>\n<p>La s\u00e9rie Kal est r\u00e9alis\u00e9e en noir. Id\u00e9ale pour les int\u00e9rieurs modernes qui allient style et fonctionnalit\u00e9. Faites l'exp\u00e9rience d'une \u00e9l\u00e9gance intemporelle dans votre maison avec la collection exclusive de meubles Kal.<\/p>","protected":false},"excerpt":{"rendered":"<table>\n<tbody>\n<tr>\n<td width=\"110\"><\/td>\n<td width=\"300\"><\/td>\n<\/tr>\n<tr>\n<td width=\"110\">Mat\u00e9riel:<\/td>\n<td width=\"300\">Bois dur durable + m\u00e9tal<\/td>\n<\/tr>\n<tr>\n<td width=\"110\">Couleur:<\/td>\n<td width=\"300\">Noir<\/td>\n<\/tr>\n<tr>\n<td width=\"110\">Finition:<\/td>\n<td width=\"300\">Finition noire<\/td>\n<\/tr>\n<\/tbody>\n<\/table>\n<p>&nbsp;<\/p>","protected":false},"featured_media":513428,"template":"","meta":{"_seopress_robots_primary_cat":"none","_seopress_titles_title":"Kal 120Z | moderne zwarte boekenkast met legplanken","_seopress_titles_desc":"Moderne zwarte boekenkast met legplanken en deuren. Deze moderne zwarte boekenkast typeert zich door de minimalistische stijl.","_seopress_robots_index":""},"product_brand":[],"product_cat":[90,47,39,132],"product_tag":[52,78,44,129],"class_list":{"0":"post-513699","1":"product","2":"type-product","3":"status-publish","4":"has-post-thumbnail","6":"product_cat-boekenkast","7":"product_cat-buffetkast","8":"product_cat-kasten","9":"product_cat-wandkast","10":"product_tag-design-meubelen","11":"product_tag-metaal","12":"product_tag-moderne-meubels","13":"product_tag-zwarte-finish","15":"first","16":"instock","17":"taxable","18":"shipping-taxable","19":"purchasable","20":"product-type-variable"},"_links":{"self":[{"href":"https:\/\/2furn.be\/fr\/wp-json\/wp\/v2\/product\/513699","targetHints":{"allow":["GET"]}}],"collection":[{"href":"https:\/\/2furn.be\/fr\/wp-json\/wp\/v2\/product"}],"about":[{"href":"https:\/\/2furn.be\/fr\/wp-json\/wp\/v2\/types\/product"}],"version-history":[{"count":0,"href":"https:\/\/2furn.be\/fr\/wp-json\/wp\/v2\/product\/513699\/revisions"}],"wp:featuredmedia":[{"embeddable":true,"href":"https:\/\/2furn.be\/fr\/wp-json\/wp\/v2\/media\/513428"}],"wp:attachment":[{"href":"https:\/\/2furn.be\/fr\/wp-json\/wp\/v2\/media?parent=513699"}],"wp:term":[{"taxonomy":"product_brand","embeddable":true,"href":"https:\/\/2furn.be\/fr\/wp-json\/wp\/v2\/product_brand?post=513699"},{"taxonomy":"product_cat","embeddable":true,"href":"https:\/\/2furn.be\/fr\/wp-json\/wp\/v2\/product_cat?post=513699"},{"taxonomy":"product_tag","embeddable":true,"href":"https:\/\/2furn.be\/fr\/wp-json\/wp\/v2\/product_tag?post=513699"}],"curies":[{"name":"wp","href":"https:\/\/api.w.org\/{rel}","templated":true}]}}