{"id":513689,"date":"2025-06-10T14:53:00","date_gmt":"2025-06-10T12:53:00","guid":{"rendered":"https:\/\/2furn.be\/?post_type=product&#038;p=513689"},"modified":"2025-11-27T00:00:16","modified_gmt":"2025-11-26T23:00:16","slug":"kal-xxxzd","status":"publish","type":"product","link":"https:\/\/2furn.be\/fr\/product\/kal-xxxzd\/","title":{"rendered":"Kal 65-100ZD"},"content":{"rendered":"<p>Le Kal 65-100ZD est une armoire murale industrielle noire avec portes. Cette armoire moderne est \u00e9quip\u00e9e de portes \u00e0 charni\u00e8res. Cette armoire murale industrielle noire se caract\u00e9rise par son style minimaliste et ses portes avec tiroir. Le dessus est fini avec une corniche moderne et le meuble bas repose sur un pied \u00e9l\u00e9gant. Ce meuble est compos\u00e9 de 1 pi\u00e8ce.<\/p>\n<p>La s\u00e9rie Kal est r\u00e9alis\u00e9e en noir. Id\u00e9ale pour les int\u00e9rieurs modernes qui allient style et fonctionnalit\u00e9. Faites l'exp\u00e9rience d'une \u00e9l\u00e9gance intemporelle dans votre maison avec la collection exclusive de meubles Kal.<\/p>","protected":false},"excerpt":{"rendered":"<table>\n<tbody>\n<tr>\n<td width=\"110\"><\/td>\n<td width=\"300\"><\/td>\n<\/tr>\n<tr>\n<td width=\"110\">Mat\u00e9riel:<\/td>\n<td width=\"300\">Bois dur durable + m\u00e9tal<\/td>\n<\/tr>\n<tr>\n<td width=\"110\">Couleur:<\/td>\n<td width=\"300\">Noir<\/td>\n<\/tr>\n<tr>\n<td width=\"110\">Finition:<\/td>\n<td width=\"300\">Finition noire<\/td>\n<\/tr>\n<\/tbody>\n<\/table>\n<p>&nbsp;<\/p>","protected":false},"featured_media":513443,"template":"","meta":{"_seopress_robots_primary_cat":"none","_seopress_titles_title":"Kal 65-100ZD | zwarte industri\u00eble wandkast met deuren","_seopress_titles_desc":"Zwarte industri\u00eble wandkast met deuren. Deze zwarte industri\u00eble wandkast typeert zich door de minimalistische stijl en deuren met lade.","_seopress_robots_index":""},"product_brand":[],"product_cat":[90,47,39,132],"product_tag":[52,78,44,129],"class_list":{"0":"post-513689","1":"product","2":"type-product","3":"status-publish","4":"has-post-thumbnail","6":"product_cat-boekenkast","7":"product_cat-buffetkast","8":"product_cat-kasten","9":"product_cat-wandkast","10":"product_tag-design-meubelen","11":"product_tag-metaal","12":"product_tag-moderne-meubels","13":"product_tag-zwarte-finish","15":"first","16":"instock","17":"taxable","18":"shipping-taxable","19":"purchasable","20":"product-type-variable"},"_links":{"self":[{"href":"https:\/\/2furn.be\/fr\/wp-json\/wp\/v2\/product\/513689","targetHints":{"allow":["GET"]}}],"collection":[{"href":"https:\/\/2furn.be\/fr\/wp-json\/wp\/v2\/product"}],"about":[{"href":"https:\/\/2furn.be\/fr\/wp-json\/wp\/v2\/types\/product"}],"version-history":[{"count":0,"href":"https:\/\/2furn.be\/fr\/wp-json\/wp\/v2\/product\/513689\/revisions"}],"wp:featuredmedia":[{"embeddable":true,"href":"https:\/\/2furn.be\/fr\/wp-json\/wp\/v2\/media\/513443"}],"wp:attachment":[{"href":"https:\/\/2furn.be\/fr\/wp-json\/wp\/v2\/media?parent=513689"}],"wp:term":[{"taxonomy":"product_brand","embeddable":true,"href":"https:\/\/2furn.be\/fr\/wp-json\/wp\/v2\/product_brand?post=513689"},{"taxonomy":"product_cat","embeddable":true,"href":"https:\/\/2furn.be\/fr\/wp-json\/wp\/v2\/product_cat?post=513689"},{"taxonomy":"product_tag","embeddable":true,"href":"https:\/\/2furn.be\/fr\/wp-json\/wp\/v2\/product_tag?post=513689"}],"curies":[{"name":"wp","href":"https:\/\/api.w.org\/{rel}","templated":true}]}}