{"id":513272,"date":"2025-06-03T16:55:33","date_gmt":"2025-06-03T14:55:33","guid":{"rendered":"https:\/\/2furn.be\/?post_type=product&#038;p=513272"},"modified":"2026-04-21T00:00:29","modified_gmt":"2026-04-20T22:00:29","slug":"sal-sxxx","status":"publish","type":"product","link":"https:\/\/2furn.be\/fr\/product\/sal-sxxx\/","title":{"rendered":"Sal S120"},"content":{"rendered":"<p>La Sal SO120 est une table basse ovale unique dot\u00e9e d'un pi\u00e8tement \u00e0 lattes chic. Cette table est dot\u00e9e d'un plateau ovale, d'un design tendance et se caract\u00e9rise par un pied fusel\u00e9 \u00e9l\u00e9gant. La base de cette \u00e9l\u00e9gante table basse est un pied en bois.<span class=\"Apple-converted-space\">\u00a0<\/span><\/p>\n<p>La s\u00e9rie Sal est r\u00e9alis\u00e9e en finition claire. Id\u00e9ale pour les int\u00e9rieurs branch\u00e9s qui allient style et fonctionnalit\u00e9. Faites l'exp\u00e9rience d'une \u00e9l\u00e9gance intemporelle dans votre maison avec la collection exclusive de meubles Sal.<\/p>","protected":false},"excerpt":{"rendered":"<table>\n<tbody>\n<tr>\n<td width=\"110\"><\/td>\n<td width=\"300\"><\/td>\n<\/tr>\n<tr>\n<td width=\"110\">Mat\u00e9riel:<\/td>\n<td width=\"300\">Bois dur durable<\/td>\n<\/tr>\n<tr>\n<td width=\"110\">Couleur:<\/td>\n<td width=\"300\">Marron (clair)<\/td>\n<\/tr>\n<tr>\n<td width=\"110\">Finition:<\/td>\n<td width=\"300\">Finition l\u00e9g\u00e8re<\/td>\n<\/tr>\n<\/tbody>\n<\/table>","protected":false},"featured_media":513253,"template":"","meta":{"_seopress_robots_primary_cat":"none","_seopress_titles_title":"Sal SO120 | unieke ovale salontafel met chique onderstel","_seopress_titles_desc":"Unieke ovale salontafel met een chique onderstel met latjes. Deze tafel is uitgevoerd met een ovaal blad, trendy design en stijlvolle poot.","_seopress_robots_index":""},"product_brand":[],"product_cat":[62,54],"product_tag":[52,126,44],"class_list":{"0":"post-513272","1":"product","2":"type-product","3":"status-publish","4":"has-post-thumbnail","6":"product_cat-salontafel","7":"product_cat-tafels","8":"product_tag-design-meubelen","9":"product_tag-lichte-finish","10":"product_tag-moderne-meubels","12":"first","13":"instock","14":"taxable","15":"shipping-taxable","16":"purchasable","17":"product-type-variable"},"_links":{"self":[{"href":"https:\/\/2furn.be\/fr\/wp-json\/wp\/v2\/product\/513272","targetHints":{"allow":["GET"]}}],"collection":[{"href":"https:\/\/2furn.be\/fr\/wp-json\/wp\/v2\/product"}],"about":[{"href":"https:\/\/2furn.be\/fr\/wp-json\/wp\/v2\/types\/product"}],"version-history":[{"count":0,"href":"https:\/\/2furn.be\/fr\/wp-json\/wp\/v2\/product\/513272\/revisions"}],"wp:featuredmedia":[{"embeddable":true,"href":"https:\/\/2furn.be\/fr\/wp-json\/wp\/v2\/media\/513253"}],"wp:attachment":[{"href":"https:\/\/2furn.be\/fr\/wp-json\/wp\/v2\/media?parent=513272"}],"wp:term":[{"taxonomy":"product_brand","embeddable":true,"href":"https:\/\/2furn.be\/fr\/wp-json\/wp\/v2\/product_brand?post=513272"},{"taxonomy":"product_cat","embeddable":true,"href":"https:\/\/2furn.be\/fr\/wp-json\/wp\/v2\/product_cat?post=513272"},{"taxonomy":"product_tag","embeddable":true,"href":"https:\/\/2furn.be\/fr\/wp-json\/wp\/v2\/product_tag?post=513272"}],"curies":[{"name":"wp","href":"https:\/\/api.w.org\/{rel}","templated":true}]}}