{"id":513200,"date":"2025-06-03T16:08:22","date_gmt":"2025-06-03T14:08:22","guid":{"rendered":"https:\/\/2furn.be\/?post_type=product&#038;p=513200"},"modified":"2026-04-23T00:00:26","modified_gmt":"2026-04-22T22:00:26","slug":"jes-sxxxb","status":"publish","type":"product","link":"https:\/\/2furn.be\/fr\/product\/jes-sxxxb\/","title":{"rendered":"Jes S120B"},"content":{"rendered":"<p>La Jes S120B est une table basse design marron fonc\u00e9 en bois dur durable avec un pied en m\u00e9tal. Cette table basse est dot\u00e9e d'un pied en forme d'araign\u00e9e et d'un plateau ovale au design danois. La base de cette table basse design brun fonc\u00e9 est un pied en m\u00e9tal de type araign\u00e9e \/ matriciel.<span class=\"Apple-converted-space\">\u00a0<\/span><\/p>\n<p>La s\u00e9rie Jes est r\u00e9alis\u00e9e en finition fonc\u00e9e. Id\u00e9ale pour les int\u00e9rieurs modernes qui allient style et fonctionnalit\u00e9. Faites l'exp\u00e9rience d'une \u00e9l\u00e9gance intemporelle dans votre maison avec la collection exclusive de meubles Jes.<\/p>","protected":false},"excerpt":{"rendered":"<table>\n<tbody>\n<tr>\n<td width=\"110\"><\/td>\n<td width=\"300\"><\/td>\n<\/tr>\n<tr>\n<td width=\"110\">Mat\u00e9riel:<\/td>\n<td width=\"300\">Bois dur durable<\/td>\n<\/tr>\n<tr>\n<td width=\"110\">Couleur:<\/td>\n<td width=\"300\">Brun (Fonc\u00e9)<\/td>\n<\/tr>\n<tr>\n<td width=\"110\">Finition:<\/td>\n<td width=\"300\">Finition fonc\u00e9e<\/td>\n<\/tr>\n<\/tbody>\n<\/table>","protected":false},"featured_media":513181,"template":"","meta":{"_seopress_robots_primary_cat":"none","_seopress_titles_title":"Jes S120B | donkerbruine design salontafel met metalen poot","_seopress_titles_desc":"Donkerbruine design salontafel in duurzaam hardhout met metalen poot. Deze salontafel is uitgevoerd met een spinpoot en Deens design ovaal blad.","_seopress_robots_index":""},"product_brand":[],"product_cat":[62,54],"product_tag":[52,127,78,44],"class_list":{"0":"post-513200","1":"product","2":"type-product","3":"status-publish","4":"has-post-thumbnail","6":"product_cat-salontafel","7":"product_cat-tafels","8":"product_tag-design-meubelen","9":"product_tag-donkere-finish","10":"product_tag-metaal","11":"product_tag-moderne-meubels","13":"first","14":"instock","15":"taxable","16":"shipping-taxable","17":"purchasable","18":"product-type-variable"},"_links":{"self":[{"href":"https:\/\/2furn.be\/fr\/wp-json\/wp\/v2\/product\/513200","targetHints":{"allow":["GET"]}}],"collection":[{"href":"https:\/\/2furn.be\/fr\/wp-json\/wp\/v2\/product"}],"about":[{"href":"https:\/\/2furn.be\/fr\/wp-json\/wp\/v2\/types\/product"}],"version-history":[{"count":0,"href":"https:\/\/2furn.be\/fr\/wp-json\/wp\/v2\/product\/513200\/revisions"}],"wp:featuredmedia":[{"embeddable":true,"href":"https:\/\/2furn.be\/fr\/wp-json\/wp\/v2\/media\/513181"}],"wp:attachment":[{"href":"https:\/\/2furn.be\/fr\/wp-json\/wp\/v2\/media?parent=513200"}],"wp:term":[{"taxonomy":"product_brand","embeddable":true,"href":"https:\/\/2furn.be\/fr\/wp-json\/wp\/v2\/product_brand?post=513200"},{"taxonomy":"product_cat","embeddable":true,"href":"https:\/\/2furn.be\/fr\/wp-json\/wp\/v2\/product_cat?post=513200"},{"taxonomy":"product_tag","embeddable":true,"href":"https:\/\/2furn.be\/fr\/wp-json\/wp\/v2\/product_tag?post=513200"}],"curies":[{"name":"wp","href":"https:\/\/api.w.org\/{rel}","templated":true}]}}