{"id":513198,"date":"2025-06-03T16:08:22","date_gmt":"2025-06-03T14:08:22","guid":{"rendered":"https:\/\/2furn.be\/?post_type=product&#038;p=513198"},"modified":"2026-04-25T00:00:26","modified_gmt":"2026-04-24T22:00:26","slug":"jes-sxxxz","status":"publish","type":"product","link":"https:\/\/2furn.be\/fr\/product\/jes-sxxxz\/","title":{"rendered":"Jes S120Z"},"content":{"rendered":"<p>La Jes S120Z est une table basse design noire en bois dur durable avec un pied en m\u00e9tal. Cette table basse est dot\u00e9e d'un pied en forme d'araign\u00e9e et d'un plateau ovale au design danois. La base de cette table basse design noire est un pied araign\u00e9e \/ matriciel en m\u00e9tal.<span class=\"Apple-converted-space\">\u00a0<\/span><\/p>\n<p>La s\u00e9rie Jes est r\u00e9alis\u00e9e en noir. Id\u00e9ale pour les int\u00e9rieurs modernes qui allient style et fonctionnalit\u00e9. Faites l'exp\u00e9rience d'une \u00e9l\u00e9gance intemporelle dans votre maison avec la collection exclusive de meubles Jes.<\/p>","protected":false},"excerpt":{"rendered":"<table>\n<tbody>\n<tr>\n<td width=\"110\"><\/td>\n<td width=\"300\"><\/td>\n<\/tr>\n<tr>\n<td width=\"110\">Mat\u00e9riel:<\/td>\n<td width=\"300\">Bois dur durable<\/td>\n<\/tr>\n<tr>\n<td width=\"110\">Couleur:<\/td>\n<td width=\"300\">Noir<\/td>\n<\/tr>\n<tr>\n<td width=\"110\">Finition:<\/td>\n<td width=\"300\">Finition noire<\/td>\n<\/tr>\n<\/tbody>\n<\/table>","protected":false},"featured_media":513185,"template":"","meta":{"_seopress_robots_primary_cat":"none","_seopress_titles_title":"Jes S120Z | zwarte design salontafel met metalen poot","_seopress_titles_desc":"Zwarte design salontafel in duurzaam hardhout met metalen poot. Deze salontafel is uitgevoerd met een spinpoot en Deens design ovaal blad.","_seopress_robots_index":""},"product_brand":[],"product_cat":[62,54],"product_tag":[52,78,44,129],"class_list":{"0":"post-513198","1":"product","2":"type-product","3":"status-publish","4":"has-post-thumbnail","6":"product_cat-salontafel","7":"product_cat-tafels","8":"product_tag-design-meubelen","9":"product_tag-metaal","10":"product_tag-moderne-meubels","11":"product_tag-zwarte-finish","13":"first","14":"instock","15":"taxable","16":"shipping-taxable","17":"purchasable","18":"product-type-variable"},"_links":{"self":[{"href":"https:\/\/2furn.be\/fr\/wp-json\/wp\/v2\/product\/513198","targetHints":{"allow":["GET"]}}],"collection":[{"href":"https:\/\/2furn.be\/fr\/wp-json\/wp\/v2\/product"}],"about":[{"href":"https:\/\/2furn.be\/fr\/wp-json\/wp\/v2\/types\/product"}],"version-history":[{"count":0,"href":"https:\/\/2furn.be\/fr\/wp-json\/wp\/v2\/product\/513198\/revisions"}],"wp:featuredmedia":[{"embeddable":true,"href":"https:\/\/2furn.be\/fr\/wp-json\/wp\/v2\/media\/513185"}],"wp:attachment":[{"href":"https:\/\/2furn.be\/fr\/wp-json\/wp\/v2\/media?parent=513198"}],"wp:term":[{"taxonomy":"product_brand","embeddable":true,"href":"https:\/\/2furn.be\/fr\/wp-json\/wp\/v2\/product_brand?post=513198"},{"taxonomy":"product_cat","embeddable":true,"href":"https:\/\/2furn.be\/fr\/wp-json\/wp\/v2\/product_cat?post=513198"},{"taxonomy":"product_tag","embeddable":true,"href":"https:\/\/2furn.be\/fr\/wp-json\/wp\/v2\/product_tag?post=513198"}],"curies":[{"name":"wp","href":"https:\/\/api.w.org\/{rel}","templated":true}]}}