{"id":513168,"date":"2025-06-03T15:59:08","date_gmt":"2025-06-03T13:59:08","guid":{"rendered":"https:\/\/2furn.be\/?post_type=product&#038;p=513168"},"modified":"2026-04-26T00:00:25","modified_gmt":"2026-04-25T22:00:25","slug":"nov-soxxxe","status":"publish","type":"product","link":"https:\/\/2furn.be\/fr\/product\/nov-soxxxe\/","title":{"rendered":"Nov SO120E"},"content":{"rendered":"<p>La Nov SO120E est une table basse tendance de couleur marron fonc\u00e9 au look ch\u00eane raffin\u00e9. Dot\u00e9e d'un plateau ovale en bois, cette table moderne se caract\u00e9rise par son aspect ch\u00eane et sa base ovale. La base de cette \u00e9l\u00e9gante table basse est un pied en bois.<span class=\"Apple-converted-space\">\u00a0<\/span><\/p>\n<p>La s\u00e9rie Nov pr\u00e9sente une finition espresso et une texture en placage de ch\u00eane. Id\u00e9ale pour les int\u00e9rieurs branch\u00e9s qui allient style et fonctionnalit\u00e9. D\u00e9couvrez un design intemporel et des lignes \u00e9pur\u00e9es avec la collection de meubles Nov.<\/p>","protected":false},"excerpt":{"rendered":"<table>\n<tbody>\n<tr>\n<td width=\"110\"><\/td>\n<td width=\"300\"><\/td>\n<\/tr>\n<tr>\n<td width=\"110\">Mat\u00e9riel:<\/td>\n<td width=\"300\">Bois dur durable<\/td>\n<\/tr>\n<tr>\n<td width=\"110\">Couleur:<\/td>\n<td width=\"300\">Brun (Fonc\u00e9)<\/td>\n<\/tr>\n<tr>\n<td width=\"110\">Finition:<\/td>\n<td width=\"300\">Finition Espresso<\/td>\n<\/tr>\n<\/tbody>\n<\/table>","protected":false},"featured_media":513170,"template":"","meta":{"_seopress_robots_primary_cat":"none","_seopress_titles_title":"Nov SO120E | trendy donkerbruine salontafel, eikenhouten uitstraling","_seopress_titles_desc":"Trendy donkerbruine salontafel met een verfijnde, eikenhouten uitstraling. Deze tafel is uitgevoerd met een ovaal houten blad en ovale onderstel.","_seopress_robots_index":""},"product_brand":[],"product_cat":[62,54],"product_tag":[52,130,44],"class_list":{"0":"post-513168","1":"product","2":"type-product","3":"status-publish","4":"has-post-thumbnail","6":"product_cat-salontafel","7":"product_cat-tafels","8":"product_tag-design-meubelen","9":"product_tag-espresso-finish","10":"product_tag-moderne-meubels","12":"first","13":"instock","14":"taxable","15":"shipping-taxable","16":"purchasable","17":"product-type-variable"},"_links":{"self":[{"href":"https:\/\/2furn.be\/fr\/wp-json\/wp\/v2\/product\/513168","targetHints":{"allow":["GET"]}}],"collection":[{"href":"https:\/\/2furn.be\/fr\/wp-json\/wp\/v2\/product"}],"about":[{"href":"https:\/\/2furn.be\/fr\/wp-json\/wp\/v2\/types\/product"}],"version-history":[{"count":0,"href":"https:\/\/2furn.be\/fr\/wp-json\/wp\/v2\/product\/513168\/revisions"}],"wp:featuredmedia":[{"embeddable":true,"href":"https:\/\/2furn.be\/fr\/wp-json\/wp\/v2\/media\/513170"}],"wp:attachment":[{"href":"https:\/\/2furn.be\/fr\/wp-json\/wp\/v2\/media?parent=513168"}],"wp:term":[{"taxonomy":"product_brand","embeddable":true,"href":"https:\/\/2furn.be\/fr\/wp-json\/wp\/v2\/product_brand?post=513168"},{"taxonomy":"product_cat","embeddable":true,"href":"https:\/\/2furn.be\/fr\/wp-json\/wp\/v2\/product_cat?post=513168"},{"taxonomy":"product_tag","embeddable":true,"href":"https:\/\/2furn.be\/fr\/wp-json\/wp\/v2\/product_tag?post=513168"}],"curies":[{"name":"wp","href":"https:\/\/api.w.org\/{rel}","templated":true}]}}