{"id":513123,"date":"2025-06-02T21:30:55","date_gmt":"2025-06-02T19:30:55","guid":{"rendered":"https:\/\/2furn.be\/?post_type=product&#038;p=513123"},"modified":"2026-04-22T00:00:27","modified_gmt":"2026-04-21T22:00:27","slug":"sev-txxx","status":"publish","type":"product","link":"https:\/\/2furn.be\/fr\/product\/sev-txxx\/","title":{"rendered":"Sev T220-300"},"content":{"rendered":"<p>La Sev T220-300 est une table de salle \u00e0 manger avec un pi\u00e8tement \u00e0 lattes ondul\u00e9es. Cette table a un plateau arrondi, un design tendance et se caract\u00e9rise par son pied ondul\u00e9 caract\u00e9ristique. Le pi\u00e8tement de cette table de salle \u00e0 manger tendance est un pi\u00e8tement en bois.<span class=\"Apple-converted-space\">\u00a0<\/span><\/p>\n<p>La s\u00e9rie Sev est r\u00e9alis\u00e9e en finition claire. Elle est id\u00e9ale pour les int\u00e9rieurs branch\u00e9s qui allient style et fonctionnalit\u00e9. Faites l'exp\u00e9rience de l'\u00e9l\u00e9gance intemporelle dans votre maison avec la collection exclusive de meubles Sev.<\/p>","protected":false},"excerpt":{"rendered":"<table>\n<tbody>\n<tr>\n<td width=\"110\"><\/td>\n<td width=\"300\"><\/td>\n<\/tr>\n<tr>\n<td width=\"110\">Mat\u00e9riel:<\/td>\n<td width=\"300\">Bois dur durable<\/td>\n<\/tr>\n<tr>\n<td width=\"110\">Couleur:<\/td>\n<td width=\"300\">Marron (clair)<\/td>\n<\/tr>\n<tr>\n<td width=\"110\">Finition:<\/td>\n<td width=\"300\">Finition l\u00e9g\u00e8re<\/td>\n<\/tr>\n<\/tbody>\n<\/table>","protected":false},"featured_media":513124,"template":"","meta":{"_seopress_robots_primary_cat":"none","_seopress_titles_title":"Sev T220-300 | eettafel met golvend onderstel","_seopress_titles_desc":"Eettafel met een golvend onderstel met latjes. Deze tafel is uitgevoerd met een afgerond blad, trendy aparte golvende poot.","_seopress_robots_index":""},"product_brand":[],"product_cat":[55,54],"product_tag":[52,126,44],"class_list":{"0":"post-513123","1":"product","2":"type-product","3":"status-publish","4":"has-post-thumbnail","6":"product_cat-eettafel","7":"product_cat-tafels","8":"product_tag-design-meubelen","9":"product_tag-lichte-finish","10":"product_tag-moderne-meubels","12":"first","13":"instock","14":"taxable","15":"shipping-taxable","16":"purchasable","17":"product-type-variable"},"_links":{"self":[{"href":"https:\/\/2furn.be\/fr\/wp-json\/wp\/v2\/product\/513123","targetHints":{"allow":["GET"]}}],"collection":[{"href":"https:\/\/2furn.be\/fr\/wp-json\/wp\/v2\/product"}],"about":[{"href":"https:\/\/2furn.be\/fr\/wp-json\/wp\/v2\/types\/product"}],"version-history":[{"count":0,"href":"https:\/\/2furn.be\/fr\/wp-json\/wp\/v2\/product\/513123\/revisions"}],"wp:featuredmedia":[{"embeddable":true,"href":"https:\/\/2furn.be\/fr\/wp-json\/wp\/v2\/media\/513124"}],"wp:attachment":[{"href":"https:\/\/2furn.be\/fr\/wp-json\/wp\/v2\/media?parent=513123"}],"wp:term":[{"taxonomy":"product_brand","embeddable":true,"href":"https:\/\/2furn.be\/fr\/wp-json\/wp\/v2\/product_brand?post=513123"},{"taxonomy":"product_cat","embeddable":true,"href":"https:\/\/2furn.be\/fr\/wp-json\/wp\/v2\/product_cat?post=513123"},{"taxonomy":"product_tag","embeddable":true,"href":"https:\/\/2furn.be\/fr\/wp-json\/wp\/v2\/product_tag?post=513123"}],"curies":[{"name":"wp","href":"https:\/\/api.w.org\/{rel}","templated":true}]}}