{"id":513039,"date":"2025-06-02T20:50:09","date_gmt":"2025-06-02T18:50:09","guid":{"rendered":"https:\/\/2furn.be\/?post_type=product&#038;p=513039"},"modified":"2026-04-22T00:00:28","modified_gmt":"2026-04-21T22:00:28","slug":"pat-txxx","status":"publish","type":"product","link":"https:\/\/2furn.be\/fr\/product\/pat-txxx\/","title":{"rendered":"Pat T230"},"content":{"rendered":"<p>La Pat T230 est une table de salle \u00e0 manger beige au look chic et \u00e9l\u00e9gant. Cette table tendance est dot\u00e9e d'un plateau arrondi, d'un design branch\u00e9 et se caract\u00e9rise par son \u00e9l\u00e9gant pied fusel\u00e9. La base de cette \u00e9l\u00e9gante table de salle \u00e0 manger est un pied en bois.<span class=\"Apple-converted-space\">\u00a0<\/span><\/p>\n<p>La s\u00e9rie Pat est finie dans une couleur beige. Id\u00e9ale pour les int\u00e9rieurs branch\u00e9s qui allient style et fonctionnalit\u00e9. D\u00e9couvrez un design intemporel et des lignes \u00e9pur\u00e9es avec la collection de meubles Pat.<\/p>","protected":false},"excerpt":{"rendered":"<table>\n<tbody>\n<tr>\n<td width=\"110\"><\/td>\n<td width=\"300\"><\/td>\n<\/tr>\n<tr>\n<td width=\"110\">Mat\u00e9riel:<\/td>\n<td width=\"300\">Bois dur durable<\/td>\n<\/tr>\n<tr>\n<td width=\"110\">Couleur:<\/td>\n<td width=\"300\">Beige<\/td>\n<\/tr>\n<tr>\n<td width=\"110\">Finition:<\/td>\n<td width=\"300\">Finition l\u00e9g\u00e8re<\/td>\n<\/tr>\n<\/tbody>\n<\/table>","protected":false},"featured_media":513042,"template":"","meta":{"_seopress_robots_primary_cat":"none","_seopress_titles_title":"Pat T230 | beige eettafel, stijlvolle uitstraling","_seopress_titles_desc":"Beige eettafel met chique, stijlvolle uitstraling. Deze trendy tafel is uitgevoerd met een afgerond blad, trendy design, conische poot.","_seopress_robots_index":""},"product_brand":[],"product_cat":[55,54],"product_tag":[131,43,44,125],"class_list":{"0":"post-513039","1":"product","2":"type-product","3":"status-publish","4":"has-post-thumbnail","6":"product_cat-eettafel","7":"product_cat-tafels","8":"product_tag-beige-finish","9":"product_tag-landelijke-meubels","10":"product_tag-moderne-meubels","11":"product_tag-retro-meubelen","13":"first","14":"instock","15":"taxable","16":"shipping-taxable","17":"purchasable","18":"product-type-variable"},"_links":{"self":[{"href":"https:\/\/2furn.be\/fr\/wp-json\/wp\/v2\/product\/513039","targetHints":{"allow":["GET"]}}],"collection":[{"href":"https:\/\/2furn.be\/fr\/wp-json\/wp\/v2\/product"}],"about":[{"href":"https:\/\/2furn.be\/fr\/wp-json\/wp\/v2\/types\/product"}],"version-history":[{"count":0,"href":"https:\/\/2furn.be\/fr\/wp-json\/wp\/v2\/product\/513039\/revisions"}],"wp:featuredmedia":[{"embeddable":true,"href":"https:\/\/2furn.be\/fr\/wp-json\/wp\/v2\/media\/513042"}],"wp:attachment":[{"href":"https:\/\/2furn.be\/fr\/wp-json\/wp\/v2\/media?parent=513039"}],"wp:term":[{"taxonomy":"product_brand","embeddable":true,"href":"https:\/\/2furn.be\/fr\/wp-json\/wp\/v2\/product_brand?post=513039"},{"taxonomy":"product_cat","embeddable":true,"href":"https:\/\/2furn.be\/fr\/wp-json\/wp\/v2\/product_cat?post=513039"},{"taxonomy":"product_tag","embeddable":true,"href":"https:\/\/2furn.be\/fr\/wp-json\/wp\/v2\/product_tag?post=513039"}],"curies":[{"name":"wp","href":"https:\/\/api.w.org\/{rel}","templated":true}]}}