{"id":513014,"date":"2025-06-02T20:42:13","date_gmt":"2025-06-02T18:42:13","guid":{"rendered":"https:\/\/2furn.be\/?post_type=product&#038;p=513014"},"modified":"2026-04-22T00:00:29","modified_gmt":"2026-04-21T22:00:29","slug":"nov-toxxx","status":"publish","type":"product","link":"https:\/\/2furn.be\/fr\/product\/nov-toxxx\/","title":{"rendered":"Nov TO200-230"},"content":{"rendered":"<p>La Nov TO200-230 est une table de salle \u00e0 manger tendance au look ch\u00eane raffin\u00e9. Dot\u00e9e d'un plateau ovale en bois, cette table moderne se caract\u00e9rise par son aspect ch\u00eane et son pi\u00e8tement ovale. La base de cette \u00e9l\u00e9gante table de salle \u00e0 manger est un pied en bois.<span class=\"Apple-converted-space\">\u00a0<\/span><\/p>\n<p>La s\u00e9rie Nov est dot\u00e9e d'une finition claire et d'une texture en placage de ch\u00eane. Id\u00e9ale pour les int\u00e9rieurs branch\u00e9s qui allient style et fonctionnalit\u00e9. D\u00e9couvrez un design intemporel et des lignes \u00e9pur\u00e9es avec la collection de meubles Nov.<\/p>","protected":false},"excerpt":{"rendered":"<table>\n<tbody>\n<tr>\n<td width=\"110\"><\/td>\n<td width=\"300\"><\/td>\n<\/tr>\n<tr>\n<td width=\"110\">Mat\u00e9riel:<\/td>\n<td width=\"300\">Placage de ch\u00eane<\/td>\n<\/tr>\n<tr>\n<td width=\"110\">Couleur:<\/td>\n<td width=\"300\">Marron (clair)<\/td>\n<\/tr>\n<tr>\n<td width=\"110\">Finition:<\/td>\n<td width=\"300\">Finition l\u00e9g\u00e8re<\/td>\n<\/tr>\n<\/tbody>\n<\/table>","protected":false},"featured_media":513016,"template":"","meta":{"_seopress_robots_primary_cat":"none","_seopress_titles_title":"Nov TO200-230 | trendy eettafel, eikenhout","_seopress_titles_desc":"Trendy eettafel met een verfijnde, eikenhouten uitstraling. Deze moderne tafel is uitgevoerd met een ovaal houten blad.","_seopress_robots_index":""},"product_brand":[],"product_cat":[55,54],"product_tag":[52,126,44],"class_list":{"0":"post-513014","1":"product","2":"type-product","3":"status-publish","4":"has-post-thumbnail","6":"product_cat-eettafel","7":"product_cat-tafels","8":"product_tag-design-meubelen","9":"product_tag-lichte-finish","10":"product_tag-moderne-meubels","12":"first","13":"instock","14":"taxable","15":"shipping-taxable","16":"purchasable","17":"product-type-variable"},"_links":{"self":[{"href":"https:\/\/2furn.be\/fr\/wp-json\/wp\/v2\/product\/513014","targetHints":{"allow":["GET"]}}],"collection":[{"href":"https:\/\/2furn.be\/fr\/wp-json\/wp\/v2\/product"}],"about":[{"href":"https:\/\/2furn.be\/fr\/wp-json\/wp\/v2\/types\/product"}],"version-history":[{"count":0,"href":"https:\/\/2furn.be\/fr\/wp-json\/wp\/v2\/product\/513014\/revisions"}],"wp:featuredmedia":[{"embeddable":true,"href":"https:\/\/2furn.be\/fr\/wp-json\/wp\/v2\/media\/513016"}],"wp:attachment":[{"href":"https:\/\/2furn.be\/fr\/wp-json\/wp\/v2\/media?parent=513014"}],"wp:term":[{"taxonomy":"product_brand","embeddable":true,"href":"https:\/\/2furn.be\/fr\/wp-json\/wp\/v2\/product_brand?post=513014"},{"taxonomy":"product_cat","embeddable":true,"href":"https:\/\/2furn.be\/fr\/wp-json\/wp\/v2\/product_cat?post=513014"},{"taxonomy":"product_tag","embeddable":true,"href":"https:\/\/2furn.be\/fr\/wp-json\/wp\/v2\/product_tag?post=513014"}],"curies":[{"name":"wp","href":"https:\/\/api.w.org\/{rel}","templated":true}]}}