{"id":512999,"date":"2025-06-02T15:44:53","date_gmt":"2025-06-02T13:44:53","guid":{"rendered":"https:\/\/2furn.be\/?post_type=product&#038;p=512999"},"modified":"2026-04-27T00:00:20","modified_gmt":"2026-04-26T22:00:20","slug":"jes-trxxxz","status":"publish","type":"product","link":"https:\/\/2furn.be\/fr\/product\/jes-trxxxz\/","title":{"rendered":"JES TR120-130Z"},"content":{"rendered":"<p>La Jes TR120-130Z est une table de salle \u00e0 manger design noire en bois dur durable avec un pied en m\u00e9tal. Cette table est livr\u00e9e avec un pied araign\u00e9e et un plateau rond. La base de cette table de salle \u00e0 manger ronde noire est un pied en m\u00e9tal de type araign\u00e9e \/ matriciel.<span class=\"Apple-converted-space\">\u00a0<\/span><\/p>\n<p>La s\u00e9rie Jes est r\u00e9alis\u00e9e en noir. Id\u00e9ale pour les int\u00e9rieurs modernes qui allient style et fonctionnalit\u00e9. Faites l'exp\u00e9rience d'une \u00e9l\u00e9gance intemporelle dans votre maison avec la collection exclusive de meubles Jes.<\/p>","protected":false},"excerpt":{"rendered":"<table>\n<tbody>\n<tr>\n<td width=\"110\"><\/td>\n<td width=\"300\"><\/td>\n<\/tr>\n<tr>\n<td width=\"110\">Mat\u00e9riel:<\/td>\n<td width=\"300\">Bois dur durable + m\u00e9tal<\/td>\n<\/tr>\n<tr>\n<td width=\"110\">Couleur:<\/td>\n<td width=\"300\">Noir<\/td>\n<\/tr>\n<tr>\n<td width=\"110\">Finition:<\/td>\n<td width=\"300\">Finition noire<\/td>\n<\/tr>\n<\/tbody>\n<\/table>","protected":false},"featured_media":512989,"template":"","meta":{"_seopress_robots_primary_cat":"none","_seopress_titles_title":"Jes TR120-130Z | zwarte design eettafel rond","_seopress_titles_desc":"Zwarte design eettafel rond in duurzaam hardhout met metalen poot. Deze tafel is uitgevoerd met een spinpoot en rond blad.","_seopress_robots_index":""},"product_brand":[],"product_cat":[55,54],"product_tag":[52,78,44,129],"class_list":{"0":"post-512999","1":"product","2":"type-product","3":"status-publish","4":"has-post-thumbnail","6":"product_cat-eettafel","7":"product_cat-tafels","8":"product_tag-design-meubelen","9":"product_tag-metaal","10":"product_tag-moderne-meubels","11":"product_tag-zwarte-finish","13":"first","14":"instock","15":"taxable","16":"shipping-taxable","17":"purchasable","18":"product-type-variable"},"_links":{"self":[{"href":"https:\/\/2furn.be\/fr\/wp-json\/wp\/v2\/product\/512999","targetHints":{"allow":["GET"]}}],"collection":[{"href":"https:\/\/2furn.be\/fr\/wp-json\/wp\/v2\/product"}],"about":[{"href":"https:\/\/2furn.be\/fr\/wp-json\/wp\/v2\/types\/product"}],"version-history":[{"count":0,"href":"https:\/\/2furn.be\/fr\/wp-json\/wp\/v2\/product\/512999\/revisions"}],"wp:featuredmedia":[{"embeddable":true,"href":"https:\/\/2furn.be\/fr\/wp-json\/wp\/v2\/media\/512989"}],"wp:attachment":[{"href":"https:\/\/2furn.be\/fr\/wp-json\/wp\/v2\/media?parent=512999"}],"wp:term":[{"taxonomy":"product_brand","embeddable":true,"href":"https:\/\/2furn.be\/fr\/wp-json\/wp\/v2\/product_brand?post=512999"},{"taxonomy":"product_cat","embeddable":true,"href":"https:\/\/2furn.be\/fr\/wp-json\/wp\/v2\/product_cat?post=512999"},{"taxonomy":"product_tag","embeddable":true,"href":"https:\/\/2furn.be\/fr\/wp-json\/wp\/v2\/product_tag?post=512999"}],"curies":[{"name":"wp","href":"https:\/\/api.w.org\/{rel}","templated":true}]}}