{"id":512994,"date":"2025-06-02T15:42:01","date_gmt":"2025-06-02T13:42:01","guid":{"rendered":"https:\/\/2furn.be\/?post_type=product&#038;p=512994"},"modified":"2026-04-23T00:00:25","modified_gmt":"2026-04-22T22:00:25","slug":"jes-trxxxb","status":"publish","type":"product","link":"https:\/\/2furn.be\/fr\/product\/jes-trxxxb\/","title":{"rendered":"JES TR120-130B"},"content":{"rendered":"<p>La table Jes TR120-130B est une table de salle \u00e0 manger design ronde en bois dur durable avec un pied en m\u00e9tal. Cette table est livr\u00e9e avec un pied araign\u00e9e et un plateau rond. La base de cette table de salle \u00e0 manger design ronde noire est un pied araign\u00e9e \/ pied matriciel en m\u00e9tal.<span class=\"Apple-converted-space\">\u00a0<\/span><\/p>\n<p>La s\u00e9rie Jes est r\u00e9alis\u00e9e en finition fonc\u00e9e. Id\u00e9ale pour les int\u00e9rieurs modernes qui allient style et fonctionnalit\u00e9. Faites l'exp\u00e9rience d'une \u00e9l\u00e9gance intemporelle dans votre maison avec la collection exclusive de meubles Jes.<\/p>","protected":false},"excerpt":{"rendered":"<table>\n<tbody>\n<tr>\n<td width=\"110\"><\/td>\n<td width=\"300\"><\/td>\n<\/tr>\n<tr>\n<td width=\"110\">Mat\u00e9riel:<\/td>\n<td width=\"300\">Bois dur durable + m\u00e9tal<\/td>\n<\/tr>\n<tr>\n<td width=\"110\">Couleur:<\/td>\n<td width=\"300\">Brun (Fonc\u00e9)<\/td>\n<\/tr>\n<tr>\n<td width=\"110\">Finition:<\/td>\n<td width=\"300\">Finition fonc\u00e9e<\/td>\n<\/tr>\n<\/tbody>\n<\/table>","protected":false},"featured_media":512984,"template":"","meta":{"_seopress_robots_primary_cat":"none","_seopress_titles_title":"Jes TR120-130B | donkerbruine design eettafel rond","_seopress_titles_desc":"Donkerbruine design eettafel rond in duurzaam hardhout met metalen poot. Deze tafel is uitgevoerd met een spinpoot en rond blad.","_seopress_robots_index":""},"product_brand":[],"product_cat":[55,54],"product_tag":[52,127,78,44],"class_list":{"0":"post-512994","1":"product","2":"type-product","3":"status-publish","4":"has-post-thumbnail","6":"product_cat-eettafel","7":"product_cat-tafels","8":"product_tag-design-meubelen","9":"product_tag-donkere-finish","10":"product_tag-metaal","11":"product_tag-moderne-meubels","13":"first","14":"instock","15":"taxable","16":"shipping-taxable","17":"purchasable","18":"product-type-variable"},"_links":{"self":[{"href":"https:\/\/2furn.be\/fr\/wp-json\/wp\/v2\/product\/512994","targetHints":{"allow":["GET"]}}],"collection":[{"href":"https:\/\/2furn.be\/fr\/wp-json\/wp\/v2\/product"}],"about":[{"href":"https:\/\/2furn.be\/fr\/wp-json\/wp\/v2\/types\/product"}],"version-history":[{"count":0,"href":"https:\/\/2furn.be\/fr\/wp-json\/wp\/v2\/product\/512994\/revisions"}],"wp:featuredmedia":[{"embeddable":true,"href":"https:\/\/2furn.be\/fr\/wp-json\/wp\/v2\/media\/512984"}],"wp:attachment":[{"href":"https:\/\/2furn.be\/fr\/wp-json\/wp\/v2\/media?parent=512994"}],"wp:term":[{"taxonomy":"product_brand","embeddable":true,"href":"https:\/\/2furn.be\/fr\/wp-json\/wp\/v2\/product_brand?post=512994"},{"taxonomy":"product_cat","embeddable":true,"href":"https:\/\/2furn.be\/fr\/wp-json\/wp\/v2\/product_cat?post=512994"},{"taxonomy":"product_tag","embeddable":true,"href":"https:\/\/2furn.be\/fr\/wp-json\/wp\/v2\/product_tag?post=512994"}],"curies":[{"name":"wp","href":"https:\/\/api.w.org\/{rel}","templated":true}]}}