{"id":512852,"date":"2025-06-02T11:44:37","date_gmt":"2025-06-02T09:44:37","guid":{"rendered":"https:\/\/2furn.be\/?post_type=product&#038;p=512852"},"modified":"2026-04-27T00:00:20","modified_gmt":"2026-04-26T22:00:20","slug":"sal-tvxxxb","status":"publish","type":"product","link":"https:\/\/2furn.be\/fr\/product\/sal-tvxxxb\/","title":{"rendered":"Sal TV170-210B"},"content":{"rendered":"<p>Le Sal TV170-210B est un meuble TV moderne de couleur marron fonc\u00e9 avec un design rond et des pieds remarquables. Ce meuble TV en bois pr\u00e9sente des c\u00f4t\u00e9s arrondis et des portes \u00e0 charni\u00e8res. Ce meuble TV moderne de couleur marron fonc\u00e9 se caract\u00e9rise par un design rond et des pieds ronds typiques. Ce meuble est compos\u00e9 de 1 partie.<\/p>\n<p>La s\u00e9rie Sal est r\u00e9alis\u00e9e en finition fonc\u00e9e. Id\u00e9ale pour les int\u00e9rieurs branch\u00e9s qui allient style et fonctionnalit\u00e9. D\u00e9couvrez un design intemporel et des lignes \u00e9pur\u00e9es avec la collection de meubles Sal.<\/p>","protected":false},"excerpt":{"rendered":"<table>\n<tbody>\n<tr>\n<td width=\"110\"><\/td>\n<td width=\"300\"><\/td>\n<\/tr>\n<tr>\n<td width=\"110\">Mat\u00e9riel:<\/td>\n<td width=\"300\">Bois dur durable<\/td>\n<\/tr>\n<tr>\n<td width=\"110\">Couleur:<\/td>\n<td width=\"300\">Brun (Fonc\u00e9)<\/td>\n<\/tr>\n<tr>\n<td width=\"110\">Finition:<\/td>\n<td width=\"300\">Finition fonc\u00e9e<\/td>\n<\/tr>\n<\/tbody>\n<\/table>\n<p>&nbsp;<\/p>","protected":false},"featured_media":512844,"template":"","meta":{"_seopress_robots_primary_cat":"none","_seopress_titles_title":"Sal TV170-210B | modern donkerbruin Tv-meubel","_seopress_titles_desc":"Modern donkerbruin Tv-meubel met rond design en opvallende poten. Dit Tv-meubel typeert zich door rond design en typische ronde poten.","_seopress_robots_index":""},"product_brand":[],"product_cat":[68],"product_tag":[127,43,44],"class_list":{"0":"post-512852","1":"product","2":"type-product","3":"status-publish","4":"has-post-thumbnail","6":"product_cat-tv-meubels","7":"product_tag-donkere-finish","8":"product_tag-landelijke-meubels","9":"product_tag-moderne-meubels","11":"first","12":"instock","13":"taxable","14":"shipping-taxable","15":"purchasable","16":"product-type-variable"},"_links":{"self":[{"href":"https:\/\/2furn.be\/fr\/wp-json\/wp\/v2\/product\/512852","targetHints":{"allow":["GET"]}}],"collection":[{"href":"https:\/\/2furn.be\/fr\/wp-json\/wp\/v2\/product"}],"about":[{"href":"https:\/\/2furn.be\/fr\/wp-json\/wp\/v2\/types\/product"}],"version-history":[{"count":0,"href":"https:\/\/2furn.be\/fr\/wp-json\/wp\/v2\/product\/512852\/revisions"}],"wp:featuredmedia":[{"embeddable":true,"href":"https:\/\/2furn.be\/fr\/wp-json\/wp\/v2\/media\/512844"}],"wp:attachment":[{"href":"https:\/\/2furn.be\/fr\/wp-json\/wp\/v2\/media?parent=512852"}],"wp:term":[{"taxonomy":"product_brand","embeddable":true,"href":"https:\/\/2furn.be\/fr\/wp-json\/wp\/v2\/product_brand?post=512852"},{"taxonomy":"product_cat","embeddable":true,"href":"https:\/\/2furn.be\/fr\/wp-json\/wp\/v2\/product_cat?post=512852"},{"taxonomy":"product_tag","embeddable":true,"href":"https:\/\/2furn.be\/fr\/wp-json\/wp\/v2\/product_tag?post=512852"}],"curies":[{"name":"wp","href":"https:\/\/api.w.org\/{rel}","templated":true}]}}