{"id":512722,"date":"2025-06-02T10:42:00","date_gmt":"2025-06-02T08:42:00","guid":{"rendered":"https:\/\/2furn.be\/?post_type=product&#038;p=512722"},"modified":"2026-04-25T00:00:27","modified_gmt":"2026-04-24T22:00:27","slug":"ela-tvxxx","status":"publish","type":"product","link":"https:\/\/2furn.be\/fr\/product\/ela-tvxxx\/","title":{"rendered":"Ela TV180"},"content":{"rendered":"<p>L'Ela TV180 est un meuble TV \u00e9pur\u00e9 avec des portes battantes minimalistes. Ce meuble TV \u00e9pur\u00e9 est \u00e9quip\u00e9 de portes battantes. Ce meuble TV \u00e9pur\u00e9 se caract\u00e9rise par son style minimaliste et ses portes \u00e9pur\u00e9es. Le meuble bas repose sur un pied m\u00e9tallique \u00e9pur\u00e9. Ce meuble se compose d'une seule partie.<span class=\"Apple-converted-space\">\u00a0<\/span><\/p>\n<p>La s\u00e9rie Ela est r\u00e9alis\u00e9e en finition claire. Id\u00e9ale pour les int\u00e9rieurs modernes qui allient style et fonctionnalit\u00e9. Faites l'exp\u00e9rience d'une \u00e9l\u00e9gance intemporelle dans votre maison avec la collection exclusive de meubles Ela.<\/p>","protected":false},"excerpt":{"rendered":"<table>\n<tbody>\n<tr>\n<td width=\"110\"><\/td>\n<td width=\"300\"><\/td>\n<\/tr>\n<tr>\n<td width=\"110\">Mat\u00e9riel:<\/td>\n<td width=\"300\">Bois dur durable + m\u00e9tal<\/td>\n<\/tr>\n<tr>\n<td width=\"110\">Couleur:<\/td>\n<td width=\"300\">Marron (clair)<\/td>\n<\/tr>\n<tr>\n<td width=\"110\">Finition:<\/td>\n<td width=\"300\">Finition l\u00e9g\u00e8re<\/td>\n<\/tr>\n<\/tbody>\n<\/table>\n<p>&nbsp;<\/p>","protected":false},"featured_media":512717,"template":"","meta":{"_seopress_robots_primary_cat":"none","_seopress_titles_title":"Ela TV180 | strak Tv-meubel, minimalistische draaideuren","_seopress_titles_desc":"Strak Tv-meubel met minimalistische draaideuren. Deze strakke Tv-kast is uitgevoerd met draaideuren, minimalistische stijl.","_seopress_robots_index":""},"product_brand":[],"product_cat":[68],"product_tag":[52,126,44,125],"class_list":{"0":"post-512722","1":"product","2":"type-product","3":"status-publish","4":"has-post-thumbnail","6":"product_cat-tv-meubels","7":"product_tag-design-meubelen","8":"product_tag-lichte-finish","9":"product_tag-moderne-meubels","10":"product_tag-retro-meubelen","12":"first","13":"onbackorder","14":"taxable","15":"shipping-taxable","16":"purchasable","17":"product-type-variable"},"_links":{"self":[{"href":"https:\/\/2furn.be\/fr\/wp-json\/wp\/v2\/product\/512722","targetHints":{"allow":["GET"]}}],"collection":[{"href":"https:\/\/2furn.be\/fr\/wp-json\/wp\/v2\/product"}],"about":[{"href":"https:\/\/2furn.be\/fr\/wp-json\/wp\/v2\/types\/product"}],"version-history":[{"count":1,"href":"https:\/\/2furn.be\/fr\/wp-json\/wp\/v2\/product\/512722\/revisions"}],"predecessor-version":[{"id":512762,"href":"https:\/\/2furn.be\/fr\/wp-json\/wp\/v2\/product\/512722\/revisions\/512762"}],"wp:featuredmedia":[{"embeddable":true,"href":"https:\/\/2furn.be\/fr\/wp-json\/wp\/v2\/media\/512717"}],"wp:attachment":[{"href":"https:\/\/2furn.be\/fr\/wp-json\/wp\/v2\/media?parent=512722"}],"wp:term":[{"taxonomy":"product_brand","embeddable":true,"href":"https:\/\/2furn.be\/fr\/wp-json\/wp\/v2\/product_brand?post=512722"},{"taxonomy":"product_cat","embeddable":true,"href":"https:\/\/2furn.be\/fr\/wp-json\/wp\/v2\/product_cat?post=512722"},{"taxonomy":"product_tag","embeddable":true,"href":"https:\/\/2furn.be\/fr\/wp-json\/wp\/v2\/product_tag?post=512722"}],"curies":[{"name":"wp","href":"https:\/\/api.w.org\/{rel}","templated":true}]}}