{"id":512705,"date":"2025-06-02T10:36:54","date_gmt":"2025-06-02T08:36:54","guid":{"rendered":"https:\/\/2furn.be\/?post_type=product&#038;p=512705"},"modified":"2026-04-23T00:00:26","modified_gmt":"2026-04-22T22:00:26","slug":"cor-tvxxx","status":"publish","type":"product","link":"https:\/\/2furn.be\/fr\/product\/cor-tvxxx\/","title":{"rendered":"Cor TV170-210"},"content":{"rendered":"<p>Le Cor TV170-210 est un meuble TV \u00e9l\u00e9gant au look raffin\u00e9. Ce meuble TV minimaliste est \u00e9quip\u00e9 de portes battantes. Il se caract\u00e9rise par ses lignes \u00e9l\u00e9gantes et ses poign\u00e9es frais\u00e9es. Le meuble bas repose sur un pied \u00e9pur\u00e9. Ce meuble se compose d'une seule partie.<span class=\"Apple-converted-space\">\u00a0<\/span><\/p>\n<p>La s\u00e9rie Cor pr\u00e9sente une finition sombre et une structure en bois bross\u00e9. Elle est id\u00e9ale pour les int\u00e9rieurs modernes qui allient style et fonctionnalit\u00e9. Apportez une \u00e9l\u00e9gance intemporelle \u00e0 votre int\u00e9rieur avec la collection exclusive de meubles Cor.<\/p>","protected":false},"excerpt":{"rendered":"<table>\n<tbody>\n<tr>\n<td width=\"110\"><\/td>\n<td width=\"300\"><\/td>\n<\/tr>\n<tr>\n<td width=\"110\">Mat\u00e9riel:<\/td>\n<td width=\"300\">Bois dur durable<\/td>\n<\/tr>\n<tr>\n<td width=\"110\">Couleur:<\/td>\n<td width=\"300\">Brun (Fonc\u00e9)<\/td>\n<\/tr>\n<tr>\n<td width=\"110\">Finition:<\/td>\n<td width=\"300\">Finition fonc\u00e9e + bross\u00e9e<\/td>\n<\/tr>\n<\/tbody>\n<\/table>\n<p>&nbsp;<\/p>","protected":false},"featured_media":512713,"template":"","meta":{"_seopress_robots_primary_cat":"none","_seopress_titles_title":"Cor TV170-210 | stijlvol Tv-meubel, elegante uitstraling","_seopress_titles_desc":"Stijlvol Tv-meubel met een elegante uitstraling. Dit minimalistisch Tv-meubel is uitgevoerd met draaideuren en uitgefreesde handgrepen.","_seopress_robots_index":""},"product_brand":[],"product_cat":[68],"product_tag":[52,127,44],"class_list":{"0":"post-512705","1":"product","2":"type-product","3":"status-publish","4":"has-post-thumbnail","6":"product_cat-tv-meubels","7":"product_tag-design-meubelen","8":"product_tag-donkere-finish","9":"product_tag-moderne-meubels","11":"first","12":"instock","13":"taxable","14":"shipping-taxable","15":"purchasable","16":"product-type-variable"},"_links":{"self":[{"href":"https:\/\/2furn.be\/fr\/wp-json\/wp\/v2\/product\/512705","targetHints":{"allow":["GET"]}}],"collection":[{"href":"https:\/\/2furn.be\/fr\/wp-json\/wp\/v2\/product"}],"about":[{"href":"https:\/\/2furn.be\/fr\/wp-json\/wp\/v2\/types\/product"}],"version-history":[{"count":0,"href":"https:\/\/2furn.be\/fr\/wp-json\/wp\/v2\/product\/512705\/revisions"}],"wp:featuredmedia":[{"embeddable":true,"href":"https:\/\/2furn.be\/fr\/wp-json\/wp\/v2\/media\/512713"}],"wp:attachment":[{"href":"https:\/\/2furn.be\/fr\/wp-json\/wp\/v2\/media?parent=512705"}],"wp:term":[{"taxonomy":"product_brand","embeddable":true,"href":"https:\/\/2furn.be\/fr\/wp-json\/wp\/v2\/product_brand?post=512705"},{"taxonomy":"product_cat","embeddable":true,"href":"https:\/\/2furn.be\/fr\/wp-json\/wp\/v2\/product_cat?post=512705"},{"taxonomy":"product_tag","embeddable":true,"href":"https:\/\/2furn.be\/fr\/wp-json\/wp\/v2\/product_tag?post=512705"}],"curies":[{"name":"wp","href":"https:\/\/api.w.org\/{rel}","templated":true}]}}