{"id":512669,"date":"2025-06-01T20:53:31","date_gmt":"2025-06-01T18:53:31","guid":{"rendered":"https:\/\/2furn.be\/?post_type=product&#038;p=512669"},"modified":"2026-04-23T00:00:26","modified_gmt":"2026-04-22T22:00:26","slug":"sal-xxx","status":"publish","type":"product","link":"https:\/\/2furn.be\/fr\/product\/sal-xxx\/","title":{"rendered":"Sal 115"},"content":{"rendered":"<p>La Sal 115 est une armoire murale moderne au design arrondi et aux pieds remarquables. Cette armoire en bois pr\u00e9sente des c\u00f4t\u00e9s arrondis et des portes \u00e0 charni\u00e8res. Cette armoire murale moderne se caract\u00e9rise par un design rond et des pieds ronds typiques. Le plateau est dot\u00e9 d'une finition moderne et l'\u00e9l\u00e9ment bas repose sur un pied rond et \u00e9l\u00e9gant. Ce meuble est compos\u00e9 de 1 pi\u00e8ce.<\/p>\n<p>La s\u00e9rie Sal est r\u00e9alis\u00e9e en finition claire. Id\u00e9ale pour les int\u00e9rieurs branch\u00e9s qui allient style et fonctionnalit\u00e9. D\u00e9couvrez un design intemporel et des lignes \u00e9pur\u00e9es avec la collection de meubles Sal.<\/p>","protected":false},"excerpt":{"rendered":"<table>\n<tbody>\n<tr>\n<td width=\"110\"><\/td>\n<td width=\"300\"><\/td>\n<\/tr>\n<tr>\n<td width=\"110\">Mat\u00e9riel:<\/td>\n<td width=\"300\">Bois dur durable<\/td>\n<\/tr>\n<tr>\n<td width=\"110\">Couleur:<\/td>\n<td width=\"300\">Marron (clair)<\/td>\n<\/tr>\n<tr>\n<td width=\"110\">Finition:<\/td>\n<td width=\"300\">Finition l\u00e9g\u00e8re<\/td>\n<\/tr>\n<\/tbody>\n<\/table>\n<p>&nbsp;<\/p>","protected":false},"featured_media":512671,"template":"","meta":{"_seopress_robots_primary_cat":"none","_seopress_titles_title":"Sal 115 | moderne wandkast met rond design","_seopress_titles_desc":"Moderne wandkast met rond design en opvallende poten. Deze houten kast is uitgevoerd met afgeronde zijkanten en draaideuren.","_seopress_robots_index":""},"product_brand":[],"product_cat":[47,39,132],"product_tag":[43,126,44],"class_list":{"0":"post-512669","1":"product","2":"type-product","3":"status-publish","4":"has-post-thumbnail","6":"product_cat-buffetkast","7":"product_cat-kasten","8":"product_cat-wandkast","9":"product_tag-landelijke-meubels","10":"product_tag-lichte-finish","11":"product_tag-moderne-meubels","13":"first","14":"onbackorder","15":"taxable","16":"shipping-taxable","17":"purchasable","18":"product-type-variable"},"_links":{"self":[{"href":"https:\/\/2furn.be\/fr\/wp-json\/wp\/v2\/product\/512669","targetHints":{"allow":["GET"]}}],"collection":[{"href":"https:\/\/2furn.be\/fr\/wp-json\/wp\/v2\/product"}],"about":[{"href":"https:\/\/2furn.be\/fr\/wp-json\/wp\/v2\/types\/product"}],"version-history":[{"count":0,"href":"https:\/\/2furn.be\/fr\/wp-json\/wp\/v2\/product\/512669\/revisions"}],"wp:featuredmedia":[{"embeddable":true,"href":"https:\/\/2furn.be\/fr\/wp-json\/wp\/v2\/media\/512671"}],"wp:attachment":[{"href":"https:\/\/2furn.be\/fr\/wp-json\/wp\/v2\/media?parent=512669"}],"wp:term":[{"taxonomy":"product_brand","embeddable":true,"href":"https:\/\/2furn.be\/fr\/wp-json\/wp\/v2\/product_brand?post=512669"},{"taxonomy":"product_cat","embeddable":true,"href":"https:\/\/2furn.be\/fr\/wp-json\/wp\/v2\/product_cat?post=512669"},{"taxonomy":"product_tag","embeddable":true,"href":"https:\/\/2furn.be\/fr\/wp-json\/wp\/v2\/product_tag?post=512669"}],"curies":[{"name":"wp","href":"https:\/\/api.w.org\/{rel}","templated":true}]}}