{"id":512654,"date":"2025-06-01T20:45:47","date_gmt":"2025-06-01T18:45:47","guid":{"rendered":"https:\/\/2furn.be\/?post_type=product&#038;p=512654"},"modified":"2026-04-27T00:00:21","modified_gmt":"2026-04-26T22:00:21","slug":"nov-xxxe","status":"publish","type":"product","link":"https:\/\/2furn.be\/fr\/product\/nov-xxxe\/","title":{"rendered":"Nov 145E"},"content":{"rendered":"<p>Le Nov 145E est un buffet tendance de couleur marron fonc\u00e9 avec un aspect ch\u00eane raffin\u00e9. Cette armoire moderne a des c\u00f4t\u00e9s arrondis et des portes \u00e0 charni\u00e8res. Ce buffet tendance se caract\u00e9rise par ses lignes \u00e9l\u00e9gantes et arrondies et son aspect ch\u00eane dans un coloris brun fonc\u00e9. Le plateau est dot\u00e9 d'une corniche moderne et le meuble inf\u00e9rieur repose sur un socle plat. Ce meuble est compos\u00e9 de 1 pi\u00e8ce.<\/p>\n<p>La s\u00e9rie Nov est r\u00e9alis\u00e9e en finition Espresso et poss\u00e8de une structure en placage de ch\u00eane. Id\u00e9ale pour les int\u00e9rieurs branch\u00e9s qui allient style et fonctionnalit\u00e9. D\u00e9couvrez un design intemporel et des lignes \u00e9pur\u00e9es avec la collection de meubles tendance Nov.<\/p>","protected":false},"excerpt":{"rendered":"<table>\n<tbody>\n<tr>\n<td width=\"110\"><\/td>\n<td width=\"300\"><\/td>\n<\/tr>\n<tr>\n<td width=\"110\">Mat\u00e9riel:<\/td>\n<td width=\"300\">Placage de ch\u00eane<\/td>\n<\/tr>\n<tr>\n<td width=\"110\">Couleur:<\/td>\n<td width=\"300\">Brun (Fonc\u00e9)<\/td>\n<\/tr>\n<tr>\n<td width=\"110\">Finition:<\/td>\n<td width=\"300\">Finition fonc\u00e9e<\/td>\n<\/tr>\n<\/tbody>\n<\/table>\n<p>&nbsp;<\/p>","protected":false},"featured_media":512656,"template":"","meta":{"_seopress_robots_primary_cat":"none","_seopress_titles_title":"Nov 145E | trendy donkerbruine buffetkast eiken","_seopress_titles_desc":"Trendy donkerbruine buffetkast met een verfijnde, eikenhouten uitstraling. Afgerond lijnenspel en eikenhouten look in een donkerbruine kleur.","_seopress_robots_index":""},"product_brand":[],"product_cat":[90,47,39,132],"product_tag":[52,127,44],"class_list":{"0":"post-512654","1":"product","2":"type-product","3":"status-publish","4":"has-post-thumbnail","6":"product_cat-boekenkast","7":"product_cat-buffetkast","8":"product_cat-kasten","9":"product_cat-wandkast","10":"product_tag-design-meubelen","11":"product_tag-donkere-finish","12":"product_tag-moderne-meubels","14":"first","15":"onbackorder","16":"taxable","17":"shipping-taxable","18":"purchasable","19":"product-type-variable"},"_links":{"self":[{"href":"https:\/\/2furn.be\/fr\/wp-json\/wp\/v2\/product\/512654","targetHints":{"allow":["GET"]}}],"collection":[{"href":"https:\/\/2furn.be\/fr\/wp-json\/wp\/v2\/product"}],"about":[{"href":"https:\/\/2furn.be\/fr\/wp-json\/wp\/v2\/types\/product"}],"version-history":[{"count":0,"href":"https:\/\/2furn.be\/fr\/wp-json\/wp\/v2\/product\/512654\/revisions"}],"wp:featuredmedia":[{"embeddable":true,"href":"https:\/\/2furn.be\/fr\/wp-json\/wp\/v2\/media\/512656"}],"wp:attachment":[{"href":"https:\/\/2furn.be\/fr\/wp-json\/wp\/v2\/media?parent=512654"}],"wp:term":[{"taxonomy":"product_brand","embeddable":true,"href":"https:\/\/2furn.be\/fr\/wp-json\/wp\/v2\/product_brand?post=512654"},{"taxonomy":"product_cat","embeddable":true,"href":"https:\/\/2furn.be\/fr\/wp-json\/wp\/v2\/product_cat?post=512654"},{"taxonomy":"product_tag","embeddable":true,"href":"https:\/\/2furn.be\/fr\/wp-json\/wp\/v2\/product_tag?post=512654"}],"curies":[{"name":"wp","href":"https:\/\/api.w.org\/{rel}","templated":true}]}}