{"id":512565,"date":"2025-06-01T19:11:35","date_gmt":"2025-06-01T17:11:35","guid":{"rendered":"https:\/\/2furn.be\/?post_type=product&#038;p=512565"},"modified":"2026-04-25T00:00:27","modified_gmt":"2026-04-24T22:00:27","slug":"cor-83b","status":"publish","type":"product","link":"https:\/\/2furn.be\/fr\/product\/cor-83b\/","title":{"rendered":"Cor 83B"},"content":{"rendered":"<p>Le Cor 83B est une biblioth\u00e8que ouverte \u00e9troite \u00e0 l'allure \u00e9l\u00e9gante. Cette armoire ouverte est \u00e9quip\u00e9e de portes battantes et de tiroirs. Cette biblioth\u00e8que se caract\u00e9rise par ses lignes \u00e9l\u00e9gantes et ses poign\u00e9es frais\u00e9es. Le dessus est dot\u00e9 d'une corniche moderne et la partie inf\u00e9rieure repose sur un pied \u00e9pur\u00e9. Ce meuble se compose d'un seul \u00e9l\u00e9ment.<span class=\"Apple-converted-space\">\u00a0<\/span><\/p>\n<p>La s\u00e9rie Cor pr\u00e9sente une finition sombre et une structure en bois bross\u00e9. Elle est id\u00e9ale pour les int\u00e9rieurs modernes qui allient style et fonctionnalit\u00e9. Apportez une \u00e9l\u00e9gance intemporelle \u00e0 votre int\u00e9rieur avec la collection exclusive de meubles Cor.<\/p>","protected":false},"excerpt":{"rendered":"<table>\n<tbody>\n<tr>\n<td width=\"110\"><\/td>\n<td width=\"300\"><\/td>\n<\/tr>\n<tr>\n<td width=\"110\">Mat\u00e9riel:<\/td>\n<td width=\"300\">Bois dur durable<\/td>\n<\/tr>\n<tr>\n<td width=\"110\">Couleur:<\/td>\n<td width=\"300\">Brun (Fonc\u00e9)<\/td>\n<\/tr>\n<tr>\n<td width=\"110\">Finition:<\/td>\n<td width=\"300\">Finition fonc\u00e9e + bross\u00e9e<\/td>\n<\/tr>\n<\/tbody>\n<\/table>","protected":false},"featured_media":512559,"template":"","meta":{"_seopress_robots_primary_cat":"none","_seopress_titles_title":"Cor 83B | smalle open boekenkast","_seopress_titles_desc":"Smalle open boekenkast met een elegante uitstraling. Deze open kast is uitgevoerd met draaideuren en lades.","_seopress_robots_index":""},"product_brand":[],"product_cat":[90,39,132],"product_tag":[52,127,44],"class_list":{"0":"post-512565","1":"product","2":"type-product","3":"status-publish","4":"has-post-thumbnail","6":"product_cat-boekenkast","7":"product_cat-kasten","8":"product_cat-wandkast","9":"product_tag-design-meubelen","10":"product_tag-donkere-finish","11":"product_tag-moderne-meubels","13":"first","14":"instock","15":"taxable","16":"shipping-taxable","17":"purchasable","18":"product-type-variable"},"_links":{"self":[{"href":"https:\/\/2furn.be\/fr\/wp-json\/wp\/v2\/product\/512565","targetHints":{"allow":["GET"]}}],"collection":[{"href":"https:\/\/2furn.be\/fr\/wp-json\/wp\/v2\/product"}],"about":[{"href":"https:\/\/2furn.be\/fr\/wp-json\/wp\/v2\/types\/product"}],"version-history":[{"count":0,"href":"https:\/\/2furn.be\/fr\/wp-json\/wp\/v2\/product\/512565\/revisions"}],"wp:featuredmedia":[{"embeddable":true,"href":"https:\/\/2furn.be\/fr\/wp-json\/wp\/v2\/media\/512559"}],"wp:attachment":[{"href":"https:\/\/2furn.be\/fr\/wp-json\/wp\/v2\/media?parent=512565"}],"wp:term":[{"taxonomy":"product_brand","embeddable":true,"href":"https:\/\/2furn.be\/fr\/wp-json\/wp\/v2\/product_brand?post=512565"},{"taxonomy":"product_cat","embeddable":true,"href":"https:\/\/2furn.be\/fr\/wp-json\/wp\/v2\/product_cat?post=512565"},{"taxonomy":"product_tag","embeddable":true,"href":"https:\/\/2furn.be\/fr\/wp-json\/wp\/v2\/product_tag?post=512565"}],"curies":[{"name":"wp","href":"https:\/\/api.w.org\/{rel}","templated":true}]}}