{"id":512459,"date":"2025-05-31T17:19:05","date_gmt":"2025-05-31T15:19:05","guid":{"rendered":"https:\/\/2furn.be\/?post_type=product&#038;p=512459"},"modified":"2026-04-21T00:00:30","modified_gmt":"2026-04-20T22:00:30","slug":"pat-dxxx","status":"publish","type":"product","link":"https:\/\/2furn.be\/fr\/product\/pat-dxxx\/","title":{"rendered":"Pat D170"},"content":{"rendered":"<p>Le Pat D170 est un buffet beige \u00e0 l'allure chic et \u00e9l\u00e9gante. Ce buffet tendance se caract\u00e9rise par des c\u00f4t\u00e9s arrondis et des portes battantes. Ce buffet beige se caract\u00e9rise par ses lignes \u00e9l\u00e9gantes et arrondies et ses lattes en bois. L'\u00e9l\u00e9ment bas repose sur un pied \u00e9pur\u00e9. Ce meuble est compos\u00e9 de 1 pi\u00e8ce.<\/p>\n<p>La s\u00e9rie Pat est finie dans une couleur beige. Id\u00e9ale pour les int\u00e9rieurs branch\u00e9s qui allient style et fonctionnalit\u00e9. D\u00e9couvrez un design intemporel et des lignes \u00e9pur\u00e9es avec la collection de meubles Pat.<\/p>","protected":false},"excerpt":{"rendered":"<table>\n<tbody>\n<tr>\n<td width=\"110\"><\/td>\n<td width=\"300\"><\/td>\n<\/tr>\n<tr>\n<td width=\"110\">Mat\u00e9riel:<\/td>\n<td width=\"300\">Bois dur durable + m\u00e9tal<\/td>\n<\/tr>\n<tr>\n<td width=\"110\">Couleur:<\/td>\n<td width=\"300\">Beige<\/td>\n<\/tr>\n<tr>\n<td width=\"110\">Finition:<\/td>\n<td width=\"300\">Finition beige<\/td>\n<\/tr>\n<\/tbody>\n<\/table>","protected":false},"featured_media":512461,"template":"","meta":{"_seopress_robots_primary_cat":"none","_seopress_titles_title":"Pat D170 | beige dressoir met chique uitstraling","_seopress_titles_desc":"Beige dressoir met chique, stijlvolle uitstraling. Dit trendy dressoir is uitgevoerd met afgeronde zijkanten en draaideuren.","_seopress_robots_index":""},"product_brand":[],"product_cat":[64],"product_tag":[52,44,125],"class_list":{"0":"post-512459","1":"product","2":"type-product","3":"status-publish","4":"has-post-thumbnail","6":"product_cat-dressoirs","7":"product_tag-design-meubelen","8":"product_tag-moderne-meubels","9":"product_tag-retro-meubelen","11":"first","12":"instock","13":"taxable","14":"shipping-taxable","15":"purchasable","16":"product-type-variable"},"_links":{"self":[{"href":"https:\/\/2furn.be\/fr\/wp-json\/wp\/v2\/product\/512459","targetHints":{"allow":["GET"]}}],"collection":[{"href":"https:\/\/2furn.be\/fr\/wp-json\/wp\/v2\/product"}],"about":[{"href":"https:\/\/2furn.be\/fr\/wp-json\/wp\/v2\/types\/product"}],"version-history":[{"count":0,"href":"https:\/\/2furn.be\/fr\/wp-json\/wp\/v2\/product\/512459\/revisions"}],"wp:featuredmedia":[{"embeddable":true,"href":"https:\/\/2furn.be\/fr\/wp-json\/wp\/v2\/media\/512461"}],"wp:attachment":[{"href":"https:\/\/2furn.be\/fr\/wp-json\/wp\/v2\/media?parent=512459"}],"wp:term":[{"taxonomy":"product_brand","embeddable":true,"href":"https:\/\/2furn.be\/fr\/wp-json\/wp\/v2\/product_brand?post=512459"},{"taxonomy":"product_cat","embeddable":true,"href":"https:\/\/2furn.be\/fr\/wp-json\/wp\/v2\/product_cat?post=512459"},{"taxonomy":"product_tag","embeddable":true,"href":"https:\/\/2furn.be\/fr\/wp-json\/wp\/v2\/product_tag?post=512459"}],"curies":[{"name":"wp","href":"https:\/\/api.w.org\/{rel}","templated":true}]}}