{"id":512417,"date":"2025-05-31T16:39:46","date_gmt":"2025-05-31T14:39:46","guid":{"rendered":"https:\/\/2furn.be\/?post_type=product&#038;p=512417"},"modified":"2026-04-21T00:00:29","modified_gmt":"2026-04-20T22:00:29","slug":"lau-dxxx","status":"publish","type":"product","link":"https:\/\/2furn.be\/fr\/product\/lau-dxxx\/","title":{"rendered":"Lau D180"},"content":{"rendered":"<p>Le Lau D180 est un buffet tendance en teck \u00e9quip\u00e9 de lattes. Ce buffet est dot\u00e9 d'une base en m\u00e9tal et de c\u00f4t\u00e9s arrondis. La base de ce buffet en teck tendance est un pied en m\u00e9tal.<span class=\"Apple-converted-space\">\u00a0<\/span><\/p>\n<p>La s\u00e9rie Lau est dot\u00e9e d'une finition claire et d'une construction en sandwich durable. Id\u00e9ale pour les int\u00e9rieurs modernes qui allient style et fonctionnalit\u00e9. Faites l'exp\u00e9rience de l'\u00e9l\u00e9gance intemporelle dans votre maison avec la collection exclusive de meubles Lau.<\/p>","protected":false},"excerpt":{"rendered":"<table>\n<tbody>\n<tr>\n<td width=\"110\"><\/td>\n<td width=\"300\"><\/td>\n<\/tr>\n<tr>\n<td width=\"110\">Mat\u00e9riel:<\/td>\n<td width=\"300\">Teck<\/td>\n<\/tr>\n<tr>\n<td width=\"110\">Couleur:<\/td>\n<td width=\"300\">Marron (clair)<\/td>\n<\/tr>\n<tr>\n<td width=\"110\">Finition:<\/td>\n<td width=\"300\">Finition l\u00e9g\u00e8re<\/td>\n<\/tr>\n<\/tbody>\n<\/table>","protected":false},"featured_media":512419,"template":"","meta":{"_seopress_robots_primary_cat":"none","_seopress_titles_title":"Lau D180 | trendy teak dressoir","_seopress_titles_desc":"Trendy teak dressoir, uitgerust met latjes. Dit dressoir is uitgevoerd met een metalen onderstel en afgeronde zijkanten.","_seopress_robots_index":""},"product_brand":[],"product_cat":[64],"product_tag":[52,126,78,44],"class_list":{"0":"post-512417","1":"product","2":"type-product","3":"status-publish","4":"has-post-thumbnail","6":"product_cat-dressoirs","7":"product_tag-design-meubelen","8":"product_tag-lichte-finish","9":"product_tag-metaal","10":"product_tag-moderne-meubels","12":"first","13":"instock","14":"taxable","15":"shipping-taxable","16":"purchasable","17":"product-type-variable"},"_links":{"self":[{"href":"https:\/\/2furn.be\/fr\/wp-json\/wp\/v2\/product\/512417","targetHints":{"allow":["GET"]}}],"collection":[{"href":"https:\/\/2furn.be\/fr\/wp-json\/wp\/v2\/product"}],"about":[{"href":"https:\/\/2furn.be\/fr\/wp-json\/wp\/v2\/types\/product"}],"version-history":[{"count":0,"href":"https:\/\/2furn.be\/fr\/wp-json\/wp\/v2\/product\/512417\/revisions"}],"wp:featuredmedia":[{"embeddable":true,"href":"https:\/\/2furn.be\/fr\/wp-json\/wp\/v2\/media\/512419"}],"wp:attachment":[{"href":"https:\/\/2furn.be\/fr\/wp-json\/wp\/v2\/media?parent=512417"}],"wp:term":[{"taxonomy":"product_brand","embeddable":true,"href":"https:\/\/2furn.be\/fr\/wp-json\/wp\/v2\/product_brand?post=512417"},{"taxonomy":"product_cat","embeddable":true,"href":"https:\/\/2furn.be\/fr\/wp-json\/wp\/v2\/product_cat?post=512417"},{"taxonomy":"product_tag","embeddable":true,"href":"https:\/\/2furn.be\/fr\/wp-json\/wp\/v2\/product_tag?post=512417"}],"curies":[{"name":"wp","href":"https:\/\/api.w.org\/{rel}","templated":true}]}}