{"id":512399,"date":"2025-05-31T16:21:00","date_gmt":"2025-05-31T14:21:00","guid":{"rendered":"https:\/\/2furn.be\/?post_type=product&#038;p=512399"},"modified":"2026-04-21T00:00:29","modified_gmt":"2026-04-20T22:00:29","slug":"ela-dxxxb","status":"publish","type":"product","link":"https:\/\/2furn.be\/fr\/product\/ela-dxxxb\/","title":{"rendered":"Ela D180B"},"content":{"rendered":"<p>L'Ela D180B est un buffet brun fonc\u00e9 avec des portes battantes minimalistes. Cette commode \u00e9pur\u00e9e est \u00e9quip\u00e9e de portes battantes. Ce buffet brun fonc\u00e9 se caract\u00e9rise par son style minimaliste et ses portes \u00e9pur\u00e9es. Le meuble bas repose sur un pied m\u00e9tallique \u00e9pur\u00e9. Ce meuble se compose d'une seule partie.<span class=\"Apple-converted-space\">\u00a0<\/span><\/p>\n<p>La s\u00e9rie Ela est r\u00e9alis\u00e9e en finition fonc\u00e9e. Id\u00e9ale pour les int\u00e9rieurs modernes qui allient style et fonctionnalit\u00e9. Faites l'exp\u00e9rience d'une \u00e9l\u00e9gance intemporelle dans votre maison avec la collection exclusive de meubles Ela.<\/p>","protected":false},"excerpt":{"rendered":"<table>\n<tbody>\n<tr>\n<td width=\"110\"><\/td>\n<td width=\"300\"><\/td>\n<\/tr>\n<tr>\n<td width=\"110\">Mat\u00e9riel:<\/td>\n<td width=\"300\">Bois dur durable + m\u00e9tal<\/td>\n<\/tr>\n<tr>\n<td width=\"110\">Couleur:<\/td>\n<td width=\"300\">Brun (Fonc\u00e9)<\/td>\n<\/tr>\n<tr>\n<td width=\"110\">Finition:<\/td>\n<td width=\"300\">Finition fonc\u00e9e<\/td>\n<\/tr>\n<\/tbody>\n<\/table>","protected":false},"featured_media":512401,"template":"","meta":{"_seopress_robots_primary_cat":"none","_seopress_titles_title":"Ela D180B | donkerbruin dressoir, minimalistische deuren","_seopress_titles_desc":"Donkerbruin dressoir met minimalistische draaideuren. Deze strakke kommode typeert zich door minimalistische stijl en strakke deuren.","_seopress_robots_index":""},"product_brand":[],"product_cat":[64],"product_tag":[52,127,78,44],"class_list":{"0":"post-512399","1":"product","2":"type-product","3":"status-publish","4":"has-post-thumbnail","6":"product_cat-dressoirs","7":"product_tag-design-meubelen","8":"product_tag-donkere-finish","9":"product_tag-metaal","10":"product_tag-moderne-meubels","12":"first","13":"instock","14":"taxable","15":"shipping-taxable","16":"purchasable","17":"product-type-variable"},"_links":{"self":[{"href":"https:\/\/2furn.be\/fr\/wp-json\/wp\/v2\/product\/512399","targetHints":{"allow":["GET"]}}],"collection":[{"href":"https:\/\/2furn.be\/fr\/wp-json\/wp\/v2\/product"}],"about":[{"href":"https:\/\/2furn.be\/fr\/wp-json\/wp\/v2\/types\/product"}],"version-history":[{"count":0,"href":"https:\/\/2furn.be\/fr\/wp-json\/wp\/v2\/product\/512399\/revisions"}],"wp:featuredmedia":[{"embeddable":true,"href":"https:\/\/2furn.be\/fr\/wp-json\/wp\/v2\/media\/512401"}],"wp:attachment":[{"href":"https:\/\/2furn.be\/fr\/wp-json\/wp\/v2\/media?parent=512399"}],"wp:term":[{"taxonomy":"product_brand","embeddable":true,"href":"https:\/\/2furn.be\/fr\/wp-json\/wp\/v2\/product_brand?post=512399"},{"taxonomy":"product_cat","embeddable":true,"href":"https:\/\/2furn.be\/fr\/wp-json\/wp\/v2\/product_cat?post=512399"},{"taxonomy":"product_tag","embeddable":true,"href":"https:\/\/2furn.be\/fr\/wp-json\/wp\/v2\/product_tag?post=512399"}],"curies":[{"name":"wp","href":"https:\/\/api.w.org\/{rel}","templated":true}]}}