{"id":12076,"date":"2024-10-18T12:53:51","date_gmt":"2024-10-18T12:53:51","guid":{"rendered":"http:\/\/2furn.local\/?post_type=product&#038;p=12076"},"modified":"2025-06-05T16:45:02","modified_gmt":"2025-06-05T14:45:02","slug":"-1930","status":"publish","type":"product","link":"https:\/\/2furn.be\/fr\/product\/lentur-6z-pol\/","title":{"rendered":"Lentur 6Z POL"},"content":{"rendered":"<p>Canap\u00e9 d'angle durable, moderne et confortable avec des \u00e9l\u00e9ments ronds en polyester recycl\u00e9 et une base en m\u00e9tal noir. Le Lentur 6Z POL est un canap\u00e9 d'angle confortable au look moderne. Ce grand canap\u00e9 d'angle \u00e0 l'assise arrondie est fabriqu\u00e9 en polyester recycl\u00e9, un tissu durable fabriqu\u00e9 \u00e0 partir de 100% de bouteilles en plastique recycl\u00e9es. Il s'agit d'un tissu m\u00e9lang\u00e9 tr\u00e8s robuste, avec un score Martindale de 55 000, ce qui le rend durable et r\u00e9sistant. Doux et confortable au toucher, le tissu est \u00e9galement d\u00e9perlant ! Le pi\u00e8tement de ce grand canap\u00e9 est en m\u00e9tal noir. Il est agr\u00e9able de le combiner avec le pouf ou les canap\u00e9s Lentur de TEAK2. Cela permet de cr\u00e9er un ensemble de canap\u00e9s g\u00e9n\u00e9reux avec un fauteuil long ou un canap\u00e9 en forme de U lorsqu'il est associ\u00e9 au canap\u00e9 d'angle. Votre coin salon n'a jamais \u00e9t\u00e9 aussi confortable ! \ud83d\ude09 Ce mod\u00e8le est disponible en angle gauche ou droit !<\/p>\n<p>La s\u00e9rie Lentur est disponible en plusieurs couleurs et mod\u00e8les. Ce canap\u00e9 confortable aux \u00e9l\u00e9ments arrondis est fabriqu\u00e9 en polyester recycl\u00e9 et est de tr\u00e8s bonne qualit\u00e9. TEAK2 utilise uniquement des mat\u00e9riaux de la meilleure qualit\u00e9, en mettant l'accent sur la solidit\u00e9 et le confort d'assise. Ce canap\u00e9 est fabriqu\u00e9 de mani\u00e8re durable et compos\u00e9 \u00e0 100 % de bouteilles en plastique recycl\u00e9es. Gr\u00e2ce \u00e0 sa construction solide et \u00e0 son indice Martindale \u00e9lev\u00e9, cette s\u00e9rie est \u00e9galement souvent utilis\u00e9e dans le secteur de la restauration.<\/p>\n<p>La s\u00e9rie Lentur se compose d'une suspension ondul\u00e9e tendue sur une structure en bois. Le r\u00e9sultat ? Une assise bien rembourr\u00e9e qui convient \u00e0 un usage intensif ! L'affaissement est ainsi limit\u00e9 au maximum et le confort d'assise est optimal. Une mousse HR \u00e0 froid est appliqu\u00e9e sur cette suspension pour une longue dur\u00e9e de vie. La ventilation, la grande r\u00e9silience et le risque r\u00e9duit de plis sont quelques-uns des principaux avantages de la mousse \u00e0 froid.<\/p>\n<p>Ce canap\u00e9 d'angle durable, moderne et confortable en polyester recycl\u00e9 a un aspect moderne, ce qui le rend parfaitement adapt\u00e9 \u00e0 un int\u00e9rieur industriel ou moderne. En plus d'un int\u00e9rieur moderne, il se marie \u00e9galement tr\u00e8s bien avec un style classique ou campagnard. Ce canap\u00e9 d'angle confortable peut notamment servir de grand canap\u00e9 d'angle, de canap\u00e9 de salon confortable ou de si\u00e8ge de salon pour le salon.<\/p>\n<p>*Angle: gauche ou droite. Angle gauche signifie que l'angle se trouve \u00e0 gauche lorsque vous vous tenez devant le canap\u00e9. Si vous vous tenez derri\u00e8re le canap\u00e9, l'angle se trouve \u00e0 droite.<\/p>","protected":false},"excerpt":{"rendered":"<table>\n<tbody>\n<tr>\n<td width=\"110\"><\/td>\n<td width=\"300\"><\/td>\n<\/tr>\n<tr>\n<td width=\"110\">Materiaal:<\/td>\n<td width=\"300\">Polyester + Metaal<\/td>\n<\/tr>\n<tr>\n<td width=\"110\">Afwerking:<\/td>\n<td width=\"300\">Gerecycleerd Polyester<\/td>\n<\/tr>\n<tr>\n<td width=\"110\">Onderstel:<\/td>\n<td width=\"300\">Metalen poot<\/td>\n<\/tr>\n<tr>\n<td width=\"110\">Breedte:<\/td>\n<td width=\"300\">270 cm (Z:205)<\/td>\n<\/tr>\n<tr>\n<td width=\"110\">Hoogte:<\/td>\n<td width=\"300\">78 cm (Z:47 | A:62)<\/td>\n<\/tr>\n<tr>\n<td width=\"110\">Diepte:<\/td>\n<td width=\"300\">95 cm (Z:57)<\/td>\n<\/tr>\n<tr>\n<td width=\"110\">\n<div class=\"list\">Adviesprijs:<\/div>\n<\/td>\n<td width=\"300\">\n<div class=\"listp\">[bank_price id=\"12076\"]<\/div>\n<\/td>\n<\/tr>\n<\/tbody>\n<\/table>\n","protected":false},"featured_media":12168,"template":"","meta":{"_seopress_robots_primary_cat":"none","_seopress_titles_title":"Lentur 6Z POL | duurzame, moderne en comfortabele hoekbank","_seopress_titles_desc":"Duurzame, moderne en comfortabele hoekbank met ronde elementen in gerecycled polyester en metalen zwart onderstel - TEAK2.","_seopress_robots_index":""},"product_brand":[],"product_cat":[94],"product_tag":[52,43,44],"class_list":{"0":"post-12076","1":"product","2":"type-product","3":"status-publish","4":"has-post-thumbnail","6":"product_cat-banken","7":"product_tag-design-meubelen","8":"product_tag-landelijke-meubels","9":"product_tag-moderne-meubels","11":"first","12":"instock","13":"taxable","14":"shipping-taxable","15":"purchasable","16":"product-type-variable"},"_links":{"self":[{"href":"https:\/\/2furn.be\/fr\/wp-json\/wp\/v2\/product\/12076","targetHints":{"allow":["GET"]}}],"collection":[{"href":"https:\/\/2furn.be\/fr\/wp-json\/wp\/v2\/product"}],"about":[{"href":"https:\/\/2furn.be\/fr\/wp-json\/wp\/v2\/types\/product"}],"version-history":[{"count":0,"href":"https:\/\/2furn.be\/fr\/wp-json\/wp\/v2\/product\/12076\/revisions"}],"wp:featuredmedia":[{"embeddable":true,"href":"https:\/\/2furn.be\/fr\/wp-json\/wp\/v2\/media\/12168"}],"wp:attachment":[{"href":"https:\/\/2furn.be\/fr\/wp-json\/wp\/v2\/media?parent=12076"}],"wp:term":[{"taxonomy":"product_brand","embeddable":true,"href":"https:\/\/2furn.be\/fr\/wp-json\/wp\/v2\/product_brand?post=12076"},{"taxonomy":"product_cat","embeddable":true,"href":"https:\/\/2furn.be\/fr\/wp-json\/wp\/v2\/product_cat?post=12076"},{"taxonomy":"product_tag","embeddable":true,"href":"https:\/\/2furn.be\/fr\/wp-json\/wp\/v2\/product_tag?post=12076"}],"curies":[{"name":"wp","href":"https:\/\/api.w.org\/{rel}","templated":true}]}}