{"id":12020,"date":"2024-10-18T12:53:03","date_gmt":"2024-10-18T12:53:03","guid":{"rendered":"http:\/\/2furn.local\/?post_type=product&#038;p=12020"},"modified":"2025-06-05T16:43:44","modified_gmt":"2025-06-05T14:43:44","slug":"-1920","status":"publish","type":"product","link":"https:\/\/2furn.be\/fr\/product\/lentur-2z-boucle\/","title":{"rendered":"Lentur 2.5Z Boucl\u00e9"},"content":{"rendered":"<p>Canap\u00e9 durable, moderne et confortable en bouclette avec des \u00e9l\u00e9ments ronds et une base en m\u00e9tal noir. Le Lentur 2.5Z BOU est un luxueux canap\u00e9 2,5 places au look moderne. Ce canap\u00e9 confortable \u00e0 l'assise arrondie est fabriqu\u00e9 en bouclette, un tissu durable fabriqu\u00e9 \u00e0 partir de 100% de bouteilles en plastique recycl\u00e9es. Le bouclette est un tissu tr\u00e8s robuste, compos\u00e9 de petites boucles tiss\u00e9es et ressemblant \u00e0 un tissu \u00e9ponge doux. Ce tissu est \u00e9galement tr\u00e8s r\u00e9sistant et a un score de Martindale de 100 000, ce qui le rend durable et r\u00e9sistant. Doux et confortable au toucher, le tissu est \u00e9galement d\u00e9perlant ! Le pi\u00e8tement de ce canap\u00e9 est en m\u00e9tal noir. Il est agr\u00e9able de le combiner avec le pouf ou les canap\u00e9s Lentur de TEAK2. Vous pouvez ainsi cr\u00e9er un ensemble de canap\u00e9s g\u00e9n\u00e9reux avec un fauteuil long ou un canap\u00e9 d'angle avec le canap\u00e9 2,5 places. Votre coin salon n'a jamais \u00e9t\u00e9 aussi confortable ! \ud83d\ude09<\/p>\n<p>La s\u00e9rie Lentur est disponible en diff\u00e9rents coloris et designs. Ce canap\u00e9 confortable avec des \u00e9l\u00e9ments ronds est fabriqu\u00e9 en bouclette et est de tr\u00e8s bonne qualit\u00e9. TEAK2 n'utilise que la meilleure qualit\u00e9 lorsque la solidit\u00e9 et le confort d'assise sont essentiels. Produit de mani\u00e8re durable, ce canap\u00e9 est 100% fabriqu\u00e9 \u00e0 partir de bouteilles en plastique recycl\u00e9es. En raison de sa construction solide et de son degr\u00e9 Martindale \u00e9lev\u00e9, cette s\u00e9rie est \u00e9galement souvent utilis\u00e9e dans le secteur de l'h\u00f4tellerie.<\/p>\n<p>La s\u00e9rie Lentur se compose d'une suspension ondul\u00e9e tendue sur une structure en bois. Le r\u00e9sultat ? Une assise bien rembourr\u00e9e qui convient \u00e0 un usage intensif ! L'affaissement est ainsi limit\u00e9 au maximum et le confort d'assise est optimal. Une mousse HR \u00e0 froid est appliqu\u00e9e sur cette suspension pour une longue dur\u00e9e de vie. La ventilation, la grande r\u00e9silience et le risque r\u00e9duit de plis sont quelques-uns des principaux avantages de la mousse \u00e0 froid.<\/p>\n<p>Ce canap\u00e9 en bouclette durable, moderne et confortable a un aspect moderne, ce qui lui permet de s'int\u00e9grer parfaitement dans un int\u00e9rieur industriel ou moderne. En plus d'un int\u00e9rieur moderne, il est \u00e9galement magnifique dans un style classique ou campagnard. Ce canap\u00e9 confortable peut notamment servir de canap\u00e9 contemporain, de canap\u00e9 de salon de luxe ou de si\u00e8ge de salon pour le salon.<\/p>","protected":false},"excerpt":{"rendered":"<table>\n<tbody>\n<tr>\n<td width=\"110\"><\/td>\n<td width=\"300\"><\/td>\n<\/tr>\n<tr>\n<td width=\"110\">Materiaal:<\/td>\n<td width=\"300\">Boucl\u00e9 + Metaal<\/td>\n<\/tr>\n<tr>\n<td width=\"110\">Afwerking:<\/td>\n<td width=\"300\">Gerecycled Polyester<\/td>\n<\/tr>\n<tr>\n<td width=\"110\">Onderstel:<\/td>\n<td width=\"300\">Metalen poot<\/td>\n<\/tr>\n<tr>\n<td width=\"110\">Breedte:<\/td>\n<td width=\"300\">198 cm (Z:150)<\/td>\n<\/tr>\n<tr>\n<td width=\"110\">Hoogte:<\/td>\n<td width=\"300\">78 cm (Z:45 | A:62)<\/td>\n<\/tr>\n<tr>\n<td width=\"110\">Diepte:<\/td>\n<td width=\"300\">98 cm (Z:57)<\/td>\n<\/tr>\n<tr>\n<td width=\"110\">\n<div class=\"list\">Adviesprijs:<\/div>\n<\/td>\n<td width=\"300\">\n<div class=\"listp\">[bank_price id=\"12020\"]<\/div>\n<\/td>\n<\/tr>\n<\/tbody>\n<\/table>\n","protected":false},"featured_media":12116,"template":"","meta":{"_seopress_robots_primary_cat":"none","_seopress_titles_title":"Lentur 2.5Z BOU | moderne en comfortabele bank boucl\u00e9","_seopress_titles_desc":"Duurzame, moderne en comfortabele bank boucl\u00e9, ronde elementen en kussens. Boucl\u00e9 bankstel, hoge martindale score - TEAK2.","_seopress_robots_index":""},"product_brand":[],"product_cat":[94],"product_tag":[52,43,44],"class_list":{"0":"post-12020","1":"product","2":"type-product","3":"status-publish","4":"has-post-thumbnail","6":"product_cat-banken","7":"product_tag-design-meubelen","8":"product_tag-landelijke-meubels","9":"product_tag-moderne-meubels","11":"first","12":"instock","13":"taxable","14":"shipping-taxable","15":"purchasable","16":"product-type-variable"},"_links":{"self":[{"href":"https:\/\/2furn.be\/fr\/wp-json\/wp\/v2\/product\/12020","targetHints":{"allow":["GET"]}}],"collection":[{"href":"https:\/\/2furn.be\/fr\/wp-json\/wp\/v2\/product"}],"about":[{"href":"https:\/\/2furn.be\/fr\/wp-json\/wp\/v2\/types\/product"}],"version-history":[{"count":0,"href":"https:\/\/2furn.be\/fr\/wp-json\/wp\/v2\/product\/12020\/revisions"}],"wp:featuredmedia":[{"embeddable":true,"href":"https:\/\/2furn.be\/fr\/wp-json\/wp\/v2\/media\/12116"}],"wp:attachment":[{"href":"https:\/\/2furn.be\/fr\/wp-json\/wp\/v2\/media?parent=12020"}],"wp:term":[{"taxonomy":"product_brand","embeddable":true,"href":"https:\/\/2furn.be\/fr\/wp-json\/wp\/v2\/product_brand?post=12020"},{"taxonomy":"product_cat","embeddable":true,"href":"https:\/\/2furn.be\/fr\/wp-json\/wp\/v2\/product_cat?post=12020"},{"taxonomy":"product_tag","embeddable":true,"href":"https:\/\/2furn.be\/fr\/wp-json\/wp\/v2\/product_tag?post=12020"}],"curies":[{"name":"wp","href":"https:\/\/api.w.org\/{rel}","templated":true}]}}