{"id":11811,"date":"2024-10-18T12:49:31","date_gmt":"2024-10-18T12:49:31","guid":{"rendered":"http:\/\/2furn.local\/?post_type=product&#038;p=11811"},"modified":"2025-06-05T16:42:44","modified_gmt":"2025-06-05T14:42:44","slug":"-1885","status":"publish","type":"product","link":"https:\/\/2furn.be\/fr\/product\/lentur-1z-boucle\/","title":{"rendered":"Lentur 1Z Boucl\u00e9"},"content":{"rendered":"<p>Tabouret durable, moderne et confortable avec des \u00e9l\u00e9ments ronds en bouclette et une base en m\u00e9tal noir. Le Lentur 1Z BOU est un pouf luxueux au look moderne. Ce pouf confortable est ex\u00e9cut\u00e9 avec des si\u00e8ges arrondis en boucl\u00e9, un tissu durable fabriqu\u00e9 \u00e0 partir de bouteilles en plastique recycl\u00e9es 100%. Le boucl\u00e9 est un tissu tr\u00e8s robuste, il est constitu\u00e9 de petites boucles tiss\u00e9es et ressemble \u00e0 un tissu \u00e9ponge doux. Ce tissu est \u00e9galement tr\u00e8s r\u00e9sistant et a un score de Martindale de 100 000, ce qui le rend durable et r\u00e9sistant. Doux et confortable au toucher, le tissu est \u00e9galement d\u00e9perlant ! La base de ce pouf est un pied en m\u00e9tal noir. Il est agr\u00e9able \u00e0 combiner avec les canap\u00e9s 2,5 places ou les canap\u00e9s d'angle Lentur de TEAK2. Il est ainsi possible de cr\u00e9er un canap\u00e9 g\u00e9n\u00e9reux avec un fauteuil long ou un canap\u00e9 en U lorsqu'il est associ\u00e9 au canap\u00e9 d'angle. Votre coin salon n'a jamais \u00e9t\u00e9 aussi confortable ! \ud83d\ude09<\/p>\n<p>La s\u00e9rie Lentur est disponible en plusieurs couleurs et motifs. Ce pouf confortable avec des \u00e9l\u00e9ments ronds est fabriqu\u00e9 en bouclette et est de tr\u00e8s bonne qualit\u00e9. TEAK2 n'utilise que la meilleure qualit\u00e9 lorsque la solidit\u00e9 et le confort d'assise sont essentiels. Ce pouf est produit de mani\u00e8re durable et est 100% fabriqu\u00e9 \u00e0 partir de bouteilles en plastique recycl\u00e9es. En raison de sa construction solide et de son degr\u00e9 Martindale \u00e9lev\u00e9, cette s\u00e9rie est \u00e9galement souvent utilis\u00e9e dans le secteur de l'h\u00f4tellerie et de la restauration.<\/p>\n<p>La s\u00e9rie Lentur se compose d'une suspension ondul\u00e9e tendue sur une structure en bois. Le r\u00e9sultat ? Une assise ronde et bien rembourr\u00e9e, adapt\u00e9e \u00e0 un usage intensif ! L'affaissement est ainsi limit\u00e9 au maximum et le confort d'assise est optimal. Une mousse HR \u00e0 froid est appliqu\u00e9e sur cette suspension pour une longue dur\u00e9e de vie. La ventilation, la grande r\u00e9silience et le risque r\u00e9duit de plis sont quelques-uns des principaux avantages de la mousse \u00e0 froid.<\/p>\n<p>Ce pouf durable, moderne et confortable en chenille a un look moderne et s'int\u00e8gre donc parfaitement dans un int\u00e9rieur industriel ou moderne. En plus d'un int\u00e9rieur moderne, il est \u00e9galement parfait dans un style classique ou campagnard. Ce pouf confortable peut servir d'ottoman pour rallonger le canap\u00e9 Lentur ou de table d'appoint ou de table basse de luxe dans le salon.<\/p>","protected":false},"excerpt":{"rendered":"<table>\n<tbody>\n<tr>\n<td width=\"110\"><\/td>\n<td width=\"300\"><\/td>\n<\/tr>\n<tr>\n<td width=\"110\">Materiaal:<\/td>\n<td width=\"300\">Boucl\u00e9 + Metaal<\/td>\n<\/tr>\n<tr>\n<td width=\"110\">Afwerking:<\/td>\n<td width=\"300\">Gerecycled Polyester<\/td>\n<\/tr>\n<tr>\n<td width=\"110\">Onderstel:<\/td>\n<td width=\"300\">Metalen poot<\/td>\n<\/tr>\n<tr>\n<td width=\"110\">Breedte:<\/td>\n<td width=\"300\">78 cm (Z:78)<\/td>\n<\/tr>\n<tr>\n<td width=\"110\">Hoogte:<\/td>\n<td width=\"300\">50 cm (Z:50 | A:)<\/td>\n<\/tr>\n<tr>\n<td width=\"110\">Diepte:<\/td>\n<td width=\"300\">42 cm (Z:42)<\/td>\n<\/tr>\n<tr>\n<td width=\"110\">\n<div class=\"list\">Adviesprijs:<\/div>\n<\/td>\n<td width=\"300\">\n<div class=\"listp\">[bank_price id=\"11811\"]<\/div>\n<\/td>\n<\/tr>\n<\/tbody>\n<\/table>\n","protected":false},"featured_media":11927,"template":"","meta":{"_seopress_robots_primary_cat":"none","_seopress_titles_title":"Lentur 1Z BOU | duurzame, moderne en comfortabele poef boucl\u00e9","_seopress_titles_desc":"Duurzame, moderne en comfortabele poef boucl\u00e9, ronde elementen en kussens. Boucl\u00e9 hocker, hoge martindale score - TEAK2.","_seopress_robots_index":""},"product_brand":[],"product_cat":[94],"product_tag":[52,43,44],"class_list":{"0":"post-11811","1":"product","2":"type-product","3":"status-publish","4":"has-post-thumbnail","6":"product_cat-banken","7":"product_tag-design-meubelen","8":"product_tag-landelijke-meubels","9":"product_tag-moderne-meubels","11":"first","12":"instock","13":"taxable","14":"shipping-taxable","15":"purchasable","16":"product-type-variable"},"_links":{"self":[{"href":"https:\/\/2furn.be\/fr\/wp-json\/wp\/v2\/product\/11811","targetHints":{"allow":["GET"]}}],"collection":[{"href":"https:\/\/2furn.be\/fr\/wp-json\/wp\/v2\/product"}],"about":[{"href":"https:\/\/2furn.be\/fr\/wp-json\/wp\/v2\/types\/product"}],"version-history":[{"count":0,"href":"https:\/\/2furn.be\/fr\/wp-json\/wp\/v2\/product\/11811\/revisions"}],"wp:featuredmedia":[{"embeddable":true,"href":"https:\/\/2furn.be\/fr\/wp-json\/wp\/v2\/media\/11927"}],"wp:attachment":[{"href":"https:\/\/2furn.be\/fr\/wp-json\/wp\/v2\/media?parent=11811"}],"wp:term":[{"taxonomy":"product_brand","embeddable":true,"href":"https:\/\/2furn.be\/fr\/wp-json\/wp\/v2\/product_brand?post=11811"},{"taxonomy":"product_cat","embeddable":true,"href":"https:\/\/2furn.be\/fr\/wp-json\/wp\/v2\/product_cat?post=11811"},{"taxonomy":"product_tag","embeddable":true,"href":"https:\/\/2furn.be\/fr\/wp-json\/wp\/v2\/product_tag?post=11811"}],"curies":[{"name":"wp","href":"https:\/\/api.w.org\/{rel}","templated":true}]}}