{"id":11795,"date":"2024-10-18T12:49:31","date_gmt":"2024-10-18T12:49:31","guid":{"rendered":"http:\/\/2furn.local\/?post_type=product&#038;p=11795"},"modified":"2025-06-05T16:42:55","modified_gmt":"2025-06-05T14:42:55","slug":"-1869","status":"publish","type":"product","link":"https:\/\/2furn.be\/fr\/product\/lentur-1z-chenille\/","title":{"rendered":"Lentur 1Z Chenille"},"content":{"rendered":"<p>Tabouret durable, moderne et confortable avec des \u00e9l\u00e9ments ronds en chenille et une base en m\u00e9tal noir. Le Lentur 1Z CHE est un pouf luxueux au look moderne. Ce pouf confortable a une assise arrondie en chenille, un tissu durable fabriqu\u00e9 \u00e0 partir de bouteilles en plastique recycl\u00e9es 100%. Il s'agit d'un tissu tr\u00e8s robuste et, gr\u00e2ce au fil de chenille, \u00e9galement doux. Ce tissu a un score Martindale de 100 000, ce qui le rend durable et r\u00e9sistant. Le tissu est doux et confortable, et il est \u00e9galement d\u00e9perlant ! La base de ce pouf est un pied en m\u00e9tal noir. Il est agr\u00e9able \u00e0 combiner avec les canap\u00e9s 2,5 places ou les canap\u00e9s d'angle Lentur de TEAK2. Il est ainsi possible de cr\u00e9er un canap\u00e9 g\u00e9n\u00e9reux avec un fauteuil long ou un canap\u00e9 en U lorsqu'il est associ\u00e9 au canap\u00e9 d'angle. Votre coin salon n'a jamais \u00e9t\u00e9 aussi confortable ! \ud83d\ude09<\/p>\n<p>La s\u00e9rie Lentur est disponible en plusieurs couleurs et mod\u00e8les. Ce pouf confortable aux \u00e9l\u00e9ments arrondis est fabriqu\u00e9 en chenille et est de tr\u00e8s bonne qualit\u00e9. TEAK2 utilise uniquement des mat\u00e9riaux de la meilleure qualit\u00e9, o\u00f9 la solidit\u00e9 et le confort d'assise sont primordiaux. Ce pouf est fabriqu\u00e9 de mani\u00e8re durable et est compos\u00e9 \u00e0 100 % de bouteilles en plastique recycl\u00e9es. Gr\u00e2ce \u00e0 sa construction solide et \u00e0 son indice Martindale \u00e9lev\u00e9, cette s\u00e9rie est \u00e9galement souvent utilis\u00e9e dans le secteur de la restauration.<\/p>\n<p>La s\u00e9rie Lentur se compose d'une suspension ondul\u00e9e tendue sur une structure en bois. Le r\u00e9sultat ? Une assise ronde et bien rembourr\u00e9e, adapt\u00e9e \u00e0 un usage intensif ! L'affaissement est ainsi limit\u00e9 au maximum et le confort d'assise est optimal. Une mousse HR \u00e0 froid est appliqu\u00e9e sur cette suspension pour une longue dur\u00e9e de vie. La ventilation, la grande r\u00e9silience et le risque r\u00e9duit de plis sont quelques-uns des principaux avantages de la mousse \u00e0 froid.<\/p>\n<p>Ce pouf durable, moderne et confortable en chenille a un look moderne et s'int\u00e8gre donc parfaitement dans un int\u00e9rieur industriel ou moderne. En plus d'un int\u00e9rieur moderne, il est \u00e9galement parfait dans un style classique ou campagnard. Ce pouf confortable peut servir d'ottoman pour rallonger le canap\u00e9 Lentur ou de table d'appoint ou de table basse de luxe dans le salon.<\/p>","protected":false},"excerpt":{"rendered":"<table>\n<tbody>\n<tr>\n<td width=\"110\"><\/td>\n<td width=\"300\"><\/td>\n<\/tr>\n<tr>\n<td width=\"110\">Materiaal:<\/td>\n<td width=\"300\">Chenille + Metaal<\/td>\n<\/tr>\n<tr>\n<td width=\"110\">Afwerking:<\/td>\n<td width=\"300\">Gerecycled Polyester<\/td>\n<\/tr>\n<tr>\n<td width=\"110\">Onderstel:<\/td>\n<td width=\"300\">Metalen poot<\/td>\n<\/tr>\n<tr>\n<td width=\"110\">Breedte:<\/td>\n<td width=\"300\">78 cm (Z:78)<\/td>\n<\/tr>\n<tr>\n<td width=\"110\">Hoogte:<\/td>\n<td width=\"300\">50 cm (Z:50 | A:)<\/td>\n<\/tr>\n<tr>\n<td width=\"110\">Diepte:<\/td>\n<td width=\"300\">42 cm (Z:42)<\/td>\n<\/tr>\n<tr>\n<td width=\"110\">\n<div class=\"list\">Adviesprijs:<\/div>\n<\/td>\n<td width=\"300\">\n<div class=\"listp\">[bank_price id=\"11795\"]<\/div>\n<\/td>\n<\/tr>\n<\/tbody>\n<\/table>\n","protected":false},"featured_media":11901,"template":"","meta":{"_seopress_robots_primary_cat":"none","_seopress_titles_title":"Lentur 1Z CHE | duurzame, moderne en comfortabele poef chenille","_seopress_titles_desc":"Duurzame, moderne en comfortabele poef chenille, ronde elementen en kussens. Comfortabele hocker, hoge martindale score - TEAK2.","_seopress_robots_index":""},"product_brand":[],"product_cat":[94],"product_tag":[52,43,44],"class_list":{"0":"post-11795","1":"product","2":"type-product","3":"status-publish","4":"has-post-thumbnail","6":"product_cat-banken","7":"product_tag-design-meubelen","8":"product_tag-landelijke-meubels","9":"product_tag-moderne-meubels","11":"first","12":"instock","13":"taxable","14":"shipping-taxable","15":"purchasable","16":"product-type-variable"},"_links":{"self":[{"href":"https:\/\/2furn.be\/fr\/wp-json\/wp\/v2\/product\/11795","targetHints":{"allow":["GET"]}}],"collection":[{"href":"https:\/\/2furn.be\/fr\/wp-json\/wp\/v2\/product"}],"about":[{"href":"https:\/\/2furn.be\/fr\/wp-json\/wp\/v2\/types\/product"}],"version-history":[{"count":0,"href":"https:\/\/2furn.be\/fr\/wp-json\/wp\/v2\/product\/11795\/revisions"}],"wp:featuredmedia":[{"embeddable":true,"href":"https:\/\/2furn.be\/fr\/wp-json\/wp\/v2\/media\/11901"}],"wp:attachment":[{"href":"https:\/\/2furn.be\/fr\/wp-json\/wp\/v2\/media?parent=11795"}],"wp:term":[{"taxonomy":"product_brand","embeddable":true,"href":"https:\/\/2furn.be\/fr\/wp-json\/wp\/v2\/product_brand?post=11795"},{"taxonomy":"product_cat","embeddable":true,"href":"https:\/\/2furn.be\/fr\/wp-json\/wp\/v2\/product_cat?post=11795"},{"taxonomy":"product_tag","embeddable":true,"href":"https:\/\/2furn.be\/fr\/wp-json\/wp\/v2\/product_tag?post=11795"}],"curies":[{"name":"wp","href":"https:\/\/api.w.org\/{rel}","templated":true}]}}