{"id":11639,"date":"2024-10-18T12:47:43","date_gmt":"2024-10-18T12:47:43","guid":{"rendered":"http:\/\/2furn.local\/?post_type=product&#038;p=11639"},"modified":"2024-10-24T14:53:31","modified_gmt":"2024-10-24T12:53:31","slug":"sikut-teddy","status":"publish","type":"product","link":"https:\/\/2furn.be\/fr\/product\/sikut-teddy\/","title":{"rendered":"Sikut Teddy"},"content":{"rendered":"<p>Petit fauteuil luxueux en tissu teddy doux avec pi\u00e8tement m\u00e9tallique. Le Sikut est un fauteuil luxueux \u00e0 l'allure exclusive. Ce fauteuil design bas est rev\u00eatu d'un tissu teddy doux, compos\u00e9 de polyester et d'acrylique. Ce fauteuil se caract\u00e9rise par la combinaison d'une structure color\u00e9e et d'un pi\u00e8tement m\u00e9tallique. Le pi\u00e8tement de ce fauteuil est constitu\u00e9 d'un pied m\u00e9tallique. Il se combine \u00e0 merveille avec la large gamme de tables en teck de TEAK2.<\/p>\n<p>La s\u00e9rie Sikut est disponible en plusieurs couleurs et mod\u00e8les. Ce fauteuil luxueux est fabriqu\u00e9 en polyester recycl\u00e9 combin\u00e9 \u00e0 de l'acrylique et est de tr\u00e8s bonne qualit\u00e9. TEAK2 utilise uniquement des mat\u00e9riaux de la meilleure qualit\u00e9, en mettant l'accent sur la solidit\u00e9 et le confort d'assise. Ce fauteuil lounge est fabriqu\u00e9 de mani\u00e8re durable et le polyester est compos\u00e9 \u00e0 100 % de bouteilles en plastique recycl\u00e9es. Gr\u00e2ce \u00e0 sa construction solide et \u00e0 son indice Martindale \u00e9lev\u00e9, cette s\u00e9rie est \u00e9galement souvent utilis\u00e9e dans le secteur de la restauration.<\/p>\n<p>Ce petit fauteuil de luxe en tissu teddy doux a un look exclusif, ce qui en fait un bel ajout \u00e0 un int\u00e9rieur design ou moderne. En plus d'un int\u00e9rieur moderne, il s'int\u00e8gre parfaitement dans un style industriel ou campagnard. Ce fauteuil de luxe peut servir de fauteuil design chic ou de fauteuil bas de luxe dans le secteur de l'h\u00f4tellerie, de chaise longue au bureau ou de fauteuil de luxe dans le salon ou la salle de s\u00e9jour.<\/p>","protected":false},"excerpt":{"rendered":"<table>\n<tbody>\n<tr>\n<td width=\"110\"><\/td>\n<td width=\"300\"><\/td>\n<\/tr>\n<tr>\n<td width=\"110\">Mat\u00e9riel:<\/td>\n<td width=\"300\">Teddy + M\u00e9tal<\/td>\n<\/tr>\n<tr>\n<td width=\"110\">Finition:<\/td>\n<td width=\"300\">Polyester recycl\u00e9 + acrylique<\/td>\n<\/tr>\n<tr>\n<td width=\"110\">Ch\u00e2ssis:<\/td>\n<td width=\"300\">Pied m\u00e9tall<\/td>\n<\/tr>\n<tr>\n<td width=\"110\">Largeur:<\/td>\n<td width=\"300\">54 cm (Z:52)<\/td>\n<\/tr>\n<tr>\n<td width=\"110\">Hauteur:<\/td>\n<td width=\"300\">74 cm (Z:45 | A :)<\/td>\n<\/tr>\n<tr>\n<td width=\"110\">Profondeur:<\/td>\n<td width=\"300\">65 cm (Z:47)<\/td>\n<\/tr>\n<tr>\n<td width=\"110\">\n<div class=\"list\">Prix conseill\u00e9:<\/div>\n<\/td>\n<td width=\"300\">\n<div class=\"listp\">\u20ac169,00<\/div>\n<\/td>\n<\/tr>\n<\/tbody>\n<\/table>","protected":false},"featured_media":11725,"template":"","meta":{"_seopress_robots_primary_cat":"none","_seopress_titles_title":"Sikut Teddy | luxe kleine fauteuil in zachte teddy stof met metaal","_seopress_titles_desc":"Luxe kleine fauteuil in zachte teddy stof met metaal. Lage design fauteuil, bonte structuur. Lage lounge stoel horeca, kantoor of woonkamer.","_seopress_robots_index":""},"product_brand":[],"product_cat":[59,56],"product_tag":[52,43,44],"class_list":{"0":"post-11639","1":"product","2":"type-product","3":"status-publish","4":"has-post-thumbnail","6":"product_cat-luxe-stoel","7":"product_cat-stoelen","8":"product_tag-design-meubelen","9":"product_tag-landelijke-meubels","10":"product_tag-moderne-meubels","12":"first","13":"instock","14":"taxable","15":"shipping-taxable","16":"purchasable","17":"product-type-variable"},"_links":{"self":[{"href":"https:\/\/2furn.be\/fr\/wp-json\/wp\/v2\/product\/11639","targetHints":{"allow":["GET"]}}],"collection":[{"href":"https:\/\/2furn.be\/fr\/wp-json\/wp\/v2\/product"}],"about":[{"href":"https:\/\/2furn.be\/fr\/wp-json\/wp\/v2\/types\/product"}],"version-history":[{"count":0,"href":"https:\/\/2furn.be\/fr\/wp-json\/wp\/v2\/product\/11639\/revisions"}],"wp:featuredmedia":[{"embeddable":true,"href":"https:\/\/2furn.be\/fr\/wp-json\/wp\/v2\/media\/11725"}],"wp:attachment":[{"href":"https:\/\/2furn.be\/fr\/wp-json\/wp\/v2\/media?parent=11639"}],"wp:term":[{"taxonomy":"product_brand","embeddable":true,"href":"https:\/\/2furn.be\/fr\/wp-json\/wp\/v2\/product_brand?post=11639"},{"taxonomy":"product_cat","embeddable":true,"href":"https:\/\/2furn.be\/fr\/wp-json\/wp\/v2\/product_cat?post=11639"},{"taxonomy":"product_tag","embeddable":true,"href":"https:\/\/2furn.be\/fr\/wp-json\/wp\/v2\/product_tag?post=11639"}],"curies":[{"name":"wp","href":"https:\/\/api.w.org\/{rel}","templated":true}]}}