{"id":11585,"date":"2024-10-18T12:46:44","date_gmt":"2024-10-18T12:46:44","guid":{"rendered":"http:\/\/2furn.local\/?post_type=product&#038;p=11585"},"modified":"2024-10-24T14:38:53","modified_gmt":"2024-10-24T12:38:53","slug":"scandic-arm-pol","status":"publish","type":"product","link":"https:\/\/2furn.be\/fr\/product\/scandic-arm-pol\/","title":{"rendered":"Scandic Arm POL"},"content":{"rendered":"<p>Chaise confortable au look scandinave, chaise de salle \u00e0 manger robuste en polyester recycl\u00e9. La Scandic Arm est une chaise de salle \u00e0 manger luxueuse au look moderne. Cette chaise avec accoudoirs est fabriqu\u00e9e en polyester recycl\u00e9, un tissu durable issu \u00e0 100 % de bouteilles en plastique recycl\u00e9es. Il s'agit d'un mat\u00e9riau tr\u00e8s robuste avec un score Martindale de 50 000, ce qui garantit la long\u00e9vit\u00e9 du tissu. De plus, ce mat\u00e9riau est hydrofuge et la construction robuste de la chaise la rend \u00e9galement id\u00e9ale pour le secteur de la restauration ! Cette chaise de salle \u00e0 manger moderne est disponible en plusieurs couleurs et finitions. Elle se caract\u00e9rise par son dossier haut et ses accoudoirs s\u00e9par\u00e9s qui lui conf\u00e8rent une allure a\u00e9rienne. Le pi\u00e8tement de cette chaise est en m\u00e9tal. Elle se combine \u00e0 merveille avec la large gamme de tables en teck de TEAK2.<\/p>\n<p>La s\u00e9rie Scandic est disponible en plusieurs couleurs et mod\u00e8les. Cette chaise luxueuse est fabriqu\u00e9e en polyester recycl\u00e9 et est de tr\u00e8s bonne qualit\u00e9. TEAK2 utilise uniquement des mat\u00e9riaux de la meilleure qualit\u00e9, en mettant l'accent sur la solidit\u00e9 et le confort d'assise. Cette chaise de salle \u00e0 manger est produite de mani\u00e8re durable et est compos\u00e9e \u00e0 100 % de bouteilles en plastique recycl\u00e9es. Gr\u00e2ce \u00e0 sa construction solide et \u00e0 son indice Martindale \u00e9lev\u00e9, cette s\u00e9rie est \u00e9galement souvent utilis\u00e9e dans le secteur de la restauration.<\/p>\n<p>Cette chaise confortable au look scandinave a un aspect moderne, ce qui en fait un compl\u00e9ment agr\u00e9able \u00e0 un int\u00e9rieur industriel ou moderne. En plus d'un int\u00e9rieur moderne, elle s'int\u00e8gre parfaitement dans un style contemporain ou campagnard. Cette chaise de luxe peut servir de chaise de salle \u00e0 manger tendance, de chaise de bureau ou de fauteuil design durable dans la cuisine, la salle \u00e0 manger ou le salon.<\/p>","protected":false},"excerpt":{"rendered":"<table>\n<tbody>\n<tr>\n<td width=\"110\"><\/td>\n<td width=\"300\"><\/td>\n<\/tr>\n<tr>\n<td width=\"110\">Mat\u00e9riel:<\/td>\n<td width=\"300\">Polyester + M\u00e9tal<\/td>\n<\/tr>\n<tr>\n<td width=\"110\">Finition:<\/td>\n<td width=\"300\">Polyester recycl\u00e9<\/td>\n<\/tr>\n<tr>\n<td width=\"110\">Ch\u00e2ssis:<\/td>\n<td width=\"300\">Pied m\u00e9tall<\/td>\n<\/tr>\n<tr>\n<td width=\"110\">Largeur:<\/td>\n<td width=\"300\">64 cm (Z:41)<\/td>\n<\/tr>\n<tr>\n<td width=\"110\">Hauteur:<\/td>\n<td width=\"300\">91 cm (Z:48 | A:70)<\/td>\n<\/tr>\n<tr>\n<td width=\"110\">Profondeur:<\/td>\n<td width=\"300\">60 cm (Z:44)<\/td>\n<\/tr>\n<tr>\n<td width=\"110\">\n<div class=\"list\">Prix conseill\u00e9:<\/div>\n<\/td>\n<td width=\"300\">\n<div class=\"listp\">\u20ac179,00<\/div>\n<\/td>\n<\/tr>\n<\/tbody>\n<\/table>","protected":false},"featured_media":11679,"template":"","meta":{"_seopress_robots_primary_cat":"none","_seopress_titles_title":"Scandic Arm POL | comfortabele stoel, Scandinavische uitstraling","_seopress_titles_desc":"Luxe & comfortabele stoel, moderne Scandinavische uitstraling. Stevige eetkamerstoel & duurzame armstoel gerecycled polyester - TEAK2.","_seopress_robots_index":""},"product_brand":[],"product_cat":[86,56],"product_tag":[52,43,44],"class_list":{"0":"post-11585","1":"product","2":"type-product","3":"status-publish","4":"has-post-thumbnail","6":"product_cat-eetkamerstoelen","7":"product_cat-stoelen","8":"product_tag-design-meubelen","9":"product_tag-landelijke-meubels","10":"product_tag-moderne-meubels","12":"first","13":"instock","14":"taxable","15":"shipping-taxable","16":"purchasable","17":"product-type-variable"},"_links":{"self":[{"href":"https:\/\/2furn.be\/fr\/wp-json\/wp\/v2\/product\/11585","targetHints":{"allow":["GET"]}}],"collection":[{"href":"https:\/\/2furn.be\/fr\/wp-json\/wp\/v2\/product"}],"about":[{"href":"https:\/\/2furn.be\/fr\/wp-json\/wp\/v2\/types\/product"}],"version-history":[{"count":0,"href":"https:\/\/2furn.be\/fr\/wp-json\/wp\/v2\/product\/11585\/revisions"}],"wp:featuredmedia":[{"embeddable":true,"href":"https:\/\/2furn.be\/fr\/wp-json\/wp\/v2\/media\/11679"}],"wp:attachment":[{"href":"https:\/\/2furn.be\/fr\/wp-json\/wp\/v2\/media?parent=11585"}],"wp:term":[{"taxonomy":"product_brand","embeddable":true,"href":"https:\/\/2furn.be\/fr\/wp-json\/wp\/v2\/product_brand?post=11585"},{"taxonomy":"product_cat","embeddable":true,"href":"https:\/\/2furn.be\/fr\/wp-json\/wp\/v2\/product_cat?post=11585"},{"taxonomy":"product_tag","embeddable":true,"href":"https:\/\/2furn.be\/fr\/wp-json\/wp\/v2\/product_tag?post=11585"}],"curies":[{"name":"wp","href":"https:\/\/api.w.org\/{rel}","templated":true}]}}