{"id":11337,"date":"2024-10-18T12:42:11","date_gmt":"2024-10-18T12:42:11","guid":{"rendered":"http:\/\/2furn.local\/?post_type=product&#038;p=11337"},"modified":"2024-10-24T12:02:38","modified_gmt":"2024-10-24T10:02:38","slug":"luwes-3z-pol","status":"publish","type":"product","link":"https:\/\/2furn.be\/fr\/product\/luwes-3z-pol\/","title":{"rendered":"Luwes 3Z POL"},"content":{"rendered":"<p>Canap\u00e9 durable, confortable et moderne en polyester recycl\u00e9 avec base en m\u00e9tal noir. Le Luwes 3Z est un luxueux canap\u00e9 3 places au look moderne. Ce canap\u00e9 design est fabriqu\u00e9 en polyester recycl\u00e9, un tissu durable fabriqu\u00e9 \u00e0 partir de 100% de bouteilles en plastique recycl\u00e9es. Il s'agit d'un tissu m\u00e9lang\u00e9 tr\u00e8s robuste, avec un score Martindale de 55 000, ce qui le rend durable et r\u00e9sistant. Doux et confortable au toucher, ce tissu est \u00e9galement d\u00e9perlant ! Le pi\u00e8tement de ce canap\u00e9 est en m\u00e9tal noir. Il est agr\u00e9able de le combiner avec le pouf Luwes ou les canap\u00e9s de TEAK2. Vous pouvez ainsi cr\u00e9er un ensemble de canap\u00e9s g\u00e9n\u00e9reux avec un fauteuil long ou un canap\u00e9 d'angle avec le canap\u00e9 3 places. Votre coin salon n'a jamais \u00e9t\u00e9 aussi confortable ! \ud83d\ude09<\/p>\n<p>La s\u00e9rie Luwes est disponible en plusieurs couleurs et mod\u00e8les. Ce banc design est fabriqu\u00e9 en polyester recycl\u00e9 et est de tr\u00e8s bonne qualit\u00e9. TEAK2 utilise uniquement des mat\u00e9riaux de la meilleure qualit\u00e9, en mettant l'accent sur la solidit\u00e9 et le confort d'assise. Ce canap\u00e9 est fabriqu\u00e9 de mani\u00e8re durable et est compos\u00e9 \u00e0 100 % de bouteilles en plastique recycl\u00e9es. Gr\u00e2ce \u00e0 sa construction solide et \u00e0 son indice Martindale \u00e9lev\u00e9, cette s\u00e9rie est \u00e9galement souvent utilis\u00e9e dans le secteur de la restauration.<\/p>\n<p>La s\u00e9rie Luwes se compose d'une suspension ondul\u00e9e tendue sur une structure en bois. Le r\u00e9sultat? Une assise bien rembourr\u00e9e qui convient \u00e0 un usage intensif! L'affaissement est ainsi limit\u00e9 au maximum et le confort d'assise est optimal. Une mousse HR \u00e0 froid est appliqu\u00e9e sur cette suspension pour une longue dur\u00e9e de vie. La ventilation, la grande r\u00e9silience et le risque r\u00e9duit de plis sont quelques-uns des principaux avantages de la mousse \u00e0 froid.<\/p>\n<p>Ce canap\u00e9 durable, confortable et moderne en polyester recycl\u00e9 a un look \u00e9pur\u00e9, ce qui en fait un bel ajout \u00e0 un int\u00e9rieur industriel ou moderne. En plus d'un int\u00e9rieur moderne, il convient \u00e9galement parfaitement \u00e0 un style contemporain ou campagnard. Ce canap\u00e9 design peut notamment servir de canap\u00e9 moderne, de canap\u00e9 de salon de luxe ou de si\u00e8ge de salon pour le salon.<\/p>","protected":false},"excerpt":{"rendered":"<table>\n<tbody>\n<tr>\n<td width=\"110\"><\/td>\n<td width=\"300\"><\/td>\n<\/tr>\n<tr>\n<td width=\"110\">Materiaal:<\/td>\n<td width=\"300\">Polyester + Metaal<\/td>\n<\/tr>\n<tr>\n<td width=\"110\">Afwerking:<\/td>\n<td width=\"300\">Gerecycleerd Polyester<\/td>\n<\/tr>\n<tr>\n<td width=\"110\">Onderstel:<\/td>\n<td width=\"300\">Metalen poot<\/td>\n<\/tr>\n<tr>\n<td width=\"110\">Breedte:<\/td>\n<td width=\"300\">215 cm (Z:177)<\/td>\n<\/tr>\n<tr>\n<td width=\"110\">Hoogte:<\/td>\n<td width=\"300\">80 cm (Z:45 | A:61)<\/td>\n<\/tr>\n<tr>\n<td width=\"110\">Diepte:<\/td>\n<td width=\"300\">88 cm (Z:56)<\/td>\n<\/tr>\n<tr>\n<td width=\"110\">\n<div class=\"list\">Adviesprijs:<\/div>\n<\/td>\n<td width=\"300\">\n<div class=\"listp\">[bank_price id=\"11337\"]<\/div>\n<\/td>\n<\/tr>\n<\/tbody>\n<\/table>\n","protected":false},"featured_media":11525,"template":"","meta":{"_seopress_robots_primary_cat":"none","_seopress_titles_title":"Luwes 3Z POL | moderne bank in gerecycled polyester met metaal","_seopress_titles_desc":"Duurzame, comfortabele en moderne bank in gerecycled polyester met metalen zwart onderstel. 3-zits design sofa gem\u00ealeerde stof - TEAK2.","_seopress_robots_index":""},"product_brand":[],"product_cat":[94],"product_tag":[52,44],"class_list":{"0":"post-11337","1":"product","2":"type-product","3":"status-publish","4":"has-post-thumbnail","6":"product_cat-banken","7":"product_tag-design-meubelen","8":"product_tag-moderne-meubels","10":"first","11":"instock","12":"taxable","13":"shipping-taxable","14":"purchasable","15":"product-type-variable"},"_links":{"self":[{"href":"https:\/\/2furn.be\/fr\/wp-json\/wp\/v2\/product\/11337","targetHints":{"allow":["GET"]}}],"collection":[{"href":"https:\/\/2furn.be\/fr\/wp-json\/wp\/v2\/product"}],"about":[{"href":"https:\/\/2furn.be\/fr\/wp-json\/wp\/v2\/types\/product"}],"version-history":[{"count":0,"href":"https:\/\/2furn.be\/fr\/wp-json\/wp\/v2\/product\/11337\/revisions"}],"wp:featuredmedia":[{"embeddable":true,"href":"https:\/\/2furn.be\/fr\/wp-json\/wp\/v2\/media\/11525"}],"wp:attachment":[{"href":"https:\/\/2furn.be\/fr\/wp-json\/wp\/v2\/media?parent=11337"}],"wp:term":[{"taxonomy":"product_brand","embeddable":true,"href":"https:\/\/2furn.be\/fr\/wp-json\/wp\/v2\/product_brand?post=11337"},{"taxonomy":"product_cat","embeddable":true,"href":"https:\/\/2furn.be\/fr\/wp-json\/wp\/v2\/product_cat?post=11337"},{"taxonomy":"product_tag","embeddable":true,"href":"https:\/\/2furn.be\/fr\/wp-json\/wp\/v2\/product_tag?post=11337"}],"curies":[{"name":"wp","href":"https:\/\/api.w.org\/{rel}","templated":true}]}}