{"id":11273,"date":"2024-10-18T12:41:01","date_gmt":"2024-10-18T12:41:01","guid":{"rendered":"http:\/\/2furn.local\/?post_type=product&#038;p=11273"},"modified":"2025-06-04T17:11:22","modified_gmt":"2025-06-04T15:11:22","slug":"luwes-1z-eco-leder","status":"publish","type":"product","link":"https:\/\/2furn.be\/fr\/product\/luwes-1z-eco-leder\/","title":{"rendered":"Luwes 1Z ECO Leather"},"content":{"rendered":"<p>Tabouret durable, confortable et moderne en cuir ECO avec base en m\u00e9tal noir. Le Luwes 1Z est un luxueux pouf en cuir au look moderne. Ce pouf en cuir est fabriqu\u00e9 en cuir ECO, un mat\u00e9riau magnifique compos\u00e9 de cuir v\u00e9ritable 70% et de polyester 30%. Une combinaison parfaite pour un mat\u00e9riau solide et facile \u00e0 utiliser ! Il s'agit d'un mat\u00e9riau tr\u00e8s robuste avec un score de Martindale de 30 000, ce qui rend le cuir durable et r\u00e9sistant. Le cuir ECO est plus doux au toucher que le cuir 100% et il est \u00e9galement plus facile \u00e0 utiliser et plus durable. De plus, il est r\u00e9sistant \u00e0 la salet\u00e9 et \u00e0 l'eau ! La base de ce pouf est un pied en m\u00e9tal noir. Il est agr\u00e9able \u00e0 combiner avec les canap\u00e9s 3 places ou les canap\u00e9s d'angle Luwes de TEAK2. Il est ainsi possible de cr\u00e9er un canap\u00e9 g\u00e9n\u00e9reux avec un fauteuil long ou un canap\u00e9 en forme de U lorsqu'il est reli\u00e9 au canap\u00e9 d'angle. Votre coin salon n'a jamais \u00e9t\u00e9 aussi confortable ! \ud83d\ude09<\/p>\n<p>La s\u00e9rie Luwes est disponible en plusieurs couleurs et mod\u00e8les. Ce pouf design est fabriqu\u00e9 en polyester recycl\u00e9 et est de tr\u00e8s bonne qualit\u00e9. TEAK2 utilise uniquement des mat\u00e9riaux de la meilleure qualit\u00e9, en mettant l'accent sur la solidit\u00e9 et le confort d'assise. Ce pouf est fabriqu\u00e9 de mani\u00e8re durable et se compose \u00e0 70 % de cuir v\u00e9ritable et \u00e0 30 % de polyester. Gr\u00e2ce \u00e0 sa construction solide et \u00e0 son indice Martindale \u00e9lev\u00e9, cette s\u00e9rie est \u00e9galement souvent utilis\u00e9e dans le secteur de la restauration.<\/p>\n<p>La s\u00e9rie Luwes se compose d'une suspension ondul\u00e9e tendue sur une structure en bois. Le r\u00e9sultat? Une assise bien rembourr\u00e9e qui convient \u00e0 un usage intensif! L'affaissement est ainsi limit\u00e9 au maximum et le confort d'assise est optimal. Une mousse HR \u00e0 froid est appliqu\u00e9e sur cette suspension pour une longue dur\u00e9e de vie. La ventilation, la grande r\u00e9silience et le risque r\u00e9duit de plis sont quelques-uns des principaux avantages de la mousse \u00e0 froid.<\/p>\n<p>Ce pouf durable, confortable et moderne en cuir ECO<span class=\"Apple-converted-space\">\u00a0<\/span>Il a un look exclusif et s'int\u00e8gre donc parfaitement dans un int\u00e9rieur industriel ou moderne. En plus d'un int\u00e9rieur moderne, il s'accorde \u00e9galement bien avec un style contemporain ou rustique. Ce pouf en cuir luxueux peut notamment servir de pouf en cuir exclusif pour compl\u00e9ter les canap\u00e9s Luwes ou de table d'appoint ou de salon luxueuse dans le salon.<\/p>","protected":false},"excerpt":{"rendered":"<table>\n<tbody>\n<tr>\n<td width=\"110\"><\/td>\n<td width=\"300\"><\/td>\n<\/tr>\n<tr>\n<td width=\"110\">Materiaal:<\/td>\n<td width=\"300\">ECO-leder + Metaal<\/td>\n<\/tr>\n<tr>\n<td width=\"110\">Afwerking:<\/td>\n<td width=\"300\">Echt leder (70%) + Polyester (30%)<\/td>\n<\/tr>\n<tr>\n<td width=\"110\">Onderstel:<\/td>\n<td width=\"300\">Metalen poot<\/td>\n<\/tr>\n<tr>\n<td width=\"110\">Breedte:<\/td>\n<td width=\"300\">90 cm (Z:77)<\/td>\n<\/tr>\n<tr>\n<td width=\"110\">Hoogte:<\/td>\n<td width=\"300\">45 cm (Z:45 | A:)<\/td>\n<\/tr>\n<tr>\n<td width=\"110\">Diepte:<\/td>\n<td width=\"300\">60 cm (Z:60)<\/td>\n<\/tr>\n<tr>\n<td width=\"110\">\n<div class=\"list\">Adviesprijs:<\/div>\n<\/td>\n<td width=\"300\">\n<div class=\"listp\">[bank_price id=\"11272\"]<\/div>\n<\/td>\n<\/tr>\n<\/tbody>\n<\/table>\n","protected":false},"featured_media":11425,"template":"","meta":{"_seopress_robots_primary_cat":"none","_seopress_titles_title":"Luwes 1Z ECO-leder | moderne poef in ECO-leder met metaal","_seopress_titles_desc":"Duurzame, comfortabele en moderne poef in ECO-leder met metalen zwart onderstel. Luxe lederen hocker, exclusieve leren poef - TEAK2.","_seopress_robots_index":""},"product_brand":[],"product_cat":[94],"product_tag":[52,44],"class_list":{"0":"post-11273","1":"product","2":"type-product","3":"status-publish","4":"has-post-thumbnail","6":"product_cat-banken","7":"product_tag-design-meubelen","8":"product_tag-moderne-meubels","10":"first","11":"instock","12":"taxable","13":"shipping-taxable","14":"purchasable","15":"product-type-variable"},"_links":{"self":[{"href":"https:\/\/2furn.be\/fr\/wp-json\/wp\/v2\/product\/11273","targetHints":{"allow":["GET"]}}],"collection":[{"href":"https:\/\/2furn.be\/fr\/wp-json\/wp\/v2\/product"}],"about":[{"href":"https:\/\/2furn.be\/fr\/wp-json\/wp\/v2\/types\/product"}],"version-history":[{"count":0,"href":"https:\/\/2furn.be\/fr\/wp-json\/wp\/v2\/product\/11273\/revisions"}],"wp:featuredmedia":[{"embeddable":true,"href":"https:\/\/2furn.be\/fr\/wp-json\/wp\/v2\/media\/11425"}],"wp:attachment":[{"href":"https:\/\/2furn.be\/fr\/wp-json\/wp\/v2\/media?parent=11273"}],"wp:term":[{"taxonomy":"product_brand","embeddable":true,"href":"https:\/\/2furn.be\/fr\/wp-json\/wp\/v2\/product_brand?post=11273"},{"taxonomy":"product_cat","embeddable":true,"href":"https:\/\/2furn.be\/fr\/wp-json\/wp\/v2\/product_cat?post=11273"},{"taxonomy":"product_tag","embeddable":true,"href":"https:\/\/2furn.be\/fr\/wp-json\/wp\/v2\/product_tag?post=11273"}],"curies":[{"name":"wp","href":"https:\/\/api.w.org\/{rel}","templated":true}]}}