{"id":10888,"date":"2024-10-18T12:35:30","date_gmt":"2024-10-18T12:35:30","guid":{"rendered":"http:\/\/2furn.local\/?post_type=product&#038;p=10888"},"modified":"2024-10-24T14:37:13","modified_gmt":"2024-10-24T12:37:13","slug":"rongga-o","status":"publish","type":"product","link":"https:\/\/2furn.be\/fr\/product\/rongga-o\/","title":{"rendered":"Rongga O"},"content":{"rendered":"<p>Chaise moderne en cuir ECO avec pi\u00e8tement m\u00e9tallique. La Rongga O est une chaise de salle \u00e0 manger luxueuse au look moderne. Cette chaise avec accoudoirs est r\u00e9alis\u00e9e en cuir ECO, un magnifique mat\u00e9riau compos\u00e9 \u00e0 70% de cuir v\u00e9ritable et \u00e0 30% de polyester. Une combinaison parfaite pour un mat\u00e9riau solide et facile d'entretien! Cette chaise de salle \u00e0 manger moderne est disponible en plusieurs couleurs et finitions. Elle se caract\u00e9rise par ses accoudoirs droits et son dossier ouvert. Le pi\u00e8tement de cette chaise est en m\u00e9tal. Elle se combine \u00e0 merveille avec la large gamme de tables en teck de TEAK2.<\/p>\n<p>La s\u00e9rie Rongga est disponible en plusieurs couleurs et mod\u00e8les. Cette chaise luxueuse est fabriqu\u00e9e en cuir ECO et est de tr\u00e8s bonne qualit\u00e9. TEAK2 utilise uniquement des mat\u00e9riaux de la meilleure qualit\u00e9, en mettant l'accent sur la solidit\u00e9 et le confort d'assise. Cette chaise de salle \u00e0 manger robuste est fabriqu\u00e9e en Europe. Ce mod\u00e8le est dot\u00e9 d'un cadre droit moderne qui lui conf\u00e8re un look \u00e9pur\u00e9.<\/p>\n<p>Ce si\u00e8ge baquet moderne a un look moderne et s'int\u00e8gre donc parfaitement dans un int\u00e9rieur industriel ou moderne. En plus d'un int\u00e9rieur moderne, il convient \u00e9galement parfaitement \u00e0 un style contemporain ou campagnard. Cette chaise de luxe peut notamment servir de chaise de salle \u00e0 manger de luxe, de chaise de bureau ou de fauteuil design dans la cuisine, la salle \u00e0 manger ou le salon.<\/p>","protected":false},"excerpt":{"rendered":"<table>\n<tbody>\n<tr>\n<td width=\"110\"><\/td>\n<td width=\"300\"><\/td>\n<\/tr>\n<tr>\n<td width=\"110\">Mat\u00e9riel:<\/td>\n<td width=\"300\">Cuir ECO + M\u00e9tal<\/td>\n<\/tr>\n<tr>\n<td width=\"110\">Finition:<\/td>\n<td width=\"300\">Cuir v\u00e9ritable (70%) + polyester (30%)<\/td>\n<\/tr>\n<tr>\n<td width=\"110\">Ch\u00e2ssis:<\/td>\n<td width=\"300\">Pied m\u00e9tall<\/td>\n<\/tr>\n<tr>\n<td width=\"110\">Largeur:<\/td>\n<td width=\"300\">56 cm (Z:42)<\/td>\n<\/tr>\n<tr>\n<td width=\"110\">Hauteur:<\/td>\n<td width=\"300\">83 cm (Z:50 | A:63)<\/td>\n<\/tr>\n<tr>\n<td width=\"110\">Profondeur:<\/td>\n<td width=\"300\">52 cm (Z:44)<\/td>\n<\/tr>\n<tr>\n<td width=\"110\">\n<div class=\"list\">Prix conseill\u00e9:<\/div>\n<\/td>\n<td width=\"300\">\n<div class=\"listp\">\u20ac179,00<\/div>\n<\/td>\n<\/tr>\n<\/tbody>\n<\/table>","protected":false},"featured_media":10904,"template":"","meta":{"_seopress_robots_primary_cat":"none","_seopress_titles_title":"Rongga O | moderne kuipstoel ECO-leder met metalen onderstel","_seopress_titles_desc":"Moderne kuipstoel ECO-leder met metalen onderstel. Luxe eetkamerstoel met een moderne uitstraling, cognac of antraciet - TEAK2.","_seopress_robots_index":""},"product_brand":[],"product_cat":[86,56],"product_tag":[52,44],"class_list":{"0":"post-10888","1":"product","2":"type-product","3":"status-publish","4":"has-post-thumbnail","6":"product_cat-eetkamerstoelen","7":"product_cat-stoelen","8":"product_tag-design-meubelen","9":"product_tag-moderne-meubels","11":"first","12":"instock","13":"taxable","14":"shipping-taxable","15":"purchasable","16":"product-type-variable"},"_links":{"self":[{"href":"https:\/\/2furn.be\/fr\/wp-json\/wp\/v2\/product\/10888","targetHints":{"allow":["GET"]}}],"collection":[{"href":"https:\/\/2furn.be\/fr\/wp-json\/wp\/v2\/product"}],"about":[{"href":"https:\/\/2furn.be\/fr\/wp-json\/wp\/v2\/types\/product"}],"version-history":[{"count":0,"href":"https:\/\/2furn.be\/fr\/wp-json\/wp\/v2\/product\/10888\/revisions"}],"wp:featuredmedia":[{"embeddable":true,"href":"https:\/\/2furn.be\/fr\/wp-json\/wp\/v2\/media\/10904"}],"wp:attachment":[{"href":"https:\/\/2furn.be\/fr\/wp-json\/wp\/v2\/media?parent=10888"}],"wp:term":[{"taxonomy":"product_brand","embeddable":true,"href":"https:\/\/2furn.be\/fr\/wp-json\/wp\/v2\/product_brand?post=10888"},{"taxonomy":"product_cat","embeddable":true,"href":"https:\/\/2furn.be\/fr\/wp-json\/wp\/v2\/product_cat?post=10888"},{"taxonomy":"product_tag","embeddable":true,"href":"https:\/\/2furn.be\/fr\/wp-json\/wp\/v2\/product_tag?post=10888"}],"curies":[{"name":"wp","href":"https:\/\/api.w.org\/{rel}","templated":true}]}}