{"id":514629,"date":"2026-02-19T17:21:52","date_gmt":"2026-02-19T16:21:52","guid":{"rendered":"https:\/\/2furn.be\/?post_type=product&#038;p=514629"},"modified":"2026-02-19T17:51:02","modified_gmt":"2026-02-19T16:51:02","slug":"mic-luca","status":"publish","type":"product","link":"https:\/\/2furn.be\/de\/product\/mic-luca\/","title":{"rendered":"Mic Luca"},"content":{"rendered":"<p>Die Mic Luca-Serie ist ein skandinavischer Esszimmerstuhl in luxuri\u00f6sem Design. Dieser Esszimmerstuhl hat eine geschwungene R\u00fcckenlehne, einen bequemen Sitz und schlanke Beine. Dieser Designerstuhl besteht aus einer wasser- und schmutzabweisenden Leinenmischung, 85% Polyester und 15% Leinen. Es handelt sich um ein sehr robustes Material mit einer Martindale-Bewertung von 50.000, wodurch der Stoff sehr langlebig ist. Au\u00dferdem ist dieses Material wasserabweisend und durch seine robuste Konstruktion ist der Stuhl auch f\u00fcr die Gastronomie bestens geeignet! Dieser moderne Esszimmerstuhl ist in verschiedenen Farben und Ausf\u00fchrungen erh\u00e4ltlich. Die Basis dieses Esszimmerstuhls im skandinavischen Design ist ein minimalistisches Metallbein. Dieser Stuhl ist von h\u00f6herer Qualit\u00e4t als der Standard-Esszimmerstuhl von Mic.<span class=\"Apple-converted-space\">\u00a0<\/span><\/p>\n<p>Ideal f\u00fcr luxuri\u00f6se Designer-Einrichtungen, die Stil und Funktionalit\u00e4t vereinen. Erleben Sie zeitlose Eleganz in Ihrem Zuhause mit der exklusiven Mic-M\u00f6belkollektion. Dieser Esszimmerstuhl passt perfekt zu unserer Kollektion an trendigen Tischen.<\/p>","protected":false},"excerpt":{"rendered":"<table>\n<tbody>\n<tr>\n<td width=\"110\"><\/td>\n<td width=\"300\"><\/td>\n<\/tr>\n<tr>\n<td width=\"110\">Material:<\/td>\n<td width=\"300\">Stoff<\/td>\n<\/tr>\n<tr>\n<td width=\"110\">Chassis:<\/td>\n<td width=\"300\">Metallfu\u00df<\/td>\n<\/tr>\n<tr>\n<td width=\"110\">Breite:<\/td>\n<td width=\"300\">51 cm (Z:46)<\/td>\n<\/tr>\n<tr>\n<td width=\"110\">H\u00f6he:<\/td>\n<td width=\"300\">77 cm (Z:48 | A:)<\/td>\n<\/tr>\n<tr>\n<td width=\"110\">Tiefe:<\/td>\n<td width=\"300\">55 cm (Z:44)<\/td>\n<\/tr>\n<\/tbody>\n<\/table>\n<p>&nbsp;<\/p>","protected":false},"featured_media":514635,"template":"","meta":{"_seopress_robots_primary_cat":"none","_seopress_titles_title":"Mic Luca | Scandinavische eetkamerstoel, luxe uitvoering","_seopress_titles_desc":"Scandinavische eetkamerstoel in luxe uitvoering. Deze eetkamerstoel is uitgevoerd met een gebogen rugleuning en metalen poot.","_seopress_robots_index":""},"product_brand":[],"product_cat":[86,56],"product_tag":[52,78,44],"class_list":{"0":"post-514629","1":"product","2":"type-product","3":"status-publish","4":"has-post-thumbnail","6":"product_cat-eetkamerstoelen","7":"product_cat-stoelen","8":"product_tag-design-meubelen","9":"product_tag-metaal","10":"product_tag-moderne-meubels","12":"first","13":"instock","14":"taxable","15":"shipping-taxable","16":"purchasable","17":"product-type-variable"},"_links":{"self":[{"href":"https:\/\/2furn.be\/de\/wp-json\/wp\/v2\/product\/514629","targetHints":{"allow":["GET"]}}],"collection":[{"href":"https:\/\/2furn.be\/de\/wp-json\/wp\/v2\/product"}],"about":[{"href":"https:\/\/2furn.be\/de\/wp-json\/wp\/v2\/types\/product"}],"version-history":[{"count":3,"href":"https:\/\/2furn.be\/de\/wp-json\/wp\/v2\/product\/514629\/revisions"}],"predecessor-version":[{"id":514657,"href":"https:\/\/2furn.be\/de\/wp-json\/wp\/v2\/product\/514629\/revisions\/514657"}],"wp:featuredmedia":[{"embeddable":true,"href":"https:\/\/2furn.be\/de\/wp-json\/wp\/v2\/media\/514635"}],"wp:attachment":[{"href":"https:\/\/2furn.be\/de\/wp-json\/wp\/v2\/media?parent=514629"}],"wp:term":[{"taxonomy":"product_brand","embeddable":true,"href":"https:\/\/2furn.be\/de\/wp-json\/wp\/v2\/product_brand?post=514629"},{"taxonomy":"product_cat","embeddable":true,"href":"https:\/\/2furn.be\/de\/wp-json\/wp\/v2\/product_cat?post=514629"},{"taxonomy":"product_tag","embeddable":true,"href":"https:\/\/2furn.be\/de\/wp-json\/wp\/v2\/product_tag?post=514629"}],"curies":[{"name":"wp","href":"https:\/\/api.w.org\/{rel}","templated":true}]}}