{"id":514083,"date":"2025-06-14T18:46:57","date_gmt":"2025-06-14T16:46:57","guid":{"rendered":"https:\/\/2furn.be\/?post_type=product&#038;p=514083"},"modified":"2026-04-26T00:00:25","modified_gmt":"2026-04-25T22:00:25","slug":"brix-myl-sr110","status":"publish","type":"product","link":"https:\/\/2furn.be\/de\/product\/brix-myl-sr110\/","title":{"rendered":"Brix Myl SR110"},"content":{"rendered":"<p>Der Brix Myl SR110 ist ein trendiger beiger Couchtisch mit Glas. Dieser Tisch hat eine organische runde Glasplatte und zeichnet sich durch die Kombination von Glas und beigem Fu\u00df aus. Die Basis dieses trendigen beigen Couchtisches ist ein Metallbein.<\/p>\n<p>Die Serie Brix Myl ist in einem beigen Farbton gehalten. Ideal f\u00fcr moderne Innenr\u00e4ume, die Stil und Funktionalit\u00e4t vereinen. Erleben Sie zeitlose Eleganz in Ihrem Zuhause mit der exklusiven M\u00f6belkollektion Brix Myl.<\/p>","protected":false},"excerpt":{"rendered":"<table>\n<tbody>\n<tr>\n<td width=\"110\"><\/td>\n<td width=\"300\"><\/td>\n<\/tr>\n<tr>\n<td width=\"110\">Material:<\/td>\n<td width=\"300\">Glas + Metall<\/td>\n<\/tr>\n<tr>\n<td width=\"110\">Farbe:<\/td>\n<td width=\"300\">Braun (dunkel) + Beige<\/td>\n<\/tr>\n<tr>\n<td width=\"110\">Verarbeitung:<\/td>\n<td width=\"300\">Beige Ausf\u00fchrung<\/td>\n<\/tr>\n<\/tbody>\n<\/table>","protected":false},"featured_media":514082,"template":"","meta":{"_seopress_robots_primary_cat":"none","_seopress_titles_title":"Brix Myl SR110 | trendy beige salontafel met glas","_seopress_titles_desc":"Trendy beige salontafel met glas. Deze tafel is uitgevoerd met een organisch rond glazen blad en beige onderstel.","_seopress_robots_index":""},"product_brand":[],"product_cat":[62,54],"product_tag":[131,52,44],"class_list":{"0":"post-514083","1":"product","2":"type-product","3":"status-publish","4":"has-post-thumbnail","6":"product_cat-salontafel","7":"product_cat-tafels","8":"product_tag-beige-finish","9":"product_tag-design-meubelen","10":"product_tag-moderne-meubels","12":"first","13":"instock","14":"taxable","15":"shipping-taxable","16":"purchasable","17":"product-type-variable"},"_links":{"self":[{"href":"https:\/\/2furn.be\/de\/wp-json\/wp\/v2\/product\/514083","targetHints":{"allow":["GET"]}}],"collection":[{"href":"https:\/\/2furn.be\/de\/wp-json\/wp\/v2\/product"}],"about":[{"href":"https:\/\/2furn.be\/de\/wp-json\/wp\/v2\/types\/product"}],"version-history":[{"count":0,"href":"https:\/\/2furn.be\/de\/wp-json\/wp\/v2\/product\/514083\/revisions"}],"wp:featuredmedia":[{"embeddable":true,"href":"https:\/\/2furn.be\/de\/wp-json\/wp\/v2\/media\/514082"}],"wp:attachment":[{"href":"https:\/\/2furn.be\/de\/wp-json\/wp\/v2\/media?parent=514083"}],"wp:term":[{"taxonomy":"product_brand","embeddable":true,"href":"https:\/\/2furn.be\/de\/wp-json\/wp\/v2\/product_brand?post=514083"},{"taxonomy":"product_cat","embeddable":true,"href":"https:\/\/2furn.be\/de\/wp-json\/wp\/v2\/product_cat?post=514083"},{"taxonomy":"product_tag","embeddable":true,"href":"https:\/\/2furn.be\/de\/wp-json\/wp\/v2\/product_tag?post=514083"}],"curies":[{"name":"wp","href":"https:\/\/api.w.org\/{rel}","templated":true}]}}