{"id":513849,"date":"2025-06-12T11:54:22","date_gmt":"2025-06-12T09:54:22","guid":{"rendered":"https:\/\/2furn.be\/?post_type=product&#038;p=513849"},"modified":"2026-04-08T00:00:25","modified_gmt":"2026-04-07T22:00:25","slug":"dia","status":"publish","type":"product","link":"https:\/\/2furn.be\/de\/product\/dia\/","title":{"rendered":"Dia"},"content":{"rendered":"<p>Die Serie Dia ist ein schwenkbarer Designer-Esszimmerstuhl mit schickem Aussehen. Dieser Esszimmerstuhl verf\u00fcgt \u00fcber eine ergonomische Schale, ein drehbares Untergestell und zeichnet sich durch seine Design-Armlehne aus. Die Basis dieses Esstischdrehstuhls ist ein schlankes Metallbein.<\/p>\n<p>Ideal f\u00fcr moderne Innenr\u00e4ume, die Stil und Funktionalit\u00e4t vereinen. Erleben Sie zeitlose Eleganz in Ihrem Zuhause mit der exklusiven M\u00f6belkollektion Dia. Dieser Esszimmerstuhl passt perfekt zu unserer Kollektion an trendigen Tischen.<\/p>","protected":false},"excerpt":{"rendered":"<table>\n<tbody>\n<tr>\n<td width=\"110\"><\/td>\n<td width=\"300\"><\/td>\n<\/tr>\n<tr>\n<td width=\"110\">Material:<\/td>\n<td width=\"300\">Stoff + Metall<\/td>\n<\/tr>\n<tr>\n<td width=\"110\">Chassis:<\/td>\n<td width=\"300\">Metallfu\u00df<\/td>\n<\/tr>\n<tr>\n<td width=\"110\">Breite:<\/td>\n<td width=\"300\">57 cm (Z:44)<\/td>\n<\/tr>\n<tr>\n<td width=\"110\">H\u00f6he:<\/td>\n<td width=\"300\">86 cm (Z:49 | A:64)<\/td>\n<\/tr>\n<tr>\n<td width=\"110\">Tiefe:<\/td>\n<td width=\"300\">60 cm (Z:43)<\/td>\n<\/tr>\n<\/tbody>\n<\/table>\n<p>&nbsp;<\/p>","protected":false},"featured_media":513514,"template":"","meta":{"_seopress_robots_primary_cat":"none","_seopress_titles_title":"Dia | draaibare design eetkamerstoel, chique","_seopress_titles_desc":"Draaibare design eetkamerstoel met een chique uitstraling. Deze eetkamerstoel is uitgevoerd met een ergonomische kuip en design armleuning.","_seopress_robots_index":""},"product_brand":[],"product_cat":[86,56],"product_tag":[52,78,44],"class_list":{"0":"post-513849","1":"product","2":"type-product","3":"status-publish","4":"has-post-thumbnail","6":"product_cat-eetkamerstoelen","7":"product_cat-stoelen","8":"product_tag-design-meubelen","9":"product_tag-metaal","10":"product_tag-moderne-meubels","12":"first","13":"onbackorder","14":"taxable","15":"shipping-taxable","16":"purchasable","17":"product-type-variable"},"_links":{"self":[{"href":"https:\/\/2furn.be\/de\/wp-json\/wp\/v2\/product\/513849","targetHints":{"allow":["GET"]}}],"collection":[{"href":"https:\/\/2furn.be\/de\/wp-json\/wp\/v2\/product"}],"about":[{"href":"https:\/\/2furn.be\/de\/wp-json\/wp\/v2\/types\/product"}],"version-history":[{"count":1,"href":"https:\/\/2furn.be\/de\/wp-json\/wp\/v2\/product\/513849\/revisions"}],"predecessor-version":[{"id":514502,"href":"https:\/\/2furn.be\/de\/wp-json\/wp\/v2\/product\/513849\/revisions\/514502"}],"wp:featuredmedia":[{"embeddable":true,"href":"https:\/\/2furn.be\/de\/wp-json\/wp\/v2\/media\/513514"}],"wp:attachment":[{"href":"https:\/\/2furn.be\/de\/wp-json\/wp\/v2\/media?parent=513849"}],"wp:term":[{"taxonomy":"product_brand","embeddable":true,"href":"https:\/\/2furn.be\/de\/wp-json\/wp\/v2\/product_brand?post=513849"},{"taxonomy":"product_cat","embeddable":true,"href":"https:\/\/2furn.be\/de\/wp-json\/wp\/v2\/product_cat?post=513849"},{"taxonomy":"product_tag","embeddable":true,"href":"https:\/\/2furn.be\/de\/wp-json\/wp\/v2\/product_tag?post=513849"}],"curies":[{"name":"wp","href":"https:\/\/api.w.org\/{rel}","templated":true}]}}