{"id":513834,"date":"2025-06-11T22:13:07","date_gmt":"2025-06-11T20:13:07","guid":{"rendered":"https:\/\/2furn.be\/?post_type=product&#038;p=513834"},"modified":"2026-03-20T00:00:27","modified_gmt":"2026-03-19T23:00:27","slug":"bro","status":"publish","type":"product","link":"https:\/\/2furn.be\/de\/product\/bro\/","title":{"rendered":"Bruder"},"content":{"rendered":"<p>Die Serie Bro ist ein erschwinglicher Esszimmerstuhl mit einem modernen Design. Dieser Esszimmerstuhl hat eine halbhohe R\u00fcckenlehne, Armlehnen und zeichnet sich durch seine quadratischen Ziern\u00e4hte aus. Die Basis dieses erschwinglichen Esszimmerstuhls ist ein schlankes Metallbein.<\/p>\n<p>Ideal f\u00fcr moderne Innenr\u00e4ume, die Stil und Funktionalit\u00e4t vereinen. Erleben Sie zeitlose Eleganz in Ihrem Zuhause mit der exklusiven Bro-M\u00f6belkollektion. Dieser Esszimmerstuhl passt perfekt zu unserer Kollektion an trendigen Tischen.<\/p>","protected":false},"excerpt":{"rendered":"<table>\n<tbody>\n<tr>\n<td width=\"110\"><\/td>\n<td width=\"300\"><\/td>\n<\/tr>\n<tr>\n<td width=\"110\">Material:<\/td>\n<td width=\"300\">Stoff + Metall<\/td>\n<\/tr>\n<tr>\n<td width=\"110\">Chassis:<\/td>\n<td width=\"300\">Metallfu\u00df<\/td>\n<\/tr>\n<tr>\n<td width=\"110\">Breite:<\/td>\n<td width=\"300\">61 cm (Z:45)<\/td>\n<\/tr>\n<tr>\n<td width=\"110\">H\u00f6he:<\/td>\n<td width=\"300\">85 cm (Z:51 | A:68)<\/td>\n<\/tr>\n<tr>\n<td width=\"110\">Tiefe:<\/td>\n<td width=\"300\">61 cm (Z:47)<\/td>\n<\/tr>\n<\/tbody>\n<\/table>\n<p>&nbsp;<\/p>","protected":false},"featured_media":513495,"template":"","meta":{"_seopress_robots_primary_cat":"none","_seopress_titles_title":"Bro | betaalbare eetkamerstoel, modern design","_seopress_titles_desc":"Betaalbare eetkamerstoel met een modern design. Deze eetkamerstoel typeert zich door de sierstiksels in vierkant model.","_seopress_robots_index":""},"product_brand":[],"product_cat":[86,56],"product_tag":[52,78,44],"class_list":{"0":"post-513834","1":"product","2":"type-product","3":"status-publish","4":"has-post-thumbnail","6":"product_cat-eetkamerstoelen","7":"product_cat-stoelen","8":"product_tag-design-meubelen","9":"product_tag-metaal","10":"product_tag-moderne-meubels","12":"first","13":"onbackorder","14":"taxable","15":"shipping-taxable","16":"purchasable","17":"product-type-variable"},"_links":{"self":[{"href":"https:\/\/2furn.be\/de\/wp-json\/wp\/v2\/product\/513834","targetHints":{"allow":["GET"]}}],"collection":[{"href":"https:\/\/2furn.be\/de\/wp-json\/wp\/v2\/product"}],"about":[{"href":"https:\/\/2furn.be\/de\/wp-json\/wp\/v2\/types\/product"}],"version-history":[{"count":2,"href":"https:\/\/2furn.be\/de\/wp-json\/wp\/v2\/product\/513834\/revisions"}],"predecessor-version":[{"id":514501,"href":"https:\/\/2furn.be\/de\/wp-json\/wp\/v2\/product\/513834\/revisions\/514501"}],"wp:featuredmedia":[{"embeddable":true,"href":"https:\/\/2furn.be\/de\/wp-json\/wp\/v2\/media\/513495"}],"wp:attachment":[{"href":"https:\/\/2furn.be\/de\/wp-json\/wp\/v2\/media?parent=513834"}],"wp:term":[{"taxonomy":"product_brand","embeddable":true,"href":"https:\/\/2furn.be\/de\/wp-json\/wp\/v2\/product_brand?post=513834"},{"taxonomy":"product_cat","embeddable":true,"href":"https:\/\/2furn.be\/de\/wp-json\/wp\/v2\/product_cat?post=513834"},{"taxonomy":"product_tag","embeddable":true,"href":"https:\/\/2furn.be\/de\/wp-json\/wp\/v2\/product_tag?post=513834"}],"curies":[{"name":"wp","href":"https:\/\/api.w.org\/{rel}","templated":true}]}}