{"id":513824,"date":"2025-06-11T21:31:26","date_gmt":"2025-06-11T19:31:26","guid":{"rendered":"https:\/\/2furn.be\/?post_type=product&#038;p=513824"},"modified":"2025-06-11T21:34:32","modified_gmt":"2025-06-11T19:34:32","slug":"tho","status":"publish","type":"product","link":"https:\/\/2furn.be\/de\/product\/tho\/","title":{"rendered":"Tho"},"content":{"rendered":"<p>Die Serie Tho ist ein drehbarer Esszimmerstuhl mit einem modernen Design. Dieser Esszimmerstuhl verf\u00fcgt \u00fcber eine Armlehne, Stoff mit gerippter Oberfl\u00e4che, ein Drehgestell und einen gro\u00dfz\u00fcgigen Sitz mit ergonomisch geformter Arm- und R\u00fcckenlehne. Das Gestell dieses Esszimmerdrehstuhls besteht aus einem schlanken Metallfu\u00df.<\/p>\n<p>Ideal f\u00fcr moderne Innenr\u00e4ume, die Stil und Funktionalit\u00e4t vereinen. Erleben Sie zeitlose Eleganz in Ihrem Zuhause mit der exklusiven M\u00f6belkollektion Tho. Dieser Esszimmerstuhl passt perfekt zu unserer Kollektion an trendigen Tischen.<\/p>","protected":false},"excerpt":{"rendered":"<table>\n<tbody>\n<tr>\n<td width=\"110\"><\/td>\n<td width=\"300\"><\/td>\n<\/tr>\n<tr>\n<td width=\"110\">Material:<\/td>\n<td width=\"300\">Stoff + Metall<\/td>\n<\/tr>\n<tr>\n<td width=\"110\">Chassis:<\/td>\n<td width=\"300\">Metallfu\u00df<\/td>\n<\/tr>\n<tr>\n<td width=\"110\">Breite:<\/td>\n<td width=\"300\">59 cm (Z:44)<\/td>\n<\/tr>\n<tr>\n<td width=\"110\">H\u00f6he:<\/td>\n<td width=\"300\">84 cm (Z:52 | A:64)<\/td>\n<\/tr>\n<tr>\n<td width=\"110\">Tiefe:<\/td>\n<td width=\"300\">64 cm (Z:42)<\/td>\n<\/tr>\n<\/tbody>\n<\/table>\n<p>&nbsp;<\/p>","protected":false},"featured_media":513661,"template":"","meta":{"_seopress_robots_primary_cat":"none","_seopress_titles_title":"Tho | draaibare eetkamerstoel, eigentijds design","_seopress_titles_desc":"Draaibare eetkamerstoel, eigentijds design. Deze eetkamerstoel heeft armleuning, stof met ribbel en ergonomisch gevormde arm- en rugleuning.","_seopress_robots_index":""},"product_brand":[],"product_cat":[86,56],"product_tag":[52,78,44],"class_list":{"0":"post-513824","1":"product","2":"type-product","3":"status-publish","4":"has-post-thumbnail","6":"product_cat-eetkamerstoelen","7":"product_cat-stoelen","8":"product_tag-design-meubelen","9":"product_tag-metaal","10":"product_tag-moderne-meubels","12":"first","13":"instock","14":"taxable","15":"shipping-taxable","16":"product-type-variable"},"_links":{"self":[{"href":"https:\/\/2furn.be\/de\/wp-json\/wp\/v2\/product\/513824","targetHints":{"allow":["GET"]}}],"collection":[{"href":"https:\/\/2furn.be\/de\/wp-json\/wp\/v2\/product"}],"about":[{"href":"https:\/\/2furn.be\/de\/wp-json\/wp\/v2\/types\/product"}],"version-history":[{"count":0,"href":"https:\/\/2furn.be\/de\/wp-json\/wp\/v2\/product\/513824\/revisions"}],"wp:featuredmedia":[{"embeddable":true,"href":"https:\/\/2furn.be\/de\/wp-json\/wp\/v2\/media\/513661"}],"wp:attachment":[{"href":"https:\/\/2furn.be\/de\/wp-json\/wp\/v2\/media?parent=513824"}],"wp:term":[{"taxonomy":"product_brand","embeddable":true,"href":"https:\/\/2furn.be\/de\/wp-json\/wp\/v2\/product_brand?post=513824"},{"taxonomy":"product_cat","embeddable":true,"href":"https:\/\/2furn.be\/de\/wp-json\/wp\/v2\/product_cat?post=513824"},{"taxonomy":"product_tag","embeddable":true,"href":"https:\/\/2furn.be\/de\/wp-json\/wp\/v2\/product_tag?post=513824"}],"curies":[{"name":"wp","href":"https:\/\/api.w.org\/{rel}","templated":true}]}}