{"id":513810,"date":"2025-06-11T09:44:48","date_gmt":"2025-06-11T07:44:48","guid":{"rendered":"https:\/\/2furn.be\/?post_type=product&#038;p=513810"},"modified":"2026-04-21T00:00:29","modified_gmt":"2026-04-20T22:00:29","slug":"tor","status":"publish","type":"product","link":"https:\/\/2furn.be\/de\/product\/tor\/","title":{"rendered":"Tor"},"content":{"rendered":"<p>Die Serie Tor ist ein luxuri\u00f6ser Sessel mit einem eleganten Aussehen. Dieser Esszimmerstuhl ist mit einer Armlehne, einem luxuri\u00f6sen Sitzkissen und einem Drehfu\u00df ausgestattet und zeichnet sich durch seinen au\u00dfergew\u00f6hnlichen Sitzkomfort aus. Das Gestell dieses Luxussessels besteht aus einem schlanken Metallfu\u00df.<\/p>\n<p>Ideal f\u00fcr moderne Innenr\u00e4ume, die Stil und Funktionalit\u00e4t vereinen. Erleben Sie zeitlose Eleganz in Ihrem Zuhause mit der exklusiven M\u00f6belkollektion Tor. Dieser Esszimmerstuhl passt perfekt zu unserer Kollektion an trendigen Tischen.<\/p>","protected":false},"excerpt":{"rendered":"<table>\n<tbody>\n<tr>\n<td width=\"110\"><\/td>\n<td width=\"300\"><\/td>\n<\/tr>\n<tr>\n<td width=\"110\">Material:<\/td>\n<td width=\"300\">Stoff + Metall<\/td>\n<\/tr>\n<tr>\n<td width=\"110\">Chassis:<\/td>\n<td width=\"300\">Metallfu\u00df<\/td>\n<\/tr>\n<tr>\n<td width=\"110\">Breite:<\/td>\n<td width=\"300\">59 cm (Z:44)<\/td>\n<\/tr>\n<tr>\n<td width=\"110\">H\u00f6he:<\/td>\n<td width=\"300\">90 cm (Z:50 | A:65)<\/td>\n<\/tr>\n<tr>\n<td width=\"110\">Tiefe:<\/td>\n<td width=\"300\">60 cm (Z:46)<\/td>\n<\/tr>\n<\/tbody>\n<\/table>\n<p>&nbsp;<\/p>","protected":false},"featured_media":513675,"template":"","meta":{"_seopress_robots_primary_cat":"none","_seopress_titles_title":"Tor | luxe armtoel met elegante uitstraling","_seopress_titles_desc":"Luxe armstoel met een elegante uitstraling. Deze eetkamerstoel is uitgevoerd met armleuning, luxe zitkussen, draaibaar onderstel en zitcomfort.","_seopress_robots_index":""},"product_brand":[],"product_cat":[86,56],"product_tag":[52,78,44],"class_list":{"0":"post-513810","1":"product","2":"type-product","3":"status-publish","4":"has-post-thumbnail","6":"product_cat-eetkamerstoelen","7":"product_cat-stoelen","8":"product_tag-design-meubelen","9":"product_tag-metaal","10":"product_tag-moderne-meubels","12":"first","13":"instock","14":"taxable","15":"shipping-taxable","16":"purchasable","17":"product-type-variable"},"_links":{"self":[{"href":"https:\/\/2furn.be\/de\/wp-json\/wp\/v2\/product\/513810","targetHints":{"allow":["GET"]}}],"collection":[{"href":"https:\/\/2furn.be\/de\/wp-json\/wp\/v2\/product"}],"about":[{"href":"https:\/\/2furn.be\/de\/wp-json\/wp\/v2\/types\/product"}],"version-history":[{"count":0,"href":"https:\/\/2furn.be\/de\/wp-json\/wp\/v2\/product\/513810\/revisions"}],"wp:featuredmedia":[{"embeddable":true,"href":"https:\/\/2furn.be\/de\/wp-json\/wp\/v2\/media\/513675"}],"wp:attachment":[{"href":"https:\/\/2furn.be\/de\/wp-json\/wp\/v2\/media?parent=513810"}],"wp:term":[{"taxonomy":"product_brand","embeddable":true,"href":"https:\/\/2furn.be\/de\/wp-json\/wp\/v2\/product_brand?post=513810"},{"taxonomy":"product_cat","embeddable":true,"href":"https:\/\/2furn.be\/de\/wp-json\/wp\/v2\/product_cat?post=513810"},{"taxonomy":"product_tag","embeddable":true,"href":"https:\/\/2furn.be\/de\/wp-json\/wp\/v2\/product_tag?post=513810"}],"curies":[{"name":"wp","href":"https:\/\/api.w.org\/{rel}","templated":true}]}}