{"id":513788,"date":"2025-06-10T18:35:57","date_gmt":"2025-06-10T16:35:57","guid":{"rendered":"https:\/\/2furn.be\/?post_type=product&#038;p=513788"},"modified":"2026-04-23T00:00:24","modified_gmt":"2026-04-22T22:00:24","slug":"kal-toxxxx","status":"publish","type":"product","link":"https:\/\/2furn.be\/de\/product\/kal-toxxxx\/","title":{"rendered":"Kal TO160-240X"},"content":{"rendered":"<p>Der Kal TO160-240X ist ein industrieller ovaler Esstisch aus Holz mit Metallspinnenbein. Dieser ovale Tisch hat eine robuste Hartholzplatte. Die Basis dieses industriellen ovalen Esstisch ist ein Metall Spinne Bein.<\/p>\n<p>Die Serie Kal ist in einem hellen Farbton gehalten. Ideal f\u00fcr moderne Interieurs, die Stil und Funktionalit\u00e4t vereinen. Erleben Sie zeitlose Eleganz in Ihrem Zuhause mit der exklusiven M\u00f6belkollektion Kal.<\/p>","protected":false},"excerpt":{"rendered":"<table>\n<tbody>\n<tr>\n<td width=\"110\"><\/td>\n<td width=\"300\"><\/td>\n<\/tr>\n<tr>\n<td width=\"110\">Material:<\/td>\n<td width=\"300\">Langlebiges Hartholz + Metall<\/td>\n<\/tr>\n<tr>\n<td width=\"110\">Farbe:<\/td>\n<td width=\"300\">Braun (hell)<\/td>\n<\/tr>\n<tr>\n<td width=\"110\">Verarbeitung:<\/td>\n<td width=\"300\">Leichte Finish<\/td>\n<\/tr>\n<\/tbody>\n<\/table>\n<p>&nbsp;<\/p>","protected":false},"featured_media":513378,"template":"","meta":{"_seopress_robots_primary_cat":"none","_seopress_titles_title":"Kal TO160-240X | industri\u00eble ovale eettafel hout","_seopress_titles_desc":"Industri\u00eble ovale eettafel hout met metalen spinpoot. Deze tafel is uitgevoerd met een duurzaam hardhouten blad.","_seopress_robots_index":""},"product_brand":[],"product_cat":[55,54],"product_tag":[52,126,78,44],"class_list":{"0":"post-513788","1":"product","2":"type-product","3":"status-publish","4":"has-post-thumbnail","6":"product_cat-eettafel","7":"product_cat-tafels","8":"product_tag-design-meubelen","9":"product_tag-lichte-finish","10":"product_tag-metaal","11":"product_tag-moderne-meubels","13":"first","14":"instock","15":"taxable","16":"shipping-taxable","17":"purchasable","18":"product-type-variable"},"_links":{"self":[{"href":"https:\/\/2furn.be\/de\/wp-json\/wp\/v2\/product\/513788","targetHints":{"allow":["GET"]}}],"collection":[{"href":"https:\/\/2furn.be\/de\/wp-json\/wp\/v2\/product"}],"about":[{"href":"https:\/\/2furn.be\/de\/wp-json\/wp\/v2\/types\/product"}],"version-history":[{"count":0,"href":"https:\/\/2furn.be\/de\/wp-json\/wp\/v2\/product\/513788\/revisions"}],"wp:featuredmedia":[{"embeddable":true,"href":"https:\/\/2furn.be\/de\/wp-json\/wp\/v2\/media\/513378"}],"wp:attachment":[{"href":"https:\/\/2furn.be\/de\/wp-json\/wp\/v2\/media?parent=513788"}],"wp:term":[{"taxonomy":"product_brand","embeddable":true,"href":"https:\/\/2furn.be\/de\/wp-json\/wp\/v2\/product_brand?post=513788"},{"taxonomy":"product_cat","embeddable":true,"href":"https:\/\/2furn.be\/de\/wp-json\/wp\/v2\/product_cat?post=513788"},{"taxonomy":"product_tag","embeddable":true,"href":"https:\/\/2furn.be\/de\/wp-json\/wp\/v2\/product_tag?post=513788"}],"curies":[{"name":"wp","href":"https:\/\/api.w.org\/{rel}","templated":true}]}}