{"id":513699,"date":"2025-06-10T15:09:52","date_gmt":"2025-06-10T13:09:52","guid":{"rendered":"https:\/\/2furn.be\/?post_type=product&#038;p=513699"},"modified":"2026-04-22T00:00:26","modified_gmt":"2026-04-21T22:00:26","slug":"kal-120z","status":"publish","type":"product","link":"https:\/\/2furn.be\/de\/product\/kal-120z\/","title":{"rendered":"Kal 120Z"},"content":{"rendered":"<p>Das Kal 120Z ist ein modernes schwarzes B\u00fccherregal mit Einlegeb\u00f6den und T\u00fcren. Dieses moderne B\u00fccherregal ist mit Einlegeb\u00f6den ausgestattet. Dieses moderne schwarze B\u00fccherregal zeichnet sich durch seinen minimalistischen Stil, die Einlegeb\u00f6den und die darunter liegenden Fl\u00fcgelt\u00fcren aus. Die Oberseite ist mit einer modernen Hohlkehle versehen und der untere Teil steht auf einem schlanken Fu\u00df. Dieses M\u00f6belst\u00fcck besteht aus 1 Teil.<\/p>\n<p>Die Serie Kal ist schwarz lackiert. Ideal f\u00fcr moderne Interieurs, die Stil und Funktionalit\u00e4t vereinen. Erleben Sie zeitlose Eleganz in Ihrem Zuhause mit der exklusiven M\u00f6belkollektion Kal.<\/p>","protected":false},"excerpt":{"rendered":"<table>\n<tbody>\n<tr>\n<td width=\"110\"><\/td>\n<td width=\"300\"><\/td>\n<\/tr>\n<tr>\n<td width=\"110\">Material:<\/td>\n<td width=\"300\">Langlebiges Hartholz + Metall<\/td>\n<\/tr>\n<tr>\n<td width=\"110\">Farbe:<\/td>\n<td width=\"300\">Schwarz<\/td>\n<\/tr>\n<tr>\n<td width=\"110\">Verarbeitung:<\/td>\n<td width=\"300\">Schwarzer Finish<\/td>\n<\/tr>\n<\/tbody>\n<\/table>\n<p>&nbsp;<\/p>","protected":false},"featured_media":513428,"template":"","meta":{"_seopress_robots_primary_cat":"none","_seopress_titles_title":"Kal 120Z | moderne zwarte boekenkast met legplanken","_seopress_titles_desc":"Moderne zwarte boekenkast met legplanken en deuren. Deze moderne zwarte boekenkast typeert zich door de minimalistische stijl.","_seopress_robots_index":""},"product_brand":[],"product_cat":[90,47,39,132],"product_tag":[52,78,44,129],"class_list":{"0":"post-513699","1":"product","2":"type-product","3":"status-publish","4":"has-post-thumbnail","6":"product_cat-boekenkast","7":"product_cat-buffetkast","8":"product_cat-kasten","9":"product_cat-wandkast","10":"product_tag-design-meubelen","11":"product_tag-metaal","12":"product_tag-moderne-meubels","13":"product_tag-zwarte-finish","15":"first","16":"instock","17":"taxable","18":"shipping-taxable","19":"purchasable","20":"product-type-variable"},"_links":{"self":[{"href":"https:\/\/2furn.be\/de\/wp-json\/wp\/v2\/product\/513699","targetHints":{"allow":["GET"]}}],"collection":[{"href":"https:\/\/2furn.be\/de\/wp-json\/wp\/v2\/product"}],"about":[{"href":"https:\/\/2furn.be\/de\/wp-json\/wp\/v2\/types\/product"}],"version-history":[{"count":0,"href":"https:\/\/2furn.be\/de\/wp-json\/wp\/v2\/product\/513699\/revisions"}],"wp:featuredmedia":[{"embeddable":true,"href":"https:\/\/2furn.be\/de\/wp-json\/wp\/v2\/media\/513428"}],"wp:attachment":[{"href":"https:\/\/2furn.be\/de\/wp-json\/wp\/v2\/media?parent=513699"}],"wp:term":[{"taxonomy":"product_brand","embeddable":true,"href":"https:\/\/2furn.be\/de\/wp-json\/wp\/v2\/product_brand?post=513699"},{"taxonomy":"product_cat","embeddable":true,"href":"https:\/\/2furn.be\/de\/wp-json\/wp\/v2\/product_cat?post=513699"},{"taxonomy":"product_tag","embeddable":true,"href":"https:\/\/2furn.be\/de\/wp-json\/wp\/v2\/product_tag?post=513699"}],"curies":[{"name":"wp","href":"https:\/\/api.w.org\/{rel}","templated":true}]}}