{"id":513303,"date":"2025-06-05T16:15:17","date_gmt":"2025-06-05T14:15:17","guid":{"rendered":"https:\/\/2furn.be\/?post_type=product&#038;p=513303"},"modified":"2026-04-22T00:00:29","modified_gmt":"2026-04-21T22:00:29","slug":"nov-tvxxxfl","status":"publish","type":"product","link":"https:\/\/2furn.be\/de\/product\/nov-tvxxxfl\/","title":{"rendered":"Nov TV140-220FL"},"content":{"rendered":"<p>Der Nov TV140-220FL ist ein trendiger, schwebender TV-Schrank mit einer raffinierten Eichenoptik. Dieser moderne TV-Schrank hat abgerundete Seiten und Fl\u00fcgelt\u00fcren. Dieser trendige, schwebende TV-Schrank zeichnet sich durch seine eleganten, abgerundeten Linien und die Eichenoptik in einer nat\u00fcrlichen Eichenfarbe aus. Der Schrank schwebt und muss an der Wand befestigt werden. Dieses M\u00f6belst\u00fcck besteht aus 1 Teil.<span class=\"Apple-converted-space\">\u00a0<\/span><\/p>\n<p>Die Serie Nov ist in einem hellen Finish und mit Eichenfurnierstruktur ausgef\u00fchrt. Ideal f\u00fcr trendige Innenr\u00e4ume, die Stil und Funktionalit\u00e4t vereinen. Erleben Sie zeitloses Design und klare Linien mit der trendigen M\u00f6belkollektion Nov.<\/p>","protected":false},"excerpt":{"rendered":"<table>\n<tbody>\n<tr>\n<td width=\"110\"><\/td>\n<td width=\"300\"><\/td>\n<\/tr>\n<tr>\n<td width=\"110\">Material:<\/td>\n<td width=\"300\">Eiche Furnier<\/td>\n<\/tr>\n<tr>\n<td width=\"110\">Farbe:<\/td>\n<td width=\"300\">Braun (hell)<\/td>\n<\/tr>\n<tr>\n<td width=\"110\">Verarbeitung:<\/td>\n<td width=\"300\">Leichte Finish<\/td>\n<\/tr>\n<\/tbody>\n<\/table>\n<p>&nbsp;<\/p>","protected":false},"featured_media":513321,"template":"","meta":{"_seopress_robots_primary_cat":"none","_seopress_titles_title":"Nov TV140-220FK | trendy zwevend Tv-meubel, eikenhout","_seopress_titles_desc":"Trendy zwevend Tv-meubel met een verfijnde, eikenhouten uitstraling. Dit modern Tv-meubel zweeft en hangt aan de muur.","_seopress_robots_index":""},"product_brand":[],"product_cat":[68],"product_tag":[52,126,44],"class_list":{"0":"post-513303","1":"product","2":"type-product","3":"status-publish","4":"has-post-thumbnail","6":"product_cat-tv-meubels","7":"product_tag-design-meubelen","8":"product_tag-lichte-finish","9":"product_tag-moderne-meubels","11":"first","12":"instock","13":"taxable","14":"shipping-taxable","15":"purchasable","16":"product-type-variable"},"_links":{"self":[{"href":"https:\/\/2furn.be\/de\/wp-json\/wp\/v2\/product\/513303","targetHints":{"allow":["GET"]}}],"collection":[{"href":"https:\/\/2furn.be\/de\/wp-json\/wp\/v2\/product"}],"about":[{"href":"https:\/\/2furn.be\/de\/wp-json\/wp\/v2\/types\/product"}],"version-history":[{"count":1,"href":"https:\/\/2furn.be\/de\/wp-json\/wp\/v2\/product\/513303\/revisions"}],"predecessor-version":[{"id":513324,"href":"https:\/\/2furn.be\/de\/wp-json\/wp\/v2\/product\/513303\/revisions\/513324"}],"wp:featuredmedia":[{"embeddable":true,"href":"https:\/\/2furn.be\/de\/wp-json\/wp\/v2\/media\/513321"}],"wp:attachment":[{"href":"https:\/\/2furn.be\/de\/wp-json\/wp\/v2\/media?parent=513303"}],"wp:term":[{"taxonomy":"product_brand","embeddable":true,"href":"https:\/\/2furn.be\/de\/wp-json\/wp\/v2\/product_brand?post=513303"},{"taxonomy":"product_cat","embeddable":true,"href":"https:\/\/2furn.be\/de\/wp-json\/wp\/v2\/product_cat?post=513303"},{"taxonomy":"product_tag","embeddable":true,"href":"https:\/\/2furn.be\/de\/wp-json\/wp\/v2\/product_tag?post=513303"}],"curies":[{"name":"wp","href":"https:\/\/api.w.org\/{rel}","templated":true}]}}