{"id":513263,"date":"2025-06-03T16:48:41","date_gmt":"2025-06-03T14:48:41","guid":{"rendered":"https:\/\/2furn.be\/?post_type=product&#038;p=513263"},"modified":"2026-04-23T00:00:26","modified_gmt":"2026-04-22T22:00:26","slug":"pat-soxxx","status":"publish","type":"product","link":"https:\/\/2furn.be\/de\/product\/pat-soxxx\/","title":{"rendered":"Pat SO120"},"content":{"rendered":"<p>Der Pat SO120 ist ein beiger Couchtisch mit schickem, stilvollem Aussehen. Dieser trendige Tisch hat eine abgerundete Platte, ein trendiges Design und zeichnet sich durch stilvolle, konische Beine aus. Die Basis dieses beigen Couchtisches ist ein Holzbein.<span class=\"Apple-converted-space\">\u00a0<\/span><\/p>\n<p>Die Serie Pat ist in der Farbe Beige gehalten. Ideal f\u00fcr trendige Innenr\u00e4ume, die Stil und Funktionalit\u00e4t vereinen. Erleben Sie zeitloses Design und klare Linien mit der trendigen M\u00f6belkollektion Pat.<\/p>","protected":false},"excerpt":{"rendered":"<table>\n<tbody>\n<tr>\n<td width=\"110\"><\/td>\n<td width=\"300\"><\/td>\n<\/tr>\n<tr>\n<td width=\"110\">Material:<\/td>\n<td width=\"300\">Nachhaltiges Hartholz<\/td>\n<\/tr>\n<tr>\n<td width=\"110\">Farbe:<\/td>\n<td width=\"300\">Beige<\/td>\n<\/tr>\n<tr>\n<td width=\"110\">Verarbeitung:<\/td>\n<td width=\"300\">Beige Ausf\u00fchrung<\/td>\n<\/tr>\n<\/tbody>\n<\/table>","protected":false},"featured_media":513223,"template":"","meta":{"_seopress_robots_primary_cat":"none","_seopress_titles_title":"Pat SO120 | beige salontafel, chique & stijlvol","_seopress_titles_desc":"Beige salontafel met chique, stijlvolle uitstraling. Deze trendy tafel is uitgevoerd met een afgerond blad, trendy design en  stijlvolle conische poot","_seopress_robots_index":""},"product_brand":[],"product_cat":[62,54],"product_tag":[131,43,44,125],"class_list":{"0":"post-513263","1":"product","2":"type-product","3":"status-publish","4":"has-post-thumbnail","6":"product_cat-salontafel","7":"product_cat-tafels","8":"product_tag-beige-finish","9":"product_tag-landelijke-meubels","10":"product_tag-moderne-meubels","11":"product_tag-retro-meubelen","13":"first","14":"onbackorder","15":"taxable","16":"shipping-taxable","17":"purchasable","18":"product-type-variable"},"_links":{"self":[{"href":"https:\/\/2furn.be\/de\/wp-json\/wp\/v2\/product\/513263","targetHints":{"allow":["GET"]}}],"collection":[{"href":"https:\/\/2furn.be\/de\/wp-json\/wp\/v2\/product"}],"about":[{"href":"https:\/\/2furn.be\/de\/wp-json\/wp\/v2\/types\/product"}],"version-history":[{"count":0,"href":"https:\/\/2furn.be\/de\/wp-json\/wp\/v2\/product\/513263\/revisions"}],"wp:featuredmedia":[{"embeddable":true,"href":"https:\/\/2furn.be\/de\/wp-json\/wp\/v2\/media\/513223"}],"wp:attachment":[{"href":"https:\/\/2furn.be\/de\/wp-json\/wp\/v2\/media?parent=513263"}],"wp:term":[{"taxonomy":"product_brand","embeddable":true,"href":"https:\/\/2furn.be\/de\/wp-json\/wp\/v2\/product_brand?post=513263"},{"taxonomy":"product_cat","embeddable":true,"href":"https:\/\/2furn.be\/de\/wp-json\/wp\/v2\/product_cat?post=513263"},{"taxonomy":"product_tag","embeddable":true,"href":"https:\/\/2furn.be\/de\/wp-json\/wp\/v2\/product_tag?post=513263"}],"curies":[{"name":"wp","href":"https:\/\/api.w.org\/{rel}","templated":true}]}}