{"id":513198,"date":"2025-06-03T16:08:22","date_gmt":"2025-06-03T14:08:22","guid":{"rendered":"https:\/\/2furn.be\/?post_type=product&#038;p=513198"},"modified":"2026-04-25T00:00:26","modified_gmt":"2026-04-24T22:00:26","slug":"jes-sxxxz","status":"publish","type":"product","link":"https:\/\/2furn.be\/de\/product\/jes-sxxxz\/","title":{"rendered":"Jes S120Z"},"content":{"rendered":"<p>Der Jes S120Z ist ein schwarzer Designer-Couchtisch aus robustem Hartholz mit Metallbein. Dieser Couchtisch kommt mit einem Spinnenbein und einer ovalen Platte im d\u00e4nischen Design. Die Basis dieses schwarzen Designer-Couchtisch ist ein Metall Spinne Bein \/ Matrix Bein.<span class=\"Apple-converted-space\">\u00a0<\/span><\/p>\n<p>Die Serie Jes ist schwarz lackiert. Ideal f\u00fcr moderne Interieurs, die Stil und Funktionalit\u00e4t vereinen. Erleben Sie zeitlose Eleganz in Ihrem Zuhause mit der exklusiven Jes-M\u00f6belkollektion.<\/p>","protected":false},"excerpt":{"rendered":"<table>\n<tbody>\n<tr>\n<td width=\"110\"><\/td>\n<td width=\"300\"><\/td>\n<\/tr>\n<tr>\n<td width=\"110\">Material:<\/td>\n<td width=\"300\">Nachhaltiges Hartholz<\/td>\n<\/tr>\n<tr>\n<td width=\"110\">Farbe:<\/td>\n<td width=\"300\">Schwarz<\/td>\n<\/tr>\n<tr>\n<td width=\"110\">Verarbeitung:<\/td>\n<td width=\"300\">Schwarzer Finish<\/td>\n<\/tr>\n<\/tbody>\n<\/table>","protected":false},"featured_media":513185,"template":"","meta":{"_seopress_robots_primary_cat":"none","_seopress_titles_title":"Jes S120Z | zwarte design salontafel met metalen poot","_seopress_titles_desc":"Zwarte design salontafel in duurzaam hardhout met metalen poot. Deze salontafel is uitgevoerd met een spinpoot en Deens design ovaal blad.","_seopress_robots_index":""},"product_brand":[],"product_cat":[62,54],"product_tag":[52,78,44,129],"class_list":{"0":"post-513198","1":"product","2":"type-product","3":"status-publish","4":"has-post-thumbnail","6":"product_cat-salontafel","7":"product_cat-tafels","8":"product_tag-design-meubelen","9":"product_tag-metaal","10":"product_tag-moderne-meubels","11":"product_tag-zwarte-finish","13":"first","14":"instock","15":"taxable","16":"shipping-taxable","17":"purchasable","18":"product-type-variable"},"_links":{"self":[{"href":"https:\/\/2furn.be\/de\/wp-json\/wp\/v2\/product\/513198","targetHints":{"allow":["GET"]}}],"collection":[{"href":"https:\/\/2furn.be\/de\/wp-json\/wp\/v2\/product"}],"about":[{"href":"https:\/\/2furn.be\/de\/wp-json\/wp\/v2\/types\/product"}],"version-history":[{"count":0,"href":"https:\/\/2furn.be\/de\/wp-json\/wp\/v2\/product\/513198\/revisions"}],"wp:featuredmedia":[{"embeddable":true,"href":"https:\/\/2furn.be\/de\/wp-json\/wp\/v2\/media\/513185"}],"wp:attachment":[{"href":"https:\/\/2furn.be\/de\/wp-json\/wp\/v2\/media?parent=513198"}],"wp:term":[{"taxonomy":"product_brand","embeddable":true,"href":"https:\/\/2furn.be\/de\/wp-json\/wp\/v2\/product_brand?post=513198"},{"taxonomy":"product_cat","embeddable":true,"href":"https:\/\/2furn.be\/de\/wp-json\/wp\/v2\/product_cat?post=513198"},{"taxonomy":"product_tag","embeddable":true,"href":"https:\/\/2furn.be\/de\/wp-json\/wp\/v2\/product_tag?post=513198"}],"curies":[{"name":"wp","href":"https:\/\/api.w.org\/{rel}","templated":true}]}}