{"id":513168,"date":"2025-06-03T15:59:08","date_gmt":"2025-06-03T13:59:08","guid":{"rendered":"https:\/\/2furn.be\/?post_type=product&#038;p=513168"},"modified":"2026-04-25T00:00:27","modified_gmt":"2026-04-24T22:00:27","slug":"nov-soxxxe","status":"publish","type":"product","link":"https:\/\/2furn.be\/de\/product\/nov-soxxxe\/","title":{"rendered":"Nov SO120E"},"content":{"rendered":"<p>Der Nov SO120E ist ein trendiger dunkelbrauner Couchtisch in raffinierter Eichenoptik. Dieser moderne Tisch mit einer ovalen Holzplatte zeichnet sich durch seine Eichenoptik und sein ovales Untergestell aus. Die Basis dieses eleganten Couchtisches ist ein Holzbein.<span class=\"Apple-converted-space\">\u00a0<\/span><\/p>\n<p>Die Serie Nov ist in einem Espresso-Finish gehalten und weist eine Eichenfurnierstruktur auf. Ideal f\u00fcr trendige Innenr\u00e4ume, die Stil und Funktionalit\u00e4t vereinen. Erleben Sie zeitloses Design und klare Linien mit der trendigen M\u00f6belkollektion Nov.<\/p>","protected":false},"excerpt":{"rendered":"<table>\n<tbody>\n<tr>\n<td width=\"110\"><\/td>\n<td width=\"300\"><\/td>\n<\/tr>\n<tr>\n<td width=\"110\">Material:<\/td>\n<td width=\"300\">Nachhaltiges Hartholz<\/td>\n<\/tr>\n<tr>\n<td width=\"110\">Farbe:<\/td>\n<td width=\"300\">Braun (Dunkel)<\/td>\n<\/tr>\n<tr>\n<td width=\"110\">Verarbeitung:<\/td>\n<td width=\"300\">Espresso-Finish<\/td>\n<\/tr>\n<\/tbody>\n<\/table>","protected":false},"featured_media":513170,"template":"","meta":{"_seopress_robots_primary_cat":"none","_seopress_titles_title":"Nov SO120E | trendy donkerbruine salontafel, eikenhouten uitstraling","_seopress_titles_desc":"Trendy donkerbruine salontafel met een verfijnde, eikenhouten uitstraling. Deze tafel is uitgevoerd met een ovaal houten blad en ovale onderstel.","_seopress_robots_index":""},"product_brand":[],"product_cat":[62,54],"product_tag":[52,130,44],"class_list":{"0":"post-513168","1":"product","2":"type-product","3":"status-publish","4":"has-post-thumbnail","6":"product_cat-salontafel","7":"product_cat-tafels","8":"product_tag-design-meubelen","9":"product_tag-espresso-finish","10":"product_tag-moderne-meubels","12":"first","13":"instock","14":"taxable","15":"shipping-taxable","16":"purchasable","17":"product-type-variable"},"_links":{"self":[{"href":"https:\/\/2furn.be\/de\/wp-json\/wp\/v2\/product\/513168","targetHints":{"allow":["GET"]}}],"collection":[{"href":"https:\/\/2furn.be\/de\/wp-json\/wp\/v2\/product"}],"about":[{"href":"https:\/\/2furn.be\/de\/wp-json\/wp\/v2\/types\/product"}],"version-history":[{"count":0,"href":"https:\/\/2furn.be\/de\/wp-json\/wp\/v2\/product\/513168\/revisions"}],"wp:featuredmedia":[{"embeddable":true,"href":"https:\/\/2furn.be\/de\/wp-json\/wp\/v2\/media\/513170"}],"wp:attachment":[{"href":"https:\/\/2furn.be\/de\/wp-json\/wp\/v2\/media?parent=513168"}],"wp:term":[{"taxonomy":"product_brand","embeddable":true,"href":"https:\/\/2furn.be\/de\/wp-json\/wp\/v2\/product_brand?post=513168"},{"taxonomy":"product_cat","embeddable":true,"href":"https:\/\/2furn.be\/de\/wp-json\/wp\/v2\/product_cat?post=513168"},{"taxonomy":"product_tag","embeddable":true,"href":"https:\/\/2furn.be\/de\/wp-json\/wp\/v2\/product_tag?post=513168"}],"curies":[{"name":"wp","href":"https:\/\/api.w.org\/{rel}","templated":true}]}}