{"id":513071,"date":"2025-06-02T21:06:00","date_gmt":"2025-06-02T19:06:00","guid":{"rendered":"https:\/\/2furn.be\/?post_type=product&#038;p=513071"},"modified":"2026-04-22T00:00:27","modified_gmt":"2026-04-21T22:00:27","slug":"sal-trxxx","status":"publish","type":"product","link":"https:\/\/2furn.be\/de\/product\/sal-trxxx\/","title":{"rendered":"Sal TR130"},"content":{"rendered":"<p>Der Sal TR130 ist ein runder Esstisch mit schickem Lattenrost. Dieser Tisch hat eine runde Platte, ein trendiges Design und zeichnet sich durch stilvolle, konische Beine aus. Die Basis dieses eleganten Esstisches ist ein Holzbein.<span class=\"Apple-converted-space\">\u00a0<\/span><\/p>\n<p>Die Serie Sal ist in einem hellen Farbton gehalten. Ideal f\u00fcr trendige Interieurs, die Stil und Funktionalit\u00e4t vereinen. Erleben Sie zeitlose Eleganz in Ihrem Zuhause mit der exklusiven M\u00f6belkollektion Sal.<\/p>","protected":false},"excerpt":{"rendered":"<table>\n<tbody>\n<tr>\n<td width=\"110\"><\/td>\n<td width=\"300\"><\/td>\n<\/tr>\n<tr>\n<td width=\"110\">Material:<\/td>\n<td width=\"300\">Nachhaltiges Hartholz<\/td>\n<\/tr>\n<tr>\n<td width=\"110\">Farbe:<\/td>\n<td width=\"300\">Braun (hell)<\/td>\n<\/tr>\n<tr>\n<td width=\"110\">Verarbeitung:<\/td>\n<td width=\"300\">Leichte Finish<\/td>\n<\/tr>\n<\/tbody>\n<\/table>","protected":false},"featured_media":513084,"template":"","meta":{"_seopress_robots_primary_cat":"none","_seopress_titles_title":"Sal TR130 | ronde eettafel, chique onderstel met latjes","_seopress_titles_desc":"Ronde eettafel met een chique onderstel met latjes. Deze tafel is uitgevoerd met een rond blad, trendy design en stijlvolle conische poot.","_seopress_robots_index":""},"product_brand":[],"product_cat":[55,54],"product_tag":[52,126,44],"class_list":{"0":"post-513071","1":"product","2":"type-product","3":"status-publish","4":"has-post-thumbnail","6":"product_cat-eettafel","7":"product_cat-tafels","8":"product_tag-design-meubelen","9":"product_tag-lichte-finish","10":"product_tag-moderne-meubels","12":"first","13":"instock","14":"taxable","15":"shipping-taxable","16":"purchasable","17":"product-type-variable"},"_links":{"self":[{"href":"https:\/\/2furn.be\/de\/wp-json\/wp\/v2\/product\/513071","targetHints":{"allow":["GET"]}}],"collection":[{"href":"https:\/\/2furn.be\/de\/wp-json\/wp\/v2\/product"}],"about":[{"href":"https:\/\/2furn.be\/de\/wp-json\/wp\/v2\/types\/product"}],"version-history":[{"count":0,"href":"https:\/\/2furn.be\/de\/wp-json\/wp\/v2\/product\/513071\/revisions"}],"wp:featuredmedia":[{"embeddable":true,"href":"https:\/\/2furn.be\/de\/wp-json\/wp\/v2\/media\/513084"}],"wp:attachment":[{"href":"https:\/\/2furn.be\/de\/wp-json\/wp\/v2\/media?parent=513071"}],"wp:term":[{"taxonomy":"product_brand","embeddable":true,"href":"https:\/\/2furn.be\/de\/wp-json\/wp\/v2\/product_brand?post=513071"},{"taxonomy":"product_cat","embeddable":true,"href":"https:\/\/2furn.be\/de\/wp-json\/wp\/v2\/product_cat?post=513071"},{"taxonomy":"product_tag","embeddable":true,"href":"https:\/\/2furn.be\/de\/wp-json\/wp\/v2\/product_tag?post=513071"}],"curies":[{"name":"wp","href":"https:\/\/api.w.org\/{rel}","templated":true}]}}