{"id":513061,"date":"2025-06-02T21:00:59","date_gmt":"2025-06-02T19:00:59","guid":{"rendered":"https:\/\/2furn.be\/?post_type=product&#038;p=513061"},"modified":"2026-04-22T00:00:26","modified_gmt":"2026-04-21T22:00:26","slug":"roc-trxxx","status":"publish","type":"product","link":"https:\/\/2furn.be\/de\/product\/roc-trxxx\/","title":{"rendered":"Roc TR120-150"},"content":{"rendered":"<p>Der Roc TR120-150 ist ein nat\u00fcrlicher runder Designer-Esstisch aus robustem Hartholz mit Metallbein. Dieser Tisch hat ein Spinnenbein und eine runde Platte. Die Basis dieses nat\u00fcrlichen runden Design-Esstisch ist ein Metall Spinne Bein \/ Matrix Bein.<span class=\"Apple-converted-space\">\u00a0<\/span><\/p>\n<p>Die Serie Roc ist in einem hellen Farbton gehalten. Ideal f\u00fcr moderne Interieurs, die Stil und Funktionalit\u00e4t verbinden. Erleben Sie zeitlose Eleganz in Ihrem Zuhause mit der exklusiven M\u00f6belkollektion Roc.<\/p>","protected":false},"excerpt":{"rendered":"<table>\n<tbody>\n<tr>\n<td width=\"110\"><\/td>\n<td width=\"300\"><\/td>\n<\/tr>\n<tr>\n<td width=\"110\">Material:<\/td>\n<td width=\"300\">Langlebiges Hartholz + Metall<\/td>\n<\/tr>\n<tr>\n<td width=\"110\">Farbe:<\/td>\n<td width=\"300\">Braun (hell)<\/td>\n<\/tr>\n<tr>\n<td width=\"110\">Verarbeitung:<\/td>\n<td width=\"300\">Leichte Finish<\/td>\n<\/tr>\n<\/tbody>\n<\/table>","protected":false},"featured_media":513066,"template":"","meta":{"_seopress_robots_primary_cat":"none","_seopress_titles_title":"Roc TR120-150 | naturel ronde design eettafel","_seopress_titles_desc":"Naturel ronde design eettafel in duurzaam hardhout met metalen poot. Deze tafel is uitgevoerd met een spinpoot en rond blad.","_seopress_robots_index":""},"product_brand":[],"product_cat":[55,54],"product_tag":[52,126,78,44],"class_list":{"0":"post-513061","1":"product","2":"type-product","3":"status-publish","4":"has-post-thumbnail","6":"product_cat-eettafel","7":"product_cat-tafels","8":"product_tag-design-meubelen","9":"product_tag-lichte-finish","10":"product_tag-metaal","11":"product_tag-moderne-meubels","13":"first","14":"instock","15":"taxable","16":"shipping-taxable","17":"purchasable","18":"product-type-variable"},"_links":{"self":[{"href":"https:\/\/2furn.be\/de\/wp-json\/wp\/v2\/product\/513061","targetHints":{"allow":["GET"]}}],"collection":[{"href":"https:\/\/2furn.be\/de\/wp-json\/wp\/v2\/product"}],"about":[{"href":"https:\/\/2furn.be\/de\/wp-json\/wp\/v2\/types\/product"}],"version-history":[{"count":0,"href":"https:\/\/2furn.be\/de\/wp-json\/wp\/v2\/product\/513061\/revisions"}],"wp:featuredmedia":[{"embeddable":true,"href":"https:\/\/2furn.be\/de\/wp-json\/wp\/v2\/media\/513066"}],"wp:attachment":[{"href":"https:\/\/2furn.be\/de\/wp-json\/wp\/v2\/media?parent=513061"}],"wp:term":[{"taxonomy":"product_brand","embeddable":true,"href":"https:\/\/2furn.be\/de\/wp-json\/wp\/v2\/product_brand?post=513061"},{"taxonomy":"product_cat","embeddable":true,"href":"https:\/\/2furn.be\/de\/wp-json\/wp\/v2\/product_cat?post=513061"},{"taxonomy":"product_tag","embeddable":true,"href":"https:\/\/2furn.be\/de\/wp-json\/wp\/v2\/product_tag?post=513061"}],"curies":[{"name":"wp","href":"https:\/\/api.w.org\/{rel}","templated":true}]}}